{"id":4105,"date":"2026-04-13T17:42:34","date_gmt":"2026-04-13T17:42:34","guid":{"rendered":"https:\/\/falvarapet.com\/urun\/vitakraft-1000-gram-menu-vital-premiumtavsan-yemi\/"},"modified":"2026-04-13T18:02:15","modified_gmt":"2026-04-13T18:02:15","slug":"vitakraft-1000-gram-menu-vital-premiumtavsan-yemi","status":"publish","type":"product","link":"https:\/\/falvarapet.com\/en\/product\/vitakraft-1000-gram-menu-vital-premiumtavsan-yemi\/","title":{"rendered":"Vitakraft 1000 Gram Menu Vital PremiumTav\u015fan Yemi"},"content":{"rendered":"<p>Vitakraft Menu Vital Complex, Tav\u015fanlar i\u00e7in \u00f6zenle haz\u0131rlanm\u0131\u015f son derece zengin ve y\u00fcksek kalitede i\u00e7eri\u011fe sahip, sa\u011fl\u0131kl\u0131 beslenme al\u0131\u015fkanl\u0131\u011f\u0131n\u0131 tam desteklemek i\u00e7in \u00fcretilmi\u015f kar\u0131\u015f\u0131k i\u00e7erikli temel yemdir.\u00a0<\/p>\n<p>Vitakraft Menu, \u00f6zenle se\u00e7ilmi\u015f muhteviyat\u0131 sayesinde, son derece lezzetli ve besleyicidir. \u0130\u00e7eri\u011findeki dengeli vitamin ve mineraller sayesinde ba\u011f\u0131\u015f\u0131kl\u0131k sistemini g\u00fc\u00e7lendirirken hastal\u0131klara kar\u015f\u0131 diren\u00e7li olunmas\u0131na yard\u0131mc\u0131 olur. Ayr\u0131ca i\u00e7eri\u011finin prebiyotik ( prebiotic ) etki g\u00f6stermesi, sindirime ba\u011fl\u0131 sorunlar\u0131 ortadan kald\u0131rmaya ve daha sa\u011fl\u0131k bir sindirim sistemine sahip olunmas\u0131n\u0131 destekler.\u00a0<\/p>\n<p>\u0130\u00e7eri\u011fi;<br \/>\nTah\u0131llar, tohumlar, sebzeler, bitkiler ve \u00e7e\u015fitli ya\u011flar.<\/p>","protected":false},"excerpt":{"rendered":"<p>Vitakraft Menu Vital Complex, Tav\u015fanlar i\u00e7in \u00f6zenle haz\u0131rlanm\u0131\u015f son derece zengin ve y\u00fcksek kalitede i\u00e7eri\u011fe sahip, sa\u011fl\u0131kl\u0131 beslenme al\u0131\u015fkanl\u0131\u011f\u0131n\u0131 tam desteklemek i\u00e7in \u00fcretilmi\u015f kar\u0131\u015f\u0131k i\u00e7erikli temel yemdir.\u00a0 Vitakraft Menu, \u00f6zenle se\u00e7ilmi\u015f muhteviyat\u0131 sayesinde, son derece lezzetli ve besleyicidir. \u0130\u00e7eri\u011findeki dengeli vitamin ve mineraller sayesinde ba\u011f\u0131\u015f\u0131kl\u0131k sistemini g\u00fc\u00e7lendirirken hastal\u0131klara kar\u015f\u0131 diren\u00e7li olunmas\u0131na yard\u0131mc\u0131 olur. Ayr\u0131ca i\u00e7eri\u011finin [&hellip;]<\/p>","protected":false},"featured_media":4106,"comment_status":"open","ping_status":"closed","template":"","meta":[],"pwb-brand":[],"product_brand":[],"product_cat":[48],"product_tag":[],"class_list":{"0":"post-4105","1":"product","2":"type-product","3":"status-publish","4":"has-post-thumbnail","6":"product_cat-kemirgen","8":"first","9":"instock","10":"taxable","11":"shipping-taxable","12":"purchasable","13":"product-type-simple"},"brands":[],"_links":{"self":[{"href":"https:\/\/falvarapet.com\/en\/wp-json\/wp\/v2\/product\/4105","targetHints":{"allow":["GET"]}}],"collection":[{"href":"https:\/\/falvarapet.com\/en\/wp-json\/wp\/v2\/product"}],"about":[{"href":"https:\/\/falvarapet.com\/en\/wp-json\/wp\/v2\/types\/product"}],"replies":[{"embeddable":true,"href":"https:\/\/falvarapet.com\/en\/wp-json\/wp\/v2\/comments?post=4105"}],"wp:featuredmedia":[{"embeddable":true,"href":"https:\/\/falvarapet.com\/en\/wp-json\/wp\/v2\/media\/4106"}],"wp:attachment":[{"href":"https:\/\/falvarapet.com\/en\/wp-json\/wp\/v2\/media?parent=4105"}],"wp:term":[{"taxonomy":"pwb-brand","embeddable":true,"href":"https:\/\/falvarapet.com\/en\/wp-json\/wp\/v2\/pwb-brand?post=4105"},{"taxonomy":"product_brand","embeddable":true,"href":"https:\/\/falvarapet.com\/en\/wp-json\/wp\/v2\/product_brand?post=4105"},{"taxonomy":"product_cat","embeddable":true,"href":"https:\/\/falvarapet.com\/en\/wp-json\/wp\/v2\/product_cat?post=4105"},{"taxonomy":"product_tag","embeddable":true,"href":"https:\/\/falvarapet.com\/en\/wp-json\/wp\/v2\/product_tag?post=4105"}],"curies":[{"name":"wp","href":"https:\/\/api.w.org\/{rel}","templated":true}]}}