{"id":4098,"date":"2026-04-08T15:27:27","date_gmt":"2026-04-08T15:27:27","guid":{"rendered":"https:\/\/falvarapet.com\/urun\/vitakraft-1000-gram-papagan-premium-menujodvital\/"},"modified":"2026-04-08T15:58:13","modified_gmt":"2026-04-08T15:58:13","slug":"vitakraft-1000-gram-papagan-premium-menujodvital","status":"publish","type":"product","link":"https:\/\/falvarapet.com\/en\/product\/vitakraft-1000-gram-papagan-premium-menujodvital\/","title":{"rendered":"Vitakraft 1000 Gram Papa\u011fan Premium Menu+Jodvital"},"content":{"rendered":"<p>Vitakraft Menu Jod Vital Complex,<\/p>\n<p>\u00d6zellikle Jako &#8211; Ara v.b. Gibi B\u00fcy\u00fck Irk Papa\u011fanlarda \u0130dealdir.<br \/>\nPapa\u011fanlar\u0131n ana vatan\u0131 olan\u00a0G\u00fcney Amerika\u00a0daki do\u011fal beslenme ihtiya\u00e7lar\u0131na uygun olarak\u00a0ke\u00e7i\u00a0mango, papaya\u00a0ve\u00a0muz gibi aromatik meyveler ile lezzetlendirilmi\u015f ve\u00a0en kaliteli\u00a0tohumlar ile\u00a0haz\u0131rlanm\u0131\u015f \u00f6zel bir yem. Veteriner hekimler ve uzman ku\u015f bilimciler taraf\u0131ndan geli\u015ftirilen do\u011fal kar\u0131\u015f\u0131m vitaminler, mineraller ve eser elementler gibi ku\u015flar\u0131n\u0131z i\u00e7in gerekli t\u00fcm besin maddelerini\u00a0i\u00e7ermektedir. \u00a0<\/p>\n<p>Vitakraft MENU + JOD VITAL COMPLEX \u2013 Premium Papa\u011fan Yemi\u00a0<br \/>\nT\u00fcr\u00fcne uygun i\u00e7eri\u011fi ile sa\u011fl\u0131kl\u0131 bir beslenme sa\u011flar. V\u00fccut savunmas\u0131n\u0131 g\u00fc\u00e7lendirecek olan vitamin ve mineraller i\u00e7erir. Eksiklik semptomlar\u0131n\u0131 \u00f6nlemek ve sa\u011fl\u0131kl\u0131 olmay\u0131 desteklemek i\u00e7in her y\u00f6nden dengelenmi\u015ftir.\u00a0<\/p>\n<p><b>Besleme Tavsiyesi<\/b>: T\u00fcketecek evcil hayvan ba\u015f\u0131na g\u00fcnde yakla\u015f\u0131k 40-50g (4-5 yemek ka\u015f\u0131\u011f\u0131) \u00fcr\u00fcn vermeniz tavsiye edilmektedir.\u00a0<\/p>","protected":false},"excerpt":{"rendered":"<p>Vitakraft Menu Jod Vital Complex, \u00d6zellikle Jako &#8211; Ara v.b. Gibi B\u00fcy\u00fck Irk Papa\u011fanlarda \u0130dealdir. Papa\u011fanlar\u0131n ana vatan\u0131 olan\u00a0G\u00fcney Amerika\u00a0daki do\u011fal beslenme ihtiya\u00e7lar\u0131na uygun olarak\u00a0ke\u00e7i\u00a0mango, papaya\u00a0ve\u00a0muz gibi aromatik meyveler ile lezzetlendirilmi\u015f ve\u00a0en kaliteli\u00a0tohumlar ile\u00a0haz\u0131rlanm\u0131\u015f \u00f6zel bir yem. Veteriner hekimler ve uzman ku\u015f bilimciler taraf\u0131ndan geli\u015ftirilen do\u011fal kar\u0131\u015f\u0131m vitaminler, mineraller ve eser elementler gibi ku\u015flar\u0131n\u0131z i\u00e7in [&hellip;]<\/p>","protected":false},"featured_media":4099,"comment_status":"open","ping_status":"closed","template":"","meta":[],"pwb-brand":[],"product_brand":[],"product_cat":[152],"product_tag":[],"class_list":{"0":"post-4098","1":"product","2":"type-product","3":"status-publish","4":"has-post-thumbnail","6":"product_cat-papagan-ve-paraket-yemleri","8":"first","9":"instock","10":"taxable","11":"shipping-taxable","12":"purchasable","13":"product-type-simple"},"brands":[],"_links":{"self":[{"href":"https:\/\/falvarapet.com\/en\/wp-json\/wp\/v2\/product\/4098","targetHints":{"allow":["GET"]}}],"collection":[{"href":"https:\/\/falvarapet.com\/en\/wp-json\/wp\/v2\/product"}],"about":[{"href":"https:\/\/falvarapet.com\/en\/wp-json\/wp\/v2\/types\/product"}],"replies":[{"embeddable":true,"href":"https:\/\/falvarapet.com\/en\/wp-json\/wp\/v2\/comments?post=4098"}],"wp:featuredmedia":[{"embeddable":true,"href":"https:\/\/falvarapet.com\/en\/wp-json\/wp\/v2\/media\/4099"}],"wp:attachment":[{"href":"https:\/\/falvarapet.com\/en\/wp-json\/wp\/v2\/media?parent=4098"}],"wp:term":[{"taxonomy":"pwb-brand","embeddable":true,"href":"https:\/\/falvarapet.com\/en\/wp-json\/wp\/v2\/pwb-brand?post=4098"},{"taxonomy":"product_brand","embeddable":true,"href":"https:\/\/falvarapet.com\/en\/wp-json\/wp\/v2\/product_brand?post=4098"},{"taxonomy":"product_cat","embeddable":true,"href":"https:\/\/falvarapet.com\/en\/wp-json\/wp\/v2\/product_cat?post=4098"},{"taxonomy":"product_tag","embeddable":true,"href":"https:\/\/falvarapet.com\/en\/wp-json\/wp\/v2\/product_tag?post=4098"}],"curies":[{"name":"wp","href":"https:\/\/api.w.org\/{rel}","templated":true}]}}