{"id":4081,"date":"2026-04-07T14:14:04","date_gmt":"2026-04-07T14:14:04","guid":{"rendered":"https:\/\/falvarapet.com\/urun\/vitakraft-1000gr-muhabbet-menu-premiumjod-vital\/"},"modified":"2026-04-07T14:34:12","modified_gmt":"2026-04-07T14:34:12","slug":"vitakraft-1000gr-muhabbet-menu-premiumjod-vital","status":"publish","type":"product","link":"https:\/\/falvarapet.com\/en\/product\/vitakraft-1000gr-muhabbet-menu-premiumjod-vital\/","title":{"rendered":"Vitakraft 1000Gr Muhabbet Menu Premium+Jod Vital"},"content":{"rendered":"<p>Muhabbet ku\u015flar\u0131 i\u00e7in do\u011fal ya\u015famlar\u0131nda severek yedikleri tohumlardan haz\u0131rlanm\u0131\u015f, genel sa\u011fl\u0131\u011f\u0131 destekleyen, \u00f6t\u00fc\u015f ve konu\u015fma performans\u0131n\u0131 art\u0131ran, kar\u0131\u015f\u0131k muhabbet yemidir.<\/p>\n<p>\u00d6zel i\u00e7eri\u011fi ile\u00a0performans\u0131 ve canl\u0131l\u0131\u011f\u0131 artt\u0131r\u0131r.<br \/>\n\u0130\u00e7eri\u011finde bulunan beta glukan hastal\u0131klara kar\u015f\u0131 direnci artt\u0131rarak, ba\u011f\u0131\u015f\u0131kl\u0131k sistemini g\u00fc\u00e7lendirir.<br \/>\n\u00d6zenle se\u00e7ilmi\u015f besinlerin, vitamin ve minerallerin dengeli kar\u0131\u015f\u0131m\u0131 sayesinde sa\u011fl\u0131kl\u0131 bir beslenme ve geli\u015fme sa\u011flar.<br \/>\nSindirim sisteminin sa\u011fl\u0131kl\u0131 \u00e7al\u0131\u015fmas\u0131na yard\u0131mc\u0131 olur.<br \/>\nKalsiyum i\u00e7eri\u011fi ile iskelet yap\u0131s\u0131n\u0131n sa\u011flam ve sa\u011fl\u0131kl\u0131 olmas\u0131n\u0131 sa\u011flar.<\/p>\n<p><b>Yemin \u0130\u00e7eri\u011fi;<\/b><br \/>\nBitki k\u00f6kenli t\u00fcrevleri (yonca, bu\u011fday, \u00e7i\u00e7ek, yulaf, kanola), hububat (bu\u011fday, m\u0131s\u0131r, yulaf, arpa), sebzeler (bezelye, havu\u00e7, soya), mineraller, ya\u011f, yuka \u00f6z\u00fc, tohumlar, mineraller.<\/p>","protected":false},"excerpt":{"rendered":"<p>Muhabbet ku\u015flar\u0131 i\u00e7in do\u011fal ya\u015famlar\u0131nda severek yedikleri tohumlardan haz\u0131rlanm\u0131\u015f, genel sa\u011fl\u0131\u011f\u0131 destekleyen, \u00f6t\u00fc\u015f ve konu\u015fma performans\u0131n\u0131 art\u0131ran, kar\u0131\u015f\u0131k muhabbet yemidir. \u00d6zel i\u00e7eri\u011fi ile\u00a0performans\u0131 ve canl\u0131l\u0131\u011f\u0131 artt\u0131r\u0131r. \u0130\u00e7eri\u011finde bulunan beta glukan hastal\u0131klara kar\u015f\u0131 direnci artt\u0131rarak, ba\u011f\u0131\u015f\u0131kl\u0131k sistemini g\u00fc\u00e7lendirir. \u00d6zenle se\u00e7ilmi\u015f besinlerin, vitamin ve minerallerin dengeli kar\u0131\u015f\u0131m\u0131 sayesinde sa\u011fl\u0131kl\u0131 bir beslenme ve geli\u015fme sa\u011flar. Sindirim sisteminin sa\u011fl\u0131kl\u0131 [&hellip;]<\/p>","protected":false},"featured_media":4082,"comment_status":"open","ping_status":"closed","template":"","meta":[],"pwb-brand":[],"product_brand":[],"product_cat":[151],"product_tag":[],"class_list":{"0":"post-4081","1":"product","2":"type-product","3":"status-publish","4":"has-post-thumbnail","6":"product_cat-muhabbet-yemleri","8":"first","9":"instock","10":"taxable","11":"shipping-taxable","12":"purchasable","13":"product-type-simple"},"brands":[],"_links":{"self":[{"href":"https:\/\/falvarapet.com\/en\/wp-json\/wp\/v2\/product\/4081","targetHints":{"allow":["GET"]}}],"collection":[{"href":"https:\/\/falvarapet.com\/en\/wp-json\/wp\/v2\/product"}],"about":[{"href":"https:\/\/falvarapet.com\/en\/wp-json\/wp\/v2\/types\/product"}],"replies":[{"embeddable":true,"href":"https:\/\/falvarapet.com\/en\/wp-json\/wp\/v2\/comments?post=4081"}],"wp:featuredmedia":[{"embeddable":true,"href":"https:\/\/falvarapet.com\/en\/wp-json\/wp\/v2\/media\/4082"}],"wp:attachment":[{"href":"https:\/\/falvarapet.com\/en\/wp-json\/wp\/v2\/media?parent=4081"}],"wp:term":[{"taxonomy":"pwb-brand","embeddable":true,"href":"https:\/\/falvarapet.com\/en\/wp-json\/wp\/v2\/pwb-brand?post=4081"},{"taxonomy":"product_brand","embeddable":true,"href":"https:\/\/falvarapet.com\/en\/wp-json\/wp\/v2\/product_brand?post=4081"},{"taxonomy":"product_cat","embeddable":true,"href":"https:\/\/falvarapet.com\/en\/wp-json\/wp\/v2\/product_cat?post=4081"},{"taxonomy":"product_tag","embeddable":true,"href":"https:\/\/falvarapet.com\/en\/wp-json\/wp\/v2\/product_tag?post=4081"}],"curies":[{"name":"wp","href":"https:\/\/api.w.org\/{rel}","templated":true}]}}