{"id":4038,"date":"2026-02-02T14:52:42","date_gmt":"2026-02-02T14:52:42","guid":{"rendered":"https:\/\/falvarapet.com\/urun\/aquamins-california-black-sand-1-5mm-bitki-kumu-10kg\/"},"modified":"2026-04-02T14:35:07","modified_gmt":"2026-04-02T14:35:07","slug":"aquamins-california-black-sand-1-5mm-bitki-kumu-10kg","status":"publish","type":"product","link":"https:\/\/falvarapet.com\/en\/product\/aquamins-california-black-sand-1-5mm-bitki-kumu-10kg\/","title":{"rendered":"Aquamins California Black Sand 1.5mm Bitki Kumu 10Kg"},"content":{"rendered":"<p><strong>Aquamins California Black Sand Bitki Kumu,<\/strong>\u00a0<\/p>\n<ul>\n<li style=\"margin-bottom:0cm;margin:0cm 0cm 0cm 36pt\"><span style=\"font-size:11pt\"><span style=\"line-height:107%\"><span style=\"font-family:Calibri,sans-serif\">Suya sal\u0131n\u0131m yapmayan tamamen do\u011fal bir kumdur. gH, kH ve pH de\u011ferlerinde de\u011fi\u015fikli\u011fe sebep olmaz. <\/span><\/span><\/span><\/li>\n<li style=\"margin-bottom:0cm;margin:0cm 0cm 0cm 36pt\"><span style=\"font-size:11pt\"><span style=\"line-height:107%\"><span style=\"font-family:Calibri,sans-serif\">Discus dahil her t\u00fcr tatl\u0131 su akvaryumunda kullan\u0131labilir. <\/span><\/span><\/span><\/li>\n<li style=\"margin-bottom:0cm;margin:0cm 0cm 0cm 36pt\"><span style=\"font-size:11pt\"><span style=\"line-height:107%\"><span style=\"font-family:Calibri,sans-serif\">Nitrifikasyon ve denitrifikasyon bakterileri i\u00e7in uygun ya\u015fam alanlar\u0131 olu\u015fturur ve suyun s\u00fcrekli olarak temiz kalmas\u0131na yard\u0131mc\u0131 olur. <\/span><\/span><\/span><\/li>\n<li style=\"margin-bottom:0cm;margin:0cm 0cm 0cm 36pt\"><span style=\"font-size:11pt\"><span style=\"line-height:107%\"><span style=\"font-family:Calibri,sans-serif\">Herhangi bir kimyasal i\u015flemden ge\u00e7memi\u015ftir, i\u00e7eri\u011finde sentetik madde yoktur. A\u011f\u0131r metal ve toksik madde i\u00e7ermez. <\/span><\/span><\/span><\/li>\n<li style=\"margin-bottom:0cm;margin:0cm 0cm 0cm 36pt\"><span style=\"font-size:11pt\"><span style=\"line-height:107%\"><span style=\"font-family:Calibri,sans-serif\">Yosun olu\u015fumuna neden olmaz. <\/span><\/span><\/span><\/li>\n<li style=\"margin-bottom:0cm;margin:0cm 0cm 0cm 36pt\"><span style=\"font-size:11pt\"><span style=\"line-height:107%\"><span style=\"font-family:Calibri,sans-serif\">Akvaryumda kullan\u0131lmas\u0131 i\u00e7in \u00f6zel olarak \u00fcretilmi\u015ftir. Kum taneleri k\u00f6\u015feli, sivri ve keskin de\u011fildir, bal\u0131klara ve akvaryum canl\u0131lar\u0131n\u0131 olumsuz etkilemez. <\/span><\/span><\/span><\/li>\n<li style=\"margin-bottom:0cm;margin:0cm 0cm 8pt 36pt\"><span style=\"font-size:11pt\"><span style=\"line-height:107%\"><span style=\"font-family:Calibri,sans-serif\">Kabuklu canl\u0131lar, karides ve vatoz t\u00fcrlerine hi\u00e7bir zarar\u0131 yoktur.<br \/>\n\tSuyun daha \u00e7abuk berrakla\u015fmas\u0131 i\u00e7in kullanmadan \u00f6nce durulanmas\u0131\u00a0tavsiye edilir.<\/span><\/span><\/span><\/li>\n<\/ul>","protected":false},"excerpt":{"rendered":"<p>Aquamins California Black Sand Bitki Kumu,\u00a0 Suya sal\u0131n\u0131m yapmayan tamamen do\u011fal bir kumdur. gH, kH ve pH de\u011ferlerinde de\u011fi\u015fikli\u011fe sebep olmaz. Discus dahil her t\u00fcr tatl\u0131 su akvaryumunda kullan\u0131labilir. Nitrifikasyon ve denitrifikasyon bakterileri i\u00e7in uygun ya\u015fam alanlar\u0131 olu\u015fturur ve suyun s\u00fcrekli olarak temiz kalmas\u0131na yard\u0131mc\u0131 olur. Herhangi bir kimyasal i\u015flemden ge\u00e7memi\u015ftir, i\u00e7eri\u011finde sentetik madde yoktur. [&hellip;]<\/p>","protected":false},"featured_media":4039,"comment_status":"open","ping_status":"closed","template":"","meta":[],"pwb-brand":[],"product_brand":[],"product_cat":[86],"product_tag":[],"class_list":{"0":"post-4038","1":"product","2":"type-product","3":"status-publish","4":"has-post-thumbnail","6":"product_cat-kumlar","8":"first","9":"instock","10":"taxable","11":"shipping-taxable","12":"purchasable","13":"product-type-simple"},"brands":[],"_links":{"self":[{"href":"https:\/\/falvarapet.com\/en\/wp-json\/wp\/v2\/product\/4038","targetHints":{"allow":["GET"]}}],"collection":[{"href":"https:\/\/falvarapet.com\/en\/wp-json\/wp\/v2\/product"}],"about":[{"href":"https:\/\/falvarapet.com\/en\/wp-json\/wp\/v2\/types\/product"}],"replies":[{"embeddable":true,"href":"https:\/\/falvarapet.com\/en\/wp-json\/wp\/v2\/comments?post=4038"}],"wp:featuredmedia":[{"embeddable":true,"href":"https:\/\/falvarapet.com\/en\/wp-json\/wp\/v2\/media\/4039"}],"wp:attachment":[{"href":"https:\/\/falvarapet.com\/en\/wp-json\/wp\/v2\/media?parent=4038"}],"wp:term":[{"taxonomy":"pwb-brand","embeddable":true,"href":"https:\/\/falvarapet.com\/en\/wp-json\/wp\/v2\/pwb-brand?post=4038"},{"taxonomy":"product_brand","embeddable":true,"href":"https:\/\/falvarapet.com\/en\/wp-json\/wp\/v2\/product_brand?post=4038"},{"taxonomy":"product_cat","embeddable":true,"href":"https:\/\/falvarapet.com\/en\/wp-json\/wp\/v2\/product_cat?post=4038"},{"taxonomy":"product_tag","embeddable":true,"href":"https:\/\/falvarapet.com\/en\/wp-json\/wp\/v2\/product_tag?post=4038"}],"curies":[{"name":"wp","href":"https:\/\/api.w.org\/{rel}","templated":true}]}}