{"id":4036,"date":"2025-12-30T14:22:45","date_gmt":"2025-12-30T14:22:45","guid":{"rendered":"https:\/\/falvarapet.com\/urun\/resun-af-2003-otomatik-yemleme-makinesi\/"},"modified":"2026-04-20T13:36:22","modified_gmt":"2026-04-20T13:36:22","slug":"resun-af-2003-otomatik-yemleme-makinesi","status":"publish","type":"product","link":"https:\/\/falvarapet.com\/en\/product\/resun-af-2003-otomatik-yemleme-makinesi\/","title":{"rendered":"Resun Af-2003 Otomatik Yemleme Makinesi"},"content":{"rendered":"<p>Resun Otomatik Yemleme Makinas\u0131, akvaryum bal\u0131klar\u0131n\u0131z\u0131n d\u00fczenli beslenmesini sa\u011flayan pratik ve g\u00fcvenilir bir \u00e7\u00f6z\u00fcmd\u00fcr.<\/p>\n<p>Zaman ayarlay\u0131c\u0131 \u00f6zelli\u011fi sayesinde bal\u0131klar\u0131n\u0131za belirli aral\u0131klarla otomatik olarak yem verir, b\u00f6ylece siz evde olmasan\u0131z bile bal\u0131klar\u0131n\u0131z\u0131n sa\u011fl\u0131kl\u0131 beslenmesi devam eder.<\/p>\n<p>Farkl\u0131 yem tipleriyle uyumlu olan bu cihaz, kolay kurulumu ve ayarlanabilir yem miktar\u0131 ile ideal bir yemleme yard\u0131mc\u0131d\u0131r.<\/p>\n<ul>\n<li>2 Sattte bir veya 24 Saatte bir yemleme yapar.<\/li>\n<li>Akvaryum cam\u0131na sabitleme aparat\u0131 mevcuttur.\u00a0<\/li>\n<li>2 adet kalem pil ile \u00e7al\u0131\u015fmaktad\u0131r.<\/li>\n<li>Yemleme \u015fekli 2 se\u00e7enektir.<\/li>\n<li>Pillerin ilk tak\u0131ld\u0131\u011f\u0131 andan itibaren se\u00e7ti\u011finiz yemleme se\u00e7ene\u011finde \u00e7al\u0131\u015fmaya ba\u015flar.<\/li>\n<li>1. Sadece 12 satte bir yemleme yapmaktad\u0131r.\u00a0<\/li>\n<li>2. Sadece 24 satte bir yemleme yapmaktad\u0131r.\u00a0<\/li>\n<li>Ayarlanan zamanlarda otomatik olarak akvaryuma yem b\u0131rak\u0131r.\u00a0<\/li>\n<li>Resun Otomatik Yemleme Makinesi;\u00a0gran\u00fcl, sticks ve pul yemler i\u00e7in uygundur.<\/li>\n<li>Makinan\u0131n \u00f6n k\u0131sm\u0131nda bulunan \u015feffaf yem deposu kesinlikle elle \u00e7evirilmemelidir.\u00a0<\/li>\n<\/ul>","protected":false},"excerpt":{"rendered":"<p>Resun Otomatik Yemleme Makinas\u0131, akvaryum bal\u0131klar\u0131n\u0131z\u0131n d\u00fczenli beslenmesini sa\u011flayan pratik ve g\u00fcvenilir bir \u00e7\u00f6z\u00fcmd\u00fcr. Zaman ayarlay\u0131c\u0131 \u00f6zelli\u011fi sayesinde bal\u0131klar\u0131n\u0131za belirli aral\u0131klarla otomatik olarak yem verir, b\u00f6ylece siz evde olmasan\u0131z bile bal\u0131klar\u0131n\u0131z\u0131n sa\u011fl\u0131kl\u0131 beslenmesi devam eder. Farkl\u0131 yem tipleriyle uyumlu olan bu cihaz, kolay kurulumu ve ayarlanabilir yem miktar\u0131 ile ideal bir yemleme yard\u0131mc\u0131d\u0131r. 2 Sattte [&hellip;]<\/p>","protected":false},"featured_media":4037,"comment_status":"open","ping_status":"closed","template":"","meta":[],"pwb-brand":[],"product_brand":[],"product_cat":[62],"product_tag":[],"class_list":{"0":"post-4036","1":"product","2":"type-product","3":"status-publish","4":"has-post-thumbnail","6":"product_cat-otomatik-yemleme-makineleri","8":"first","9":"instock","10":"taxable","11":"shipping-taxable","12":"purchasable","13":"product-type-simple"},"brands":[],"_links":{"self":[{"href":"https:\/\/falvarapet.com\/en\/wp-json\/wp\/v2\/product\/4036","targetHints":{"allow":["GET"]}}],"collection":[{"href":"https:\/\/falvarapet.com\/en\/wp-json\/wp\/v2\/product"}],"about":[{"href":"https:\/\/falvarapet.com\/en\/wp-json\/wp\/v2\/types\/product"}],"replies":[{"embeddable":true,"href":"https:\/\/falvarapet.com\/en\/wp-json\/wp\/v2\/comments?post=4036"}],"wp:featuredmedia":[{"embeddable":true,"href":"https:\/\/falvarapet.com\/en\/wp-json\/wp\/v2\/media\/4037"}],"wp:attachment":[{"href":"https:\/\/falvarapet.com\/en\/wp-json\/wp\/v2\/media?parent=4036"}],"wp:term":[{"taxonomy":"pwb-brand","embeddable":true,"href":"https:\/\/falvarapet.com\/en\/wp-json\/wp\/v2\/pwb-brand?post=4036"},{"taxonomy":"product_brand","embeddable":true,"href":"https:\/\/falvarapet.com\/en\/wp-json\/wp\/v2\/product_brand?post=4036"},{"taxonomy":"product_cat","embeddable":true,"href":"https:\/\/falvarapet.com\/en\/wp-json\/wp\/v2\/product_cat?post=4036"},{"taxonomy":"product_tag","embeddable":true,"href":"https:\/\/falvarapet.com\/en\/wp-json\/wp\/v2\/product_tag?post=4036"}],"curies":[{"name":"wp","href":"https:\/\/api.w.org\/{rel}","templated":true}]}}