{"id":4031,"date":"2025-12-28T09:46:34","date_gmt":"2025-12-28T09:46:34","guid":{"rendered":"https:\/\/falvarapet.com\/urun\/4-adet-voskes-cream-karisik-kedi-odulu-90gr\/"},"modified":"2026-02-04T15:22:18","modified_gmt":"2026-02-04T15:22:18","slug":"4-adet-voskes-cream-karisik-kedi-odulu-90gr","status":"publish","type":"product","link":"https:\/\/falvarapet.com\/en\/product\/4-adet-voskes-cream-karisik-kedi-odulu-90gr\/","title":{"rendered":"4 Adet Voskes Cream Kar\u0131\u015f\u0131k Kedi \u00d6d\u00fcl\u00fc 90gr"},"content":{"rendered":"<ul>\n<li style=\"margin:0cm 0cm 8pt\"><span style=\"font-size:11pt\"><span><span style=\"line-height:107%\"><span style=\"font-family:Calibri,sans-serif\">\u00d6\u011f\u00fcn aralar\u0131nda \u00f6d\u00fcl olarak veya ana \u00f6\u011f\u00fcn \u00fczerine lezzetlendirici olarak kullan\u0131labilen, kalorisi d\u00fc\u015f\u00fcr\u00fclm\u00fc\u015f krema \u015feklinde leziz at\u0131\u015ft\u0131rmal\u0131klar.<\/span><\/span><\/span><\/span><\/li>\n<li style=\"margin:0cm 0cm 8pt\"><span style=\"font-size:11pt\"><span><span style=\"line-height:107%\"><span style=\"font-family:Calibri,sans-serif\">Tamamlay\u0131c\u0131 besin<\/span><\/span><\/span><\/span><\/li>\n<li style=\"margin:0cm 0cm 8pt\"><span style=\"font-size:11pt\"><span><span style=\"line-height:107%\"><span style=\"font-family:Calibri,sans-serif\">\u00d6neriler :\u00a0G\u00fcnde 30 gramdan fazla kullanmay\u0131n\u0131z, daima yeterli miktarda taze i\u00e7me suyu ile servis ediniz<\/span><\/span><\/span><\/span><\/li>\n<li style=\"margin:0cm 0cm 8pt\"><span style=\"font-size:11pt\"><span><span style=\"line-height:107%\"><span style=\"font-family:Calibri,sans-serif\">Saklama \u00f6nerileri:\u00a0Serin ve kuru bir yerde m\u00fcmk\u00fcnse, karanl\u0131k bir alanda muhafaza ediniz. A\u00e7\u0131ld\u0131ktan sonra buzdolab\u0131nda 3 g\u00fcn tazeli\u011fini korur.<\/span><\/span><\/span><\/span><\/li>\n<li style=\"margin:0cm 0cm 8pt\"><span style=\"font-size:11pt\"><span><span style=\"line-height:107%\"><span style=\"font-family:Calibri,sans-serif\">Tavsiye edilen t\u00fcketim tarihi:\u00a0Ambalaj \u00fczerindedir.<\/span><\/span><\/span><\/span><\/li>\n<li style=\"margin:0cm 0cm 8pt\"><span style=\"font-size:11pt\"><span><span style=\"line-height:107%\"><span style=\"font-family:Calibri,sans-serif\">\u0130\u00e7indekiler:\u00a0<\/span><\/span><\/span><\/span>Somon Bal\u0131\u011f\u0131 %20.0, Ton bal\u0131\u011f\u0131 %11.2, Patates Ni\u015fastas\u0131, Bal\u0131k et suyu, \u0130nulin %0.28.<\/li>\n<\/ul>\n<p style=\"margin:0cm 0cm 8pt\">\u00a0 \u00a0 \u00a0 \u00a0 \u00a0 \u00a0 \u00a0 \u00a0 \u00a0 \u00a0 \u00a0 \u00a0 \u00a0 \u00a0 \u00a0 Tavuk %26.5, Karides\u00a0%6.0, Patates Ni\u015fastas\u0131,\u00a0Tavuk et suyu,\u00a0Beta\u00a0glukan\u00a0%0.18.<\/p>\n<p style=\"margin:0cm 0cm 8pt\">\u00a0 \u00a0 \u00a0 \u00a0 \u00a0 \u00a0 \u00a0 \u00a0 \u00a0 \u00a0 \u00a0 \u00a0 \u00a0 \u00a0 \u00a0 Tavuk %33.3, Patates Ni\u015fastas\u0131,\u00a0Tavuk et suyu.<\/p>\n<p style=\"margin:0cm 0cm 8pt\">\u00a0 \u00a0 \u00a0 \u00a0 \u00a0 \u00a0 \u00a0 \u00a0 \u00a0 \u00a0 \u00a0 \u00a0 \u00a0 \u00a0 \u00a0 Ton bal\u0131\u011f\u0131 %31.2, Patates Ni\u015fastas\u0131, Bal\u0131k et suyu, Ton Bal\u0131\u011f\u0131 ya\u011f\u0131.<\/p>\n<ul>\n<li style=\"margin:0cm 0cm 8pt\"><span style=\"font-size:11pt\"><span><span style=\"line-height:107%\"><span style=\"font-family:Calibri,sans-serif\">Analitik bile\u015fenler :\u00a0<\/span><\/span><\/span><\/span>Nem %90, Ham Protein %6.2, Ham k\u00fcl %1.5, Ham Lif %0.5, Ham Ya\u011f %0.3<\/li>\n<li style=\"margin:0cm 0cm 8pt\"><span style=\"font-size:11pt\"><span><span style=\"line-height:107%\"><span style=\"font-family:Calibri,sans-serif\">\u0130nsan t\u00fcketimine uygun de\u011fildir.<\/span><\/span><\/span><\/span><\/li>\n<li style=\"margin:0cm 0cm 8pt\"><span style=\"font-size:11pt\"><span><span style=\"line-height:107%\"><span style=\"font-family:Calibri,sans-serif\"><b><img decoding=\"async\" src=\"https:\/\/cdn.prapazar.net\/uploads\/610\/description\/6b67818230c64877bbd99af5fc59a951.jpg\" style=\"width:264px;height:191px\" alt=\"prapazar.com pazaryeri woocommerce entegrasyonu\"><\/b><\/span><\/span><\/span><\/span><\/li>\n<\/ul>","protected":false},"excerpt":{"rendered":"<p>\u00d6\u011f\u00fcn aralar\u0131nda \u00f6d\u00fcl olarak veya ana \u00f6\u011f\u00fcn \u00fczerine lezzetlendirici olarak kullan\u0131labilen, kalorisi d\u00fc\u015f\u00fcr\u00fclm\u00fc\u015f krema \u015feklinde leziz at\u0131\u015ft\u0131rmal\u0131klar. Tamamlay\u0131c\u0131 besin \u00d6neriler :\u00a0G\u00fcnde 30 gramdan fazla kullanmay\u0131n\u0131z, daima yeterli miktarda taze i\u00e7me suyu ile servis ediniz Saklama \u00f6nerileri:\u00a0Serin ve kuru bir yerde m\u00fcmk\u00fcnse, karanl\u0131k bir alanda muhafaza ediniz. A\u00e7\u0131ld\u0131ktan sonra buzdolab\u0131nda 3 g\u00fcn tazeli\u011fini korur. Tavsiye edilen [&hellip;]<\/p>","protected":false},"featured_media":4032,"comment_status":"open","ping_status":"closed","template":"","meta":[],"pwb-brand":[],"product_brand":[],"product_cat":[116],"product_tag":[],"class_list":{"0":"post-4031","1":"product","2":"type-product","3":"status-publish","4":"has-post-thumbnail","6":"product_cat-kedi-odulleri","8":"first","9":"instock","10":"taxable","11":"shipping-taxable","12":"purchasable","13":"product-type-simple"},"brands":[],"_links":{"self":[{"href":"https:\/\/falvarapet.com\/en\/wp-json\/wp\/v2\/product\/4031","targetHints":{"allow":["GET"]}}],"collection":[{"href":"https:\/\/falvarapet.com\/en\/wp-json\/wp\/v2\/product"}],"about":[{"href":"https:\/\/falvarapet.com\/en\/wp-json\/wp\/v2\/types\/product"}],"replies":[{"embeddable":true,"href":"https:\/\/falvarapet.com\/en\/wp-json\/wp\/v2\/comments?post=4031"}],"wp:featuredmedia":[{"embeddable":true,"href":"https:\/\/falvarapet.com\/en\/wp-json\/wp\/v2\/media\/4032"}],"wp:attachment":[{"href":"https:\/\/falvarapet.com\/en\/wp-json\/wp\/v2\/media?parent=4031"}],"wp:term":[{"taxonomy":"pwb-brand","embeddable":true,"href":"https:\/\/falvarapet.com\/en\/wp-json\/wp\/v2\/pwb-brand?post=4031"},{"taxonomy":"product_brand","embeddable":true,"href":"https:\/\/falvarapet.com\/en\/wp-json\/wp\/v2\/product_brand?post=4031"},{"taxonomy":"product_cat","embeddable":true,"href":"https:\/\/falvarapet.com\/en\/wp-json\/wp\/v2\/product_cat?post=4031"},{"taxonomy":"product_tag","embeddable":true,"href":"https:\/\/falvarapet.com\/en\/wp-json\/wp\/v2\/product_tag?post=4031"}],"curies":[{"name":"wp","href":"https:\/\/api.w.org\/{rel}","templated":true}]}}