{"id":4020,"date":"2025-12-27T21:57:51","date_gmt":"2025-12-27T21:57:51","guid":{"rendered":"https:\/\/falvarapet.com\/urun\/1000-gram-jbl-pronovo-dragon-stick-l\/"},"modified":"2026-03-31T12:20:53","modified_gmt":"2026-03-31T12:20:53","slug":"1000-gram-jbl-pronovo-dragon-stick-l","status":"publish","type":"product","link":"https:\/\/falvarapet.com\/en\/product\/1000-gram-jbl-pronovo-dragon-stick-l","title":{"rendered":"1000 Gram Jbl Pronovo Dragon St\u0131ck L"},"content":{"rendered":"<p><u><strong>Orijinal kovas\u0131nd<\/strong><\/u><u><strong>an 1000 Gram<\/strong><\/u><\/p>\n<p>Uzunlu\u011fu yakla\u015f\u0131k 120 cm\u2019ye kadar ula\u015fabilen ve yumurtalar\u0131n\u0131 a\u011f\u0131zlar\u0131nda kulu\u00e7kada tutan arowana bal\u0131klar\u0131 (kemik dilliler\/\u00e7atal sakall\u0131lar) G\u00fcney Amerika (Osteoglossum bicirrhosum) veya G\u00fcneydo\u011fu Asya (Scleropages formosus) k\u00f6kenlidir. Yaln\u0131zca et\u00e7il beslenirler ve su y\u00fczeyinin \u00fczerindeki hayvanlar\u0131 da avlarlar. Bu nedenle, diyetlerinin a\u011f\u0131rl\u0131kl\u0131 olarak hayvansal protein i\u00e7ermesi \u00f6nemlidir. Ancak, yedikleri hayvanlar\u0131n midelerinde \u00e7ok ye\u015fil besin bulundu\u011fundan, bitkisel bile\u015fenler de \u00f6nemlidir. Bu bak\u0131mdan, avlar\u0131n\u0131 t\u00fcm\u00fcyle yiyen et\u00e7illerin diyetinin hayvansal ve bitkisel proteinlerin kar\u0131\u015f\u0131m\u0131ndan olu\u015ftu\u011funu s\u00f6ylemek m\u00fcmk\u00fcnd\u00fcr.<\/p>\n<p>Arowana bal\u0131klar\u0131nda renk olu\u015fumu: Deneyimli yeti\u015ftiriciler \u00e7ok g\u00fczel renklere sahip arowanalar yeti\u015ftirmeyi ba\u015farm\u0131\u015ft\u0131r. Bu durumda renklerin do\u011fru yemler kullan\u0131larak korunmas\u0131 gerekmektedir, aksi halde solarlar. Yeti\u015ftiriciler yeti\u015ftirdikleri en \u00fcst\u00fcn hayvanlarda da renklerin yaln\u0131zca m\u00fckemmel bir beslenmeyle en \u00fcst d\u00fczeyde olu\u015ftu\u011funu ve korundu\u011funu bildirmektedir. Yemin i\u00e7eri\u011findeki karotinler \u00f6zellikle k\u0131rm\u0131z\u0131 renk tonlar\u0131n\u0131 do\u011fal bir \u015fekilde g\u00fc\u00e7lendirir. \u00d6rne\u011fin ticari somon bal\u0131\u011f\u0131 yeti\u015ftiricili\u011finde kullan\u0131lan ve bal\u0131\u011f\u0131n etine k\u0131rm\u0131z\u0131 bir renk kazand\u0131ran, d\u00fc\u015f\u00fck maliyetli yapay karotinlerin yan\u0131 s\u0131ra, karideslerden elde edilen pahal\u0131, do\u011fal karotinler (astaksantinler) bulunmaktad\u0131r. JBL yaln\u0131zca y\u00fcksek kaliteli astaksantinleri kullan\u0131r. Bu nedenle, JBL yemleri bir\u00e7ok lider yeti\u015ftirici taraf\u0131ndan yeti\u015ftirdikleri de\u011ferli hayvanlar ve bunlar\u0131n yavrular\u0131 i\u00e7in tercih edilmektedir.<\/p>\n<p>JBL PRONOVO yemi prebiyotiktir<br \/>\nPrebiyotik yem: Burada bilim insanlar\u0131, sindirimi ve dolay\u0131s\u0131yla sa\u011fl\u0131\u011f\u0131 destekledikleri konusunda hemfikirdirler. Bal\u0131klar\u0131m\u0131zla ilgili olarak i\u015fin ba\u015fka bir \u00f6nemli y\u00f6n\u00fc daha vard\u0131r: Daha iyi bir sindirim, daha az d\u0131\u015fk\u0131lama ve suyun daha az kirlenmesi anlam\u0131na gelir, bu da daha az yosun sorunu ve suyun daha temiz kalmas\u0131 demektir. \u00d6zellikle arowana gibi yemi iyi de\u011ferlendiren bal\u0131klarda i\u015fin bu y\u00f6n\u00fc de g\u00f6zard\u0131 edilmemelidir.<\/p>","protected":false},"excerpt":{"rendered":"<p>Orijinal kovas\u0131ndan 1000 Gram Uzunlu\u011fu yakla\u015f\u0131k 120 cm\u2019ye kadar ula\u015fabilen ve yumurtalar\u0131n\u0131 a\u011f\u0131zlar\u0131nda kulu\u00e7kada tutan arowana bal\u0131klar\u0131 (kemik dilliler\/\u00e7atal sakall\u0131lar) G\u00fcney Amerika (Osteoglossum bicirrhosum) veya G\u00fcneydo\u011fu Asya (Scleropages formosus) k\u00f6kenlidir. Yaln\u0131zca et\u00e7il beslenirler ve su y\u00fczeyinin \u00fczerindeki hayvanlar\u0131 da avlarlar. Bu nedenle, diyetlerinin a\u011f\u0131rl\u0131kl\u0131 olarak hayvansal protein i\u00e7ermesi \u00f6nemlidir. Ancak, yedikleri hayvanlar\u0131n midelerinde \u00e7ok ye\u015fil [&hellip;]<\/p>","protected":false},"featured_media":4021,"comment_status":"open","ping_status":"closed","template":"","meta":{"om_disable_all_campaigns":false,"_monsterinsights_skip_tracking":false,"_monsterinsights_sitenote_active":false,"_monsterinsights_sitenote_note":"","_monsterinsights_sitenote_category":0},"pwb-brand":[181],"product_brand":[],"product_cat":[96],"product_tag":[],"class_list":{"0":"post-4020","1":"product","2":"type-product","3":"status-publish","4":"has-post-thumbnail","6":"pwb-brand-jbl","7":"product_cat-cubuk-stick-yemler","9":"first","10":"instock","11":"taxable","12":"shipping-taxable","13":"purchasable","14":"product-type-simple"},"aioseo_notices":[],"brands":[{"id":181,"name":"Jbl","slug":"jbl"}],"_links":{"self":[{"href":"https:\/\/falvarapet.com\/en\/wp-json\/wp\/v2\/product\/4020","targetHints":{"allow":["GET"]}}],"collection":[{"href":"https:\/\/falvarapet.com\/en\/wp-json\/wp\/v2\/product"}],"about":[{"href":"https:\/\/falvarapet.com\/en\/wp-json\/wp\/v2\/types\/product"}],"replies":[{"embeddable":true,"href":"https:\/\/falvarapet.com\/en\/wp-json\/wp\/v2\/comments?post=4020"}],"version-history":[{"count":0,"href":"https:\/\/falvarapet.com\/en\/wp-json\/wp\/v2\/product\/4020\/revisions"}],"wp:featuredmedia":[{"embeddable":true,"href":"https:\/\/falvarapet.com\/en\/wp-json\/wp\/v2\/media\/4021"}],"wp:attachment":[{"href":"https:\/\/falvarapet.com\/en\/wp-json\/wp\/v2\/media?parent=4020"}],"wp:term":[{"taxonomy":"pwb-brand","embeddable":true,"href":"https:\/\/falvarapet.com\/en\/wp-json\/wp\/v2\/pwb-brand?post=4020"},{"taxonomy":"product_brand","embeddable":true,"href":"https:\/\/falvarapet.com\/en\/wp-json\/wp\/v2\/product_brand?post=4020"},{"taxonomy":"product_cat","embeddable":true,"href":"https:\/\/falvarapet.com\/en\/wp-json\/wp\/v2\/product_cat?post=4020"},{"taxonomy":"product_tag","embeddable":true,"href":"https:\/\/falvarapet.com\/en\/wp-json\/wp\/v2\/product_tag?post=4020"}],"curies":[{"name":"wp","href":"https:\/\/api.w.org\/{rel}","templated":true}]}}