{"id":4005,"date":"2025-12-26T17:50:22","date_gmt":"2025-12-26T17:50:22","guid":{"rendered":"https:\/\/falvarapet.com\/urun\/6-adet-voskes-somonlu-kedi-corbasi-135-ml\/"},"modified":"2026-01-24T15:44:05","modified_gmt":"2026-01-24T15:44:05","slug":"6-adet-voskes-somonlu-kedi-corbasi-135-ml","status":"publish","type":"product","link":"https:\/\/falvarapet.com\/en\/product\/6-adet-voskes-somonlu-kedi-corbasi-135-ml","title":{"rendered":"6 Adet Voskes Somonlu Kedi \u00c7orbas\u0131 135 ML"},"content":{"rendered":"<p style=\"margin-left: 18.0pt; margin: 0cm 0cm 8pt;\"><span style=\"font-size: 11pt;\"><span style=\"line-height: 107%;\"><span style=\"font-family: Calibri,sans-serif;\">Yeti\u015fkin\u00a0kediler i\u00e7in somonlu\u00a0i\u00e7ecek. 6 ADET<\/span><\/span><\/span><\/p>\n<p style=\"margin-left: 18.0pt; margin: 0cm 0cm 8pt;\"><span style=\"font-size: 11pt;\"><span style=\"line-height: 107%;\"><span style=\"font-family: Calibri,sans-serif;\">\u0130nce somon bal\u0131\u011f\u0131\u00a0ve tavuk par\u00e7alar\u0131 ile desteklenmi\u015f et suyunun kar\u015f\u0131 koyulamayan lezzeti sayesinde kedilerde hidrasyona destek olur.<\/span><\/span><\/span><\/p>\n<p style=\"margin-left: 18.0pt; margin: 0cm 0cm 8pt;\"><span style=\"font-size: 11pt;\"><span style=\"line-height: 107%;\"><span style=\"font-family: Calibri,sans-serif;\">Tamamlay\u0131c\u0131 besin &#8211; 6 aydan b\u00fcy\u00fck kediler i\u00e7in.<\/span><\/span><\/span><\/p>\n<p style=\"margin-left: 18.0pt; margin: 0cm 0cm 8pt;\"><span style=\"font-size: 11pt;\"><span style=\"line-height: 107%;\"><span style=\"font-family: Calibri,sans-serif;\"><u>Kullan\u0131m \u00f6nerileri<\/u>:\u00a0toplam i\u00e7eri\u011fi en fazla iki g\u00fcnde bitecek \u015fekilde 3-4 porsiyon halinde par\u00e7alay\u0131n\u0131z. Daima yeterli miktarda taze su ile servis ediniz.<\/span><\/span><\/span><\/p>\n<p style=\"margin-left: 18.0pt; margin: 0cm 0cm 8pt;\"><span style=\"font-size: 11pt;\"><span style=\"line-height: 107%;\"><span style=\"font-family: Calibri,sans-serif;\"><u>Saklama \u00f6nerileri<\/u>:\u00a0serin ve kuru bir yerde, e\u011fer m\u00fcmk\u00fcnse \u0131\u015f\u0131k olmayan bir alanda saklay\u0131n\u0131z. A\u00e7\u0131ld\u0131ktan sonra 3 g\u00fcn boyunca buzdolab\u0131nda tazeli\u011fini korur.<\/span><\/span><\/span><\/p>\n<p style=\"margin-left: 18.0pt; margin: 0cm 0cm 8pt;\"><span style=\"font-size: 11pt;\"><span style=\"line-height: 107%;\"><span style=\"font-family: Calibri,sans-serif;\">Tavsiye edilen t\u00fcketim tarihi:\u00a0etiket \u00fczerindedir.<\/span><\/span><\/span><\/p>\n<p style=\"margin-left: 18.0pt; margin: 0cm 0cm 8pt;\"><span style=\"font-size: 11pt;\"><span style=\"line-height: 107%;\"><span style=\"font-family: Calibri,sans-serif;\">\u0130\u00e7indekiler: Somon bal\u0131\u011f\u0131 (%5), Tavuk, Patates Ni\u015fastas\u0131, Bal\u0131k Eti Suyu, Ay\u00e7i\u00e7ek Ya\u011f\u0131, Kolojen (%0.09).<\/span><\/span><\/span><\/p>\n<p style=\"margin-left: 18.0pt; margin: 0cm 0cm 8pt;\"><span style=\"font-size: 11pt;\"><span style=\"line-height: 107%;\"><span style=\"font-family: Calibri,sans-serif;\">Analitik bile\u015fenler:\u00a0nem %95, ham protein %2.6, ham k\u00fcl %1.1, ham ya\u011f %0.7, ham lif %0.2<\/span><\/span><\/span><\/p>\n<p style=\"margin-left: 18.0pt; margin: 0cm 0cm 8pt;\"><span style=\"font-size: 11pt;\"><span style=\"line-height: 107%;\"><span style=\"font-family: Calibri,sans-serif;\"><u>\u0130nsan t\u00fcketimine uygun de\u011fildir.<\/u><\/span><\/span><\/span><\/p>\n<p style=\"margin-left: 18.0pt; margin: 0cm 0cm 8pt;\"><span style=\"font-size: 11pt;\"><span style=\"line-height: 107%;\"><span style=\"font-family: Calibri,sans-serif;\"><img decoding=\"async\" style=\"width: 264px; height: 191px;\" src=\"https:\/\/cdn.prapazar.net\/uploads\/610\/description\/b9ca29edde4d480f9943a60d68cce269.jpg\" alt=\"prapazar.com pazaryeri woocommerce entegrasyonu\" \/><\/span><\/span><\/span><\/p>\n<p style=\"margin: 0cm 0cm 8pt;\">","protected":false},"excerpt":{"rendered":"<p>Yeti\u015fkin\u00a0kediler i\u00e7in somonlu\u00a0i\u00e7ecek. 6 ADET \u0130nce somon bal\u0131\u011f\u0131\u00a0ve tavuk par\u00e7alar\u0131 ile desteklenmi\u015f et suyunun kar\u015f\u0131 koyulamayan lezzeti sayesinde kedilerde hidrasyona destek olur. Tamamlay\u0131c\u0131 besin &#8211; 6 aydan b\u00fcy\u00fck kediler i\u00e7in. Kullan\u0131m \u00f6nerileri:\u00a0toplam i\u00e7eri\u011fi en fazla iki g\u00fcnde bitecek \u015fekilde 3-4 porsiyon halinde par\u00e7alay\u0131n\u0131z. Daima yeterli miktarda taze su ile servis ediniz. Saklama \u00f6nerileri:\u00a0serin ve kuru [&hellip;]<\/p>","protected":false},"featured_media":4006,"comment_status":"open","ping_status":"closed","template":"","meta":{"om_disable_all_campaigns":false,"_monsterinsights_skip_tracking":false,"_monsterinsights_sitenote_active":false,"_monsterinsights_sitenote_note":"","_monsterinsights_sitenote_category":0},"pwb-brand":[192],"product_brand":[],"product_cat":[114],"product_tag":[],"class_list":{"0":"post-4005","1":"product","2":"type-product","3":"status-publish","4":"has-post-thumbnail","6":"pwb-brand-voskes","7":"product_cat-kedi-yas-mama-ve-corbalar","9":"first","10":"instock","11":"taxable","12":"shipping-taxable","13":"purchasable","14":"product-type-simple"},"aioseo_notices":[],"brands":[{"id":192,"name":"Voskes","slug":"voskes"}],"_links":{"self":[{"href":"https:\/\/falvarapet.com\/en\/wp-json\/wp\/v2\/product\/4005","targetHints":{"allow":["GET"]}}],"collection":[{"href":"https:\/\/falvarapet.com\/en\/wp-json\/wp\/v2\/product"}],"about":[{"href":"https:\/\/falvarapet.com\/en\/wp-json\/wp\/v2\/types\/product"}],"replies":[{"embeddable":true,"href":"https:\/\/falvarapet.com\/en\/wp-json\/wp\/v2\/comments?post=4005"}],"version-history":[{"count":0,"href":"https:\/\/falvarapet.com\/en\/wp-json\/wp\/v2\/product\/4005\/revisions"}],"wp:featuredmedia":[{"embeddable":true,"href":"https:\/\/falvarapet.com\/en\/wp-json\/wp\/v2\/media\/4006"}],"wp:attachment":[{"href":"https:\/\/falvarapet.com\/en\/wp-json\/wp\/v2\/media?parent=4005"}],"wp:term":[{"taxonomy":"pwb-brand","embeddable":true,"href":"https:\/\/falvarapet.com\/en\/wp-json\/wp\/v2\/pwb-brand?post=4005"},{"taxonomy":"product_brand","embeddable":true,"href":"https:\/\/falvarapet.com\/en\/wp-json\/wp\/v2\/product_brand?post=4005"},{"taxonomy":"product_cat","embeddable":true,"href":"https:\/\/falvarapet.com\/en\/wp-json\/wp\/v2\/product_cat?post=4005"},{"taxonomy":"product_tag","embeddable":true,"href":"https:\/\/falvarapet.com\/en\/wp-json\/wp\/v2\/product_tag?post=4005"}],"curies":[{"name":"wp","href":"https:\/\/api.w.org\/{rel}","templated":true}]}}