{"id":3999,"date":"2025-12-26T15:42:01","date_gmt":"2025-12-26T15:42:01","guid":{"rendered":"https:\/\/falvarapet.com\/urun\/6-adet-voskes-tavuklu-yavru-kedi-corbasi-135-ml\/"},"modified":"2026-01-24T15:44:20","modified_gmt":"2026-01-24T15:44:20","slug":"6-adet-voskes-tavuklu-yavru-kedi-corbasi-135-ml","status":"publish","type":"product","link":"https:\/\/falvarapet.com\/en\/product\/6-adet-voskes-tavuklu-yavru-kedi-corbasi-135-ml","title":{"rendered":"6 Adet Voskes Tavuklu Yavru Kedi \u00c7orbas\u0131 135 ML"},"content":{"rendered":"<p style=\"margin-left:18.0pt;margin:0cm 0cm 8pt\"><span style=\"font-size:11pt\"><span style=\"line-height:107%\"><span style=\"font-family:Calibri,sans-serif\">Yavru kediler i\u00e7in\u00a0tavuklu i\u00e7ecek. 6 ADET<\/span><\/span><\/span><\/p>\n<p style=\"margin-left:18.0pt;margin:0cm 0cm 8pt\"><span style=\"font-size:11pt\"><span style=\"line-height:107%\"><span style=\"font-family:Calibri,sans-serif\">\u0130nce tavuk par\u00e7alar\u0131 ile desteklenmi\u015f et suyunun kar\u015f\u0131 koyulamayan lezzeti sayesinde kedilerde hidrasyona destek olur.<\/span><\/span><\/span><\/p>\n<p style=\"margin-left:18.0pt;margin:0cm 0cm 8pt\"><span style=\"font-size:11pt\"><span style=\"line-height:107%\"><span style=\"font-family:Calibri,sans-serif\">Tamamlay\u0131c\u0131 besin &#8211; 6 aydan b\u00fcy\u00fck kediler i\u00e7in.<\/span><\/span><\/span><\/p>\n<p style=\"margin-left:18.0pt;margin:0cm 0cm 8pt\"><span style=\"font-size:11pt\"><span style=\"line-height:107%\"><span style=\"font-family:Calibri,sans-serif\"><u>Kullan\u0131m \u00f6nerileri<\/u>:\u00a0toplam i\u00e7eri\u011fi en fazla iki g\u00fcnde bitecek \u015fekilde 3-4 porsiyon halinde par\u00e7alay\u0131n\u0131z. Daima yeterli miktarda taze su ile servis ediniz.<\/span><\/span><\/span><\/p>\n<p style=\"margin-left:18.0pt;margin:0cm 0cm 8pt\"><span style=\"font-size:11pt\"><span style=\"line-height:107%\"><span style=\"font-family:Calibri,sans-serif\"><u>Saklama \u00f6nerileri<\/u>:\u00a0serin ve kuru bir yerde, e\u011fer m\u00fcmk\u00fcnse \u0131\u015f\u0131k olmayan bir alanda saklay\u0131n\u0131z. A\u00e7\u0131ld\u0131ktan sonra 3 g\u00fcn boyunca buzdolab\u0131nda tazeli\u011fini korur.<\/span><\/span><\/span><\/p>\n<p style=\"margin-left:18.0pt;margin:0cm 0cm 8pt\"><span style=\"font-size:11pt\"><span style=\"line-height:107%\"><span style=\"font-family:Calibri,sans-serif\">Tavsiye edilen t\u00fcketim tarihi:\u00a0etiket \u00fczerindedir.<\/span><\/span><\/span><\/p>\n<p style=\"margin-left:18.0pt;margin:0cm 0cm 8pt\"><span style=\"font-size:11pt\"><span style=\"line-height:107%\"><span style=\"font-family:Calibri,sans-serif\">\u0130\u00e7indekiler:\u00a0et ve et \u00fcr\u00fcnleri\u00a0(tavuk eti %12), bitkisel orijinli yan \u00fcr\u00fcnler, bal\u0131k ve bal\u0131k yan \u00fcr\u00fcnleri, s\u0131v\u0131 ve kat\u0131 ya\u011flar.<\/span><\/span><\/span><\/p>\n<p style=\"margin-left:18.0pt;margin:0cm 0cm 8pt\"><span style=\"font-size:11pt\"><span style=\"line-height:107%\"><span style=\"font-family:Calibri,sans-serif\">Analitik bile\u015fenler:\u00a0nem %95, ham protein %2.5, ham k\u00fcl %1.1, ham ya\u011f %0.7, ham lif %0.2<\/span><\/span><\/span><\/p>\n<p style=\"margin-left:18.0pt;margin:0cm 0cm 8pt\"><span style=\"font-size:11pt\"><span style=\"line-height:107%\"><span style=\"font-family:Calibri,sans-serif\"><u>\u0130nsan t\u00fcketimine uygun de\u011fildir.<\/u><\/span><\/span><\/span><\/p>\n<p style=\"margin-left:18.0pt;margin:0cm 0cm 8pt\"><span style=\"font-size:11pt\"><span style=\"line-height:107%\"><span style=\"font-family:Calibri,sans-serif\"><img decoding=\"async\" src=\"https:\/\/cdn.prapazar.net\/uploads\/610\/description\/b9ca29edde4d480f9943a60d68cce269.jpg\" style=\"width:264px;height:191px\" alt=\"prapazar.com pazaryeri woocommerce entegrasyonu\"><\/span><\/span><\/span><\/p>\n<p style=\"margin:0cm 0cm 8pt\">\u00a0<\/p>","protected":false},"excerpt":{"rendered":"<p>Yavru kediler i\u00e7in\u00a0tavuklu i\u00e7ecek. 6 ADET \u0130nce tavuk par\u00e7alar\u0131 ile desteklenmi\u015f et suyunun kar\u015f\u0131 koyulamayan lezzeti sayesinde kedilerde hidrasyona destek olur. Tamamlay\u0131c\u0131 besin &#8211; 6 aydan b\u00fcy\u00fck kediler i\u00e7in. Kullan\u0131m \u00f6nerileri:\u00a0toplam i\u00e7eri\u011fi en fazla iki g\u00fcnde bitecek \u015fekilde 3-4 porsiyon halinde par\u00e7alay\u0131n\u0131z. Daima yeterli miktarda taze su ile servis ediniz. Saklama \u00f6nerileri:\u00a0serin ve kuru bir [&hellip;]<\/p>","protected":false},"featured_media":4000,"comment_status":"open","ping_status":"closed","template":"","meta":{"om_disable_all_campaigns":false,"_monsterinsights_skip_tracking":false,"_monsterinsights_sitenote_active":false,"_monsterinsights_sitenote_note":"","_monsterinsights_sitenote_category":0},"pwb-brand":[192],"product_brand":[],"product_cat":[114],"product_tag":[],"class_list":{"0":"post-3999","1":"product","2":"type-product","3":"status-publish","4":"has-post-thumbnail","6":"pwb-brand-voskes","7":"product_cat-kedi-yas-mama-ve-corbalar","9":"first","10":"instock","11":"taxable","12":"shipping-taxable","13":"purchasable","14":"product-type-simple"},"aioseo_notices":[],"brands":[{"id":192,"name":"Voskes","slug":"voskes"}],"_links":{"self":[{"href":"https:\/\/falvarapet.com\/en\/wp-json\/wp\/v2\/product\/3999","targetHints":{"allow":["GET"]}}],"collection":[{"href":"https:\/\/falvarapet.com\/en\/wp-json\/wp\/v2\/product"}],"about":[{"href":"https:\/\/falvarapet.com\/en\/wp-json\/wp\/v2\/types\/product"}],"replies":[{"embeddable":true,"href":"https:\/\/falvarapet.com\/en\/wp-json\/wp\/v2\/comments?post=3999"}],"version-history":[{"count":0,"href":"https:\/\/falvarapet.com\/en\/wp-json\/wp\/v2\/product\/3999\/revisions"}],"wp:featuredmedia":[{"embeddable":true,"href":"https:\/\/falvarapet.com\/en\/wp-json\/wp\/v2\/media\/4000"}],"wp:attachment":[{"href":"https:\/\/falvarapet.com\/en\/wp-json\/wp\/v2\/media?parent=3999"}],"wp:term":[{"taxonomy":"pwb-brand","embeddable":true,"href":"https:\/\/falvarapet.com\/en\/wp-json\/wp\/v2\/pwb-brand?post=3999"},{"taxonomy":"product_brand","embeddable":true,"href":"https:\/\/falvarapet.com\/en\/wp-json\/wp\/v2\/product_brand?post=3999"},{"taxonomy":"product_cat","embeddable":true,"href":"https:\/\/falvarapet.com\/en\/wp-json\/wp\/v2\/product_cat?post=3999"},{"taxonomy":"product_tag","embeddable":true,"href":"https:\/\/falvarapet.com\/en\/wp-json\/wp\/v2\/product_tag?post=3999"}],"curies":[{"name":"wp","href":"https:\/\/api.w.org\/{rel}","templated":true}]}}