{"id":3969,"date":"2025-12-24T12:48:33","date_gmt":"2025-12-24T12:48:33","guid":{"rendered":"https:\/\/falvarapet.com\/urun\/12x400-gram-glory-parca-tavuk-etli-kopek-konservesi\/"},"modified":"2026-01-12T14:46:17","modified_gmt":"2026-01-12T14:46:17","slug":"12x400-gram-glory-parca-tavuk-etli-kopek-konservesi","status":"publish","type":"product","link":"https:\/\/falvarapet.com\/en\/product\/12x400-gram-glory-parca-tavuk-etli-kopek-konservesi","title":{"rendered":"12&#215;400 Gram Glory Par\u00e7a Tavuk Etli K\u00f6pek Konservesi"},"content":{"rendered":"<p style=\"margin:0cm 0cm 8pt\"><span style=\"font-size:11pt\"><span style=\"line-height:107%\"><span style=\"font-family:Calibri,sans-serif\"><b><span style=\"font-size:16.0pt\"><span style=\"line-height:107%\">Glory Par\u00e7a Tavuk Etli K\u00f6pek Konserve Mamas\u0131<\/span><\/span><\/b><\/span><\/span><\/span><\/p>\n<p style=\"margin:0cm 0cm 8pt\"><span style=\"font-size:11pt\"><span style=\"line-height:107%\"><span style=\"font-family:Calibri,sans-serif\"><b>Glory Yeti\u015fkin K\u00f6pek Ya\u015f Mama,<\/b>\u00a0K\u00f6pekler i\u00e7in \u00f6zel olarak geli\u015ftirilmi\u015f \u00f6zel sos i\u00e7inde par\u00e7a tavuk eti i\u00e7eri\u011fine sahip besleyici ve lezzetli\u00a0<b>konserve k\u00f6pek mamas\u0131<\/b>\u00a0\u00e7e\u015fitlerindendir.<\/span><\/span><\/span><\/p>\n<ul>\n<li style=\"margin:0cm 0cm 8pt\"><span style=\"font-size:11pt\"><span><span style=\"line-height:107%\"><span style=\"font-family:Calibri,sans-serif\">400 graml\u0131k konservelerden olu\u015fan 12 adetlik pakettir.<\/span><\/span><\/span><\/span><\/li>\n<li style=\"margin:0cm 0cm 8pt\"><span style=\"font-size:11pt\"><span><span style=\"line-height:107%\"><span style=\"font-family:Calibri,sans-serif\">Tam ve dengeli yap\u0131s\u0131 ile k\u00f6peklerin g\u00fcnl\u00fck beslenmesine uygundur.<\/span><\/span><\/span><\/span><\/li>\n<li style=\"margin:0cm 0cm 8pt\"><span style=\"font-size:11pt\"><span><span style=\"line-height:107%\"><span style=\"font-family:Calibri,sans-serif\">Y\u00fcksek protein ve kalsiyum de\u011ferleri sa\u011fl\u0131kl\u0131 kemik geli\u015fimi ve kas k\u00fctlesinin olu\u015fumuna yard\u0131mc\u0131d\u0131r.<\/span><\/span><\/span><\/span><\/li>\n<li style=\"margin:0cm 0cm 8pt\"><span style=\"font-size:11pt\"><span><span style=\"line-height:107%\"><span style=\"font-family:Calibri,sans-serif\">Vitamin ve mineral i\u00e7eri\u011fiyle k\u00f6peklerin g\u00fcnl\u00fck ihtiyac\u0131 olan iz elementleri i\u00e7inde bar\u0131nd\u0131r\u0131r.<\/span><\/span><\/span><\/span><\/li>\n<li style=\"margin:0cm 0cm 8pt\"><span style=\"font-size:11pt\"><span><span style=\"line-height:107%\"><span style=\"font-family:Calibri,sans-serif\">Dengeli ya\u011f oran\u0131 k\u00f6peklerin g\u00fcnl\u00fck aktiviteleri g\u00f6z \u00f6n\u00fcne al\u0131narak haz\u0131rlanm\u0131\u015ft\u0131r.<\/span><\/span><\/span><\/span><\/li>\n<li style=\"margin:0cm 0cm 8pt\"><span style=\"font-size:11pt\"><span><span style=\"line-height:107%\"><span style=\"font-family:Calibri,sans-serif\">K\u00f6peklerin sa\u011fl\u0131kl\u0131 bir deri ve parlak bir k\u00fcrke sahip olmas\u0131na yard\u0131mc\u0131 olur.<\/span><\/span><\/span><\/span><\/li>\n<li style=\"margin:0cm 0cm 8pt\"><span style=\"font-size:11pt\"><span><span style=\"line-height:107%\"><span style=\"font-family:Calibri,sans-serif\">\u00d6zel dengelenmi\u015f form\u00fcl\u00fc ile\u00a0<b>k\u00f6pek ya\u015f mama ,<\/b>\u00a0t\u00fcm \u0131rktan k\u00f6peklerin beslenmesine uygundur.<\/span><\/span><\/span><\/span><\/li>\n<\/ul>\n<p style=\"margin:0cm 0cm 8pt\"><span style=\"font-size:11pt\"><span style=\"line-height:107%\"><span style=\"font-family:Calibri,sans-serif\"><b>\u0130\u00e7erik<\/b>: Hayvansal \u00fcr\u00fcnler tavuk (min. %4), bitkisel \u00fcr\u00fcnler, vitamin ve mineraller.<\/span><\/span><\/span><\/p>\n<p style=\"margin:0cm 0cm 8pt\"><span style=\"font-size:11pt\"><span style=\"line-height:107%\"><span style=\"font-family:Calibri,sans-serif\">\u00a0<b>Takviyeler<\/b>: Vitamin A 750 i.u.\/Kg, Vitamin D3 75 i.u.\/Kg, Vitamin E 10 i.u.\/Kg.<\/span><\/span><\/span><\/p>\n<p style=\"margin:0cm 0cm 8pt\"><span style=\"font-size:11pt\"><span style=\"line-height:107%\"><span style=\"font-family:Calibri,sans-serif\">\u00a0<b>Garantili Analiz<\/b>: Protein %7.0, Ya\u011f % 3.0, Ham K\u00fcl %3.0, Sel\u00fcloz % 0.4, Nem %82.<\/span><\/span><\/span><\/p>\n<p style=\"margin:0cm 0cm 8pt\"><span style=\"font-size:11pt\"><span style=\"line-height:107%\"><span style=\"font-family:Calibri,sans-serif\">\u00a0<b>Beslenme \u00d6nerisi<\/b>:\u00a0Mama ge\u00e7i\u015f d\u00f6neminde yeni mamay\u0131 \u00f6\u011f\u00fcnlere b\u00f6lerek k\u00f6pe\u011finizin ihtiyac\u0131na g\u00f6re verin. Her zaman bir kase taze su bulundurun. Oda s\u0131cakl\u0131\u011f\u0131nda servis edin. A\u00e7\u0131ld\u0131ktan sonra buzdolab\u0131nda saklay\u0131n ve 72 saat i\u00e7erisinde t\u00fcketin. Tavsiye edilen miktarlar \u0131rk, ya\u015f ve mevsime g\u00f6re farkl\u0131l\u0131k g\u00f6sterebilir.\u00a0 <\/span><\/span><\/span><\/p>","protected":false},"excerpt":{"rendered":"<p>Glory Par\u00e7a Tavuk Etli K\u00f6pek Konserve Mamas\u0131 Glory Yeti\u015fkin K\u00f6pek Ya\u015f Mama,\u00a0K\u00f6pekler i\u00e7in \u00f6zel olarak geli\u015ftirilmi\u015f \u00f6zel sos i\u00e7inde par\u00e7a tavuk eti i\u00e7eri\u011fine sahip besleyici ve lezzetli\u00a0konserve k\u00f6pek mamas\u0131\u00a0\u00e7e\u015fitlerindendir. 400 graml\u0131k konservelerden olu\u015fan 12 adetlik pakettir. Tam ve dengeli yap\u0131s\u0131 ile k\u00f6peklerin g\u00fcnl\u00fck beslenmesine uygundur. Y\u00fcksek protein ve kalsiyum de\u011ferleri sa\u011fl\u0131kl\u0131 kemik geli\u015fimi ve kas [&hellip;]<\/p>","protected":false},"featured_media":3970,"comment_status":"open","ping_status":"closed","template":"","meta":{"om_disable_all_campaigns":false,"_monsterinsights_skip_tracking":false,"_monsterinsights_sitenote_active":false,"_monsterinsights_sitenote_note":"","_monsterinsights_sitenote_category":0},"pwb-brand":[180],"product_brand":[],"product_cat":[141],"product_tag":[],"class_list":{"0":"post-3969","1":"product","2":"type-product","3":"status-publish","4":"has-post-thumbnail","6":"pwb-brand-glory","7":"product_cat-kopek-konserve-mamalari","9":"first","10":"instock","11":"taxable","12":"shipping-taxable","13":"purchasable","14":"product-type-simple"},"aioseo_notices":[],"brands":[{"id":180,"name":"Glory","slug":"glory"}],"_links":{"self":[{"href":"https:\/\/falvarapet.com\/en\/wp-json\/wp\/v2\/product\/3969","targetHints":{"allow":["GET"]}}],"collection":[{"href":"https:\/\/falvarapet.com\/en\/wp-json\/wp\/v2\/product"}],"about":[{"href":"https:\/\/falvarapet.com\/en\/wp-json\/wp\/v2\/types\/product"}],"replies":[{"embeddable":true,"href":"https:\/\/falvarapet.com\/en\/wp-json\/wp\/v2\/comments?post=3969"}],"version-history":[{"count":0,"href":"https:\/\/falvarapet.com\/en\/wp-json\/wp\/v2\/product\/3969\/revisions"}],"wp:featuredmedia":[{"embeddable":true,"href":"https:\/\/falvarapet.com\/en\/wp-json\/wp\/v2\/media\/3970"}],"wp:attachment":[{"href":"https:\/\/falvarapet.com\/en\/wp-json\/wp\/v2\/media?parent=3969"}],"wp:term":[{"taxonomy":"pwb-brand","embeddable":true,"href":"https:\/\/falvarapet.com\/en\/wp-json\/wp\/v2\/pwb-brand?post=3969"},{"taxonomy":"product_brand","embeddable":true,"href":"https:\/\/falvarapet.com\/en\/wp-json\/wp\/v2\/product_brand?post=3969"},{"taxonomy":"product_cat","embeddable":true,"href":"https:\/\/falvarapet.com\/en\/wp-json\/wp\/v2\/product_cat?post=3969"},{"taxonomy":"product_tag","embeddable":true,"href":"https:\/\/falvarapet.com\/en\/wp-json\/wp\/v2\/product_tag?post=3969"}],"curies":[{"name":"wp","href":"https:\/\/api.w.org\/{rel}","templated":true}]}}