{"id":3962,"date":"2025-12-22T19:13:24","date_gmt":"2025-12-22T19:13:24","guid":{"rendered":"https:\/\/falvarapet.com\/urun\/catdoglife-kedi-ve-kopek-icin-ince-tel-firca-tarama-fircasi-ve-ta\/"},"modified":"2026-01-11T14:56:52","modified_gmt":"2026-01-11T14:56:52","slug":"catdoglife-kedi-ve-kopek-icin-ince-tel-firca-tarama-fircasi-ve-ta","status":"publish","type":"product","link":"https:\/\/falvarapet.com\/en\/product\/catdoglife-kedi-ve-kopek-icin-ince-tel-firca-tarama-fircasi-ve-ta\/","title":{"rendered":"Catdoglife Kedi ve K\u00f6pek \u0130\u00e7in \u0130nce Tel F\u0131r\u00e7a Tarama F\u0131r\u00e7as\u0131 ve Ta"},"content":{"rendered":"","protected":false},"excerpt":{"rendered":"","protected":false},"featured_media":3963,"comment_status":"open","ping_status":"closed","template":"","meta":[],"pwb-brand":[193],"product_brand":[],"product_cat":[123],"product_tag":[],"class_list":{"0":"post-3962","1":"product","2":"type-product","3":"status-publish","4":"has-post-thumbnail","6":"pwb-brand-catdog-life","7":"product_cat-tarak-ve-fircalar","9":"first","10":"instock","11":"taxable","12":"shipping-taxable","13":"purchasable","14":"product-type-simple"},"brands":[{"id":193,"name":"Cat&amp;Dog Life","slug":"catdog-life"}],"_links":{"self":[{"href":"https:\/\/falvarapet.com\/en\/wp-json\/wp\/v2\/product\/3962","targetHints":{"allow":["GET"]}}],"collection":[{"href":"https:\/\/falvarapet.com\/en\/wp-json\/wp\/v2\/product"}],"about":[{"href":"https:\/\/falvarapet.com\/en\/wp-json\/wp\/v2\/types\/product"}],"replies":[{"embeddable":true,"href":"https:\/\/falvarapet.com\/en\/wp-json\/wp\/v2\/comments?post=3962"}],"wp:featuredmedia":[{"embeddable":true,"href":"https:\/\/falvarapet.com\/en\/wp-json\/wp\/v2\/media\/3963"}],"wp:attachment":[{"href":"https:\/\/falvarapet.com\/en\/wp-json\/wp\/v2\/media?parent=3962"}],"wp:term":[{"taxonomy":"pwb-brand","embeddable":true,"href":"https:\/\/falvarapet.com\/en\/wp-json\/wp\/v2\/pwb-brand?post=3962"},{"taxonomy":"product_brand","embeddable":true,"href":"https:\/\/falvarapet.com\/en\/wp-json\/wp\/v2\/product_brand?post=3962"},{"taxonomy":"product_cat","embeddable":true,"href":"https:\/\/falvarapet.com\/en\/wp-json\/wp\/v2\/product_cat?post=3962"},{"taxonomy":"product_tag","embeddable":true,"href":"https:\/\/falvarapet.com\/en\/wp-json\/wp\/v2\/product_tag?post=3962"}],"curies":[{"name":"wp","href":"https:\/\/api.w.org\/{rel}","templated":true}]}}