{"id":3960,"date":"2025-12-22T19:12:43","date_gmt":"2025-12-22T19:12:43","guid":{"rendered":"https:\/\/falvarapet.com\/urun\/202416-catdoglife-kedi-kopek-tuy-toplama-taragi-silikon-sapli\/"},"modified":"2026-04-03T19:11:25","modified_gmt":"2026-04-03T19:11:25","slug":"202416-catdoglife-kedi-kopek-tuy-toplama-taragi-silikon-sapli","status":"publish","type":"product","link":"https:\/\/falvarapet.com\/en\/product\/202416-catdoglife-kedi-kopek-tuy-toplama-taragi-silikon-sapli\/","title":{"rendered":"202416-Cat&amp;Doglife Kedi K\u00f6pek T\u00fcy Toplama Tara\u011f\u0131 Silikon Sapl\u0131"},"content":{"rendered":"","protected":false},"excerpt":{"rendered":"","protected":false},"featured_media":3961,"comment_status":"open","ping_status":"closed","template":"","meta":[],"pwb-brand":[193],"product_brand":[],"product_cat":[123],"product_tag":[],"class_list":{"0":"post-3960","1":"product","2":"type-product","3":"status-publish","4":"has-post-thumbnail","6":"pwb-brand-catdog-life","7":"product_cat-tarak-ve-fircalar","9":"first","10":"instock","11":"taxable","12":"shipping-taxable","13":"purchasable","14":"product-type-simple"},"brands":[{"id":193,"name":"Cat&amp;Dog Life","slug":"catdog-life"}],"_links":{"self":[{"href":"https:\/\/falvarapet.com\/en\/wp-json\/wp\/v2\/product\/3960","targetHints":{"allow":["GET"]}}],"collection":[{"href":"https:\/\/falvarapet.com\/en\/wp-json\/wp\/v2\/product"}],"about":[{"href":"https:\/\/falvarapet.com\/en\/wp-json\/wp\/v2\/types\/product"}],"replies":[{"embeddable":true,"href":"https:\/\/falvarapet.com\/en\/wp-json\/wp\/v2\/comments?post=3960"}],"wp:featuredmedia":[{"embeddable":true,"href":"https:\/\/falvarapet.com\/en\/wp-json\/wp\/v2\/media\/3961"}],"wp:attachment":[{"href":"https:\/\/falvarapet.com\/en\/wp-json\/wp\/v2\/media?parent=3960"}],"wp:term":[{"taxonomy":"pwb-brand","embeddable":true,"href":"https:\/\/falvarapet.com\/en\/wp-json\/wp\/v2\/pwb-brand?post=3960"},{"taxonomy":"product_brand","embeddable":true,"href":"https:\/\/falvarapet.com\/en\/wp-json\/wp\/v2\/product_brand?post=3960"},{"taxonomy":"product_cat","embeddable":true,"href":"https:\/\/falvarapet.com\/en\/wp-json\/wp\/v2\/product_cat?post=3960"},{"taxonomy":"product_tag","embeddable":true,"href":"https:\/\/falvarapet.com\/en\/wp-json\/wp\/v2\/product_tag?post=3960"}],"curies":[{"name":"wp","href":"https:\/\/api.w.org\/{rel}","templated":true}]}}