{"id":3948,"date":"2025-12-22T19:05:47","date_gmt":"2025-12-22T19:05:47","guid":{"rendered":"https:\/\/falvarapet.com\/urun\/catlife-kediler-icin-4in1-silikon-masaj-ve-yikama-fircasi-202428\/"},"modified":"2026-01-11T16:14:13","modified_gmt":"2026-01-11T16:14:13","slug":"catlife-kediler-icin-4in1-silikon-masaj-ve-yikama-fircasi-202428","status":"publish","type":"product","link":"https:\/\/falvarapet.com\/en\/product\/catlife-kediler-icin-4in1-silikon-masaj-ve-yikama-fircasi-202428","title":{"rendered":"Catlife Kediler \u0130\u00e7in 4in1 Silikon Masaj Ve Y\u0131kama F\u0131r\u00e7as\u0131 202428"},"content":{"rendered":"<p>Kedi masaj ve y\u0131kama f\u0131r\u00e7as\u0131<\/p>","protected":false},"excerpt":{"rendered":"<p>Kedi masaj ve y\u0131kama f\u0131r\u00e7as\u0131<\/p>","protected":false},"featured_media":3949,"comment_status":"open","ping_status":"closed","template":"","meta":{"om_disable_all_campaigns":false,"_monsterinsights_skip_tracking":false,"_monsterinsights_sitenote_active":false,"_monsterinsights_sitenote_note":"","_monsterinsights_sitenote_category":0},"pwb-brand":[193],"product_brand":[],"product_cat":[123],"product_tag":[],"class_list":{"0":"post-3948","1":"product","2":"type-product","3":"status-publish","4":"has-post-thumbnail","6":"pwb-brand-catdog-life","7":"product_cat-tarak-ve-fircalar","9":"first","10":"instock","11":"taxable","12":"shipping-taxable","13":"purchasable","14":"product-type-simple"},"aioseo_notices":[],"brands":[{"id":193,"name":"Cat&amp;Dog Life","slug":"catdog-life"}],"_links":{"self":[{"href":"https:\/\/falvarapet.com\/en\/wp-json\/wp\/v2\/product\/3948","targetHints":{"allow":["GET"]}}],"collection":[{"href":"https:\/\/falvarapet.com\/en\/wp-json\/wp\/v2\/product"}],"about":[{"href":"https:\/\/falvarapet.com\/en\/wp-json\/wp\/v2\/types\/product"}],"replies":[{"embeddable":true,"href":"https:\/\/falvarapet.com\/en\/wp-json\/wp\/v2\/comments?post=3948"}],"version-history":[{"count":0,"href":"https:\/\/falvarapet.com\/en\/wp-json\/wp\/v2\/product\/3948\/revisions"}],"wp:featuredmedia":[{"embeddable":true,"href":"https:\/\/falvarapet.com\/en\/wp-json\/wp\/v2\/media\/3949"}],"wp:attachment":[{"href":"https:\/\/falvarapet.com\/en\/wp-json\/wp\/v2\/media?parent=3948"}],"wp:term":[{"taxonomy":"pwb-brand","embeddable":true,"href":"https:\/\/falvarapet.com\/en\/wp-json\/wp\/v2\/pwb-brand?post=3948"},{"taxonomy":"product_brand","embeddable":true,"href":"https:\/\/falvarapet.com\/en\/wp-json\/wp\/v2\/product_brand?post=3948"},{"taxonomy":"product_cat","embeddable":true,"href":"https:\/\/falvarapet.com\/en\/wp-json\/wp\/v2\/product_cat?post=3948"},{"taxonomy":"product_tag","embeddable":true,"href":"https:\/\/falvarapet.com\/en\/wp-json\/wp\/v2\/product_tag?post=3948"}],"curies":[{"name":"wp","href":"https:\/\/api.w.org\/{rel}","templated":true}]}}