{"id":3943,"date":"2025-12-22T19:05:30","date_gmt":"2025-12-22T19:05:30","guid":{"rendered":"https:\/\/falvarapet.com\/urun\/cat-life-kediler-icin-4in1-silikon-masaj-ve-yikama-fircasi-202429\/"},"modified":"2026-01-23T13:08:16","modified_gmt":"2026-01-23T13:08:16","slug":"cat-life-kediler-icin-4in1-silikon-masaj-ve-yikama-fircasi-202429","status":"publish","type":"product","link":"https:\/\/falvarapet.com\/en\/product\/cat-life-kediler-icin-4in1-silikon-masaj-ve-yikama-fircasi-202429\/","title":{"rendered":"Cat Life Kediler \u0130\u00e7in 4in1 Silikon Masaj Ve Y\u0131kama F\u0131r\u00e7as\u0131 202429"},"content":{"rendered":"","protected":false},"excerpt":{"rendered":"","protected":false},"featured_media":3944,"comment_status":"open","ping_status":"closed","template":"","meta":[],"pwb-brand":[193],"product_brand":[],"product_cat":[123],"product_tag":[],"class_list":{"0":"post-3943","1":"product","2":"type-product","3":"status-publish","4":"has-post-thumbnail","6":"pwb-brand-catdog-life","7":"product_cat-tarak-ve-fircalar","9":"first","10":"outofstock","11":"taxable","12":"shipping-taxable","13":"purchasable","14":"product-type-simple"},"brands":[{"id":193,"name":"Cat&amp;Dog Life","slug":"catdog-life"}],"_links":{"self":[{"href":"https:\/\/falvarapet.com\/en\/wp-json\/wp\/v2\/product\/3943","targetHints":{"allow":["GET"]}}],"collection":[{"href":"https:\/\/falvarapet.com\/en\/wp-json\/wp\/v2\/product"}],"about":[{"href":"https:\/\/falvarapet.com\/en\/wp-json\/wp\/v2\/types\/product"}],"replies":[{"embeddable":true,"href":"https:\/\/falvarapet.com\/en\/wp-json\/wp\/v2\/comments?post=3943"}],"wp:featuredmedia":[{"embeddable":true,"href":"https:\/\/falvarapet.com\/en\/wp-json\/wp\/v2\/media\/3944"}],"wp:attachment":[{"href":"https:\/\/falvarapet.com\/en\/wp-json\/wp\/v2\/media?parent=3943"}],"wp:term":[{"taxonomy":"pwb-brand","embeddable":true,"href":"https:\/\/falvarapet.com\/en\/wp-json\/wp\/v2\/pwb-brand?post=3943"},{"taxonomy":"product_brand","embeddable":true,"href":"https:\/\/falvarapet.com\/en\/wp-json\/wp\/v2\/product_brand?post=3943"},{"taxonomy":"product_cat","embeddable":true,"href":"https:\/\/falvarapet.com\/en\/wp-json\/wp\/v2\/product_cat?post=3943"},{"taxonomy":"product_tag","embeddable":true,"href":"https:\/\/falvarapet.com\/en\/wp-json\/wp\/v2\/product_tag?post=3943"}],"curies":[{"name":"wp","href":"https:\/\/api.w.org\/{rel}","templated":true}]}}