{"id":3939,"date":"2025-12-22T19:04:39","date_gmt":"2025-12-22T19:04:39","guid":{"rendered":"https:\/\/falvarapet.com\/urun\/catdog-life-kedi-ve-kopekler-icin-telli-firca-tarak-16x8-cm-2\/"},"modified":"2026-01-11T15:24:15","modified_gmt":"2026-01-11T15:24:15","slug":"catdog-life-kedi-ve-kopekler-icin-telli-firca-tarak-16x8-cm-2","status":"publish","type":"product","link":"https:\/\/falvarapet.com\/en\/product\/catdog-life-kedi-ve-kopekler-icin-telli-firca-tarak-16x8-cm-2\/","title":{"rendered":"Cat&amp;Dog Life Kedi Ve K\u00f6pekler \u0130\u00e7in Telli F\u0131r\u00e7a +Tarak (16&#215;8 cm) 2"},"content":{"rendered":"<p>\u0130nce telli tarak, \u00f6zellikle uzun t\u00fcyl\u00fc k\u00f6pekler ve kediler i\u00e7in ideal bir bak\u0131m arac\u0131d\u0131r. \u0130nce di\u015fleri sayesinde t\u00fcylerdeki d\u00fc\u011f\u00fcmleri, kar\u0131\u015f\u0131kl\u0131klar\u0131 ve kirleri nazik\u00e7e a\u00e7ar, t\u00fcylerin parlak ve sa\u011fl\u0131kl\u0131 g\u00f6r\u00fcnmesini sa\u011flar. Evcil hayvan\u0131n\u0131z\u0131n t\u00fcy bak\u0131m\u0131n\u0131 zahmetsiz ve konforlu bir \u015fekilde yapman\u0131za yard\u0131mc\u0131 olur.<\/p>","protected":false},"excerpt":{"rendered":"<p>\u0130nce telli tarak, \u00f6zellikle uzun t\u00fcyl\u00fc k\u00f6pekler ve kediler i\u00e7in ideal bir bak\u0131m arac\u0131d\u0131r. \u0130nce di\u015fleri sayesinde t\u00fcylerdeki d\u00fc\u011f\u00fcmleri, kar\u0131\u015f\u0131kl\u0131klar\u0131 ve kirleri nazik\u00e7e a\u00e7ar, t\u00fcylerin parlak ve sa\u011fl\u0131kl\u0131 g\u00f6r\u00fcnmesini sa\u011flar. Evcil hayvan\u0131n\u0131z\u0131n t\u00fcy bak\u0131m\u0131n\u0131 zahmetsiz ve konforlu bir \u015fekilde yapman\u0131za yard\u0131mc\u0131 olur.<\/p>","protected":false},"featured_media":3940,"comment_status":"open","ping_status":"closed","template":"","meta":[],"pwb-brand":[193],"product_brand":[],"product_cat":[123],"product_tag":[],"class_list":{"0":"post-3939","1":"product","2":"type-product","3":"status-publish","4":"has-post-thumbnail","6":"pwb-brand-catdog-life","7":"product_cat-tarak-ve-fircalar","9":"first","10":"instock","11":"taxable","12":"shipping-taxable","13":"purchasable","14":"product-type-simple"},"brands":[{"id":193,"name":"Cat&amp;Dog Life","slug":"catdog-life"}],"_links":{"self":[{"href":"https:\/\/falvarapet.com\/en\/wp-json\/wp\/v2\/product\/3939","targetHints":{"allow":["GET"]}}],"collection":[{"href":"https:\/\/falvarapet.com\/en\/wp-json\/wp\/v2\/product"}],"about":[{"href":"https:\/\/falvarapet.com\/en\/wp-json\/wp\/v2\/types\/product"}],"replies":[{"embeddable":true,"href":"https:\/\/falvarapet.com\/en\/wp-json\/wp\/v2\/comments?post=3939"}],"wp:featuredmedia":[{"embeddable":true,"href":"https:\/\/falvarapet.com\/en\/wp-json\/wp\/v2\/media\/3940"}],"wp:attachment":[{"href":"https:\/\/falvarapet.com\/en\/wp-json\/wp\/v2\/media?parent=3939"}],"wp:term":[{"taxonomy":"pwb-brand","embeddable":true,"href":"https:\/\/falvarapet.com\/en\/wp-json\/wp\/v2\/pwb-brand?post=3939"},{"taxonomy":"product_brand","embeddable":true,"href":"https:\/\/falvarapet.com\/en\/wp-json\/wp\/v2\/product_brand?post=3939"},{"taxonomy":"product_cat","embeddable":true,"href":"https:\/\/falvarapet.com\/en\/wp-json\/wp\/v2\/product_cat?post=3939"},{"taxonomy":"product_tag","embeddable":true,"href":"https:\/\/falvarapet.com\/en\/wp-json\/wp\/v2\/product_tag?post=3939"}],"curies":[{"name":"wp","href":"https:\/\/api.w.org\/{rel}","templated":true}]}}