{"id":3915,"date":"2025-12-19T21:38:30","date_gmt":"2025-12-19T21:38:30","guid":{"rendered":"https:\/\/falvarapet.com\/urun\/hills-kitten-tavuklu-yavru-kedi-mamasi-1-kg-acik\/"},"modified":"2026-02-16T12:08:19","modified_gmt":"2026-02-16T12:08:19","slug":"hills-kitten-tavuklu-yavru-kedi-mamasi-1-kg-acik","status":"publish","type":"product","link":"https:\/\/falvarapet.com\/en\/product\/hills-kitten-tavuklu-yavru-kedi-mamasi-1-kg-acik\/","title":{"rendered":"Hill&#8217;s Kitten Tavuklu Yavru Kedi Mamas\u0131 1 Kg A\u00e7\u0131k"},"content":{"rendered":"<p>Hills Kitten Tavuklu Yavru Kedi Mamas\u0131 1 Kg A\u00c7IK<\/p>\n<p>Hill&#8217;s\u2122 Science Plan\u2122 Kitten Chicken ba\u011f\u0131\u015f\u0131kl\u0131k ve sindirim sistemini desteklemek i\u00e7in form\u00fcle edilmi\u015ftir. Etkinli\u011fi klinik olarak kan\u0131tlanm\u0131\u015f antioksidan ve ideal seviyelerde DHA katk\u0131s\u0131na sahiptir.<\/p>\n<p>Temel Faydalar<\/p>\n<p>Evcil hayvanlar\u0131n\u0131z\u0131n ya\u015fam\u0131n\u0131 d\u00f6n\u00fc\u015ft\u00fcren, etkisi klinik olarak kan\u0131tlanm\u0131\u015f mama.<\/p>\n<p>Hill&#8217;s\u2122 Science Plan\u2122 Kitten Chicken ba\u011f\u0131\u015f\u0131kl\u0131k ve sindirim sistemini desteklemek i\u00e7in form\u00fcle edilmi\u015ftir. Etkinli\u011fi klinik olarak kan\u0131tlanm\u0131\u015f antioksidan ve ideal seviyelerde DHA katk\u0131s\u0131na sahiptir.<\/p>\n<p>Ba\u011f\u0131\u015f\u0131kl\u0131k sistemini destekleyen ve etkinli\u011fi klinik olarak kan\u0131tlanm\u0131\u015f antioksidan katk\u0131s\u0131<\/p>\n<p>Hayati \u00f6nem ta\u015f\u0131yan organlar\u0131n sa\u011fl\u0131\u011f\u0131n\u0131 destekleyen dengeli ve sodyum oranlar\u0131<\/p>\n<p>Y\u00fcksek kaliteye sahip i\u00e7erikler sayesinde sa\u011fl\u0131kl\u0131 sindirim ve \u00fcst\u00fcn lezzet &#8211; % 100 Memnuniyet Garantisi<\/p>\n<p>Besleme Tavsiyesi<\/p>\n<p>Bu mamay\u0131 ilk kez mi kullan\u0131yorsunuz? 7 g\u00fcnl\u00fck s\u00fcre\u00e7te eski mama ile yeni mamay\u0131, yeni mama miktar\u0131n\u0131 yava\u015f\u00e7a artt\u0131rarak veriniz. Her zaman kedinizin ula\u015fabilece\u011fi bir yerde temiz ve taze su bulundurunuz.<\/p>\n<p>Mama miktar\u0131n\u0131n, ideal v\u00fccut a\u011f\u0131rl\u0131\u011f\u0131n\u0131 koruyacak \u015fekilde ayarlama y\u00f6ntemi.<\/p>\n<p>Yavru kediler, gebe ve emziren di\u015fi kediler; genellikle ad libitum beslenebilirler. Bu aral\u0131klar yaln\u0131z bir ba\u015flang\u0131\u00e7 noktas\u0131d\u0131r \u00e7\u00fcnk\u00fc evcil hayvanlar\u0131n ihtiya\u00e7lar\u0131 de\u011fi\u015fiklik g\u00f6sterir.Verilecek miktar\u0131 ideal v\u00fccut a\u011f\u0131rl\u0131\u011f\u0131na g\u00f6re ayarlay\u0131n\u0131z.<\/p>\n<p>YAVRU KED\u0130LER<\/p>\n<p>Science PlanTM Kitten s\u00fctten kesildikten sonra 1 ya\u015f\u0131na kadar kadar verilmelidir. Yavru kediler genellikle s\u0131n\u0131rs\u0131z miktarda Science PlanTM Kitten ile beslenirler ancak a\u015fa\u011f\u0131da belirtilen beslenme rebheri, g\u00fcnde 2-4 \u00f6\u011f\u00fcn i\u00e7in bir ba\u015flang\u0131\u00e7 noktas\u0131 olarak ve optimal v\u00fccut durumunu muhafaza etmek i\u00e7in ayarlanacak olan miktarlar\u0131n belirlenmesi i\u00e7in kullan\u0131labilir.<\/p>\n<p>GEBEL\u0130K<\/p>\n<p>Gebe kediler genellikle s\u0131n\u0131rs\u0131z miktarda Science PlanTM Kitten ile beslenirler ancak a\u015fa\u011f\u0131da belirtilen beslenme rehberi, bir ba\u015flang\u0131\u00e7 noktas\u0131 olarak ve optimal v\u00fccut durumunu muhafaza etmek i\u00e7in ayarlanacak olan miktarlar\u0131n belirlenmesi i\u00e7in kullan\u0131labilir.<\/p>\n<p>EMZ\u0130RME<\/p>\n<p>Emziren di\u015fi kediler, s\u00fctten kesilme ger\u00e7ekle\u015finceye dek Science PlanTM Kitten ile ad libitum beslenmelidirler.<\/p>\n<p>\u0130\u00e7erik<\/p>\n<p>Y\u00fcksek kaliteli protein ve \u00f6zenle haz\u0131rlanm\u0131\u015f malzemeler.<\/p>\n<p>Tavuklu (minimum Tavuk %40, Tavuk ve Hindi birlikte %65): Tavuk ve hindi unu, m\u0131s\u0131r unu, hayvansal ya\u011f, bal\u0131k ya\u011f\u0131, dijest, kurutulmu\u015f pancar k\u00fcspesi, potasyum klorid, keten tohumu, L-lizin hidroklorid, L-tritofan, taurin, magnezyum oksit, vitaminler ve iz elementler. Do\u011fal olarak kar\u0131\u015ft\u0131r\u0131lm\u0131\u015f tosoferoller, sitrik asit ve ku\u015fburnu \u00f6z\u00fc ile korunmaktad\u0131r.<\/p>","protected":false},"excerpt":{"rendered":"<p>Hills Kitten Tavuklu Yavru Kedi Mamas\u0131 1 Kg A\u00c7IK Hill&#8217;s\u2122 Science Plan\u2122 Kitten Chicken ba\u011f\u0131\u015f\u0131kl\u0131k ve sindirim sistemini desteklemek i\u00e7in form\u00fcle edilmi\u015ftir. Etkinli\u011fi klinik olarak kan\u0131tlanm\u0131\u015f antioksidan ve ideal seviyelerde DHA katk\u0131s\u0131na sahiptir. Temel Faydalar Evcil hayvanlar\u0131n\u0131z\u0131n ya\u015fam\u0131n\u0131 d\u00f6n\u00fc\u015ft\u00fcren, etkisi klinik olarak kan\u0131tlanm\u0131\u015f mama. Hill&#8217;s\u2122 Science Plan\u2122 Kitten Chicken ba\u011f\u0131\u015f\u0131kl\u0131k ve sindirim sistemini desteklemek i\u00e7in [&hellip;]<\/p>","protected":false},"featured_media":3916,"comment_status":"open","ping_status":"closed","template":"","meta":[],"pwb-brand":[194],"product_brand":[],"product_cat":[115],"product_tag":[],"class_list":{"0":"post-3915","1":"product","2":"type-product","3":"status-publish","4":"has-post-thumbnail","6":"pwb-brand-hills","7":"product_cat-kedi-kuru-mamalari","9":"first","10":"outofstock","11":"taxable","12":"shipping-taxable","13":"purchasable","14":"product-type-simple"},"brands":[{"id":194,"name":"Hill's","slug":"hills"}],"_links":{"self":[{"href":"https:\/\/falvarapet.com\/en\/wp-json\/wp\/v2\/product\/3915","targetHints":{"allow":["GET"]}}],"collection":[{"href":"https:\/\/falvarapet.com\/en\/wp-json\/wp\/v2\/product"}],"about":[{"href":"https:\/\/falvarapet.com\/en\/wp-json\/wp\/v2\/types\/product"}],"replies":[{"embeddable":true,"href":"https:\/\/falvarapet.com\/en\/wp-json\/wp\/v2\/comments?post=3915"}],"wp:featuredmedia":[{"embeddable":true,"href":"https:\/\/falvarapet.com\/en\/wp-json\/wp\/v2\/media\/3916"}],"wp:attachment":[{"href":"https:\/\/falvarapet.com\/en\/wp-json\/wp\/v2\/media?parent=3915"}],"wp:term":[{"taxonomy":"pwb-brand","embeddable":true,"href":"https:\/\/falvarapet.com\/en\/wp-json\/wp\/v2\/pwb-brand?post=3915"},{"taxonomy":"product_brand","embeddable":true,"href":"https:\/\/falvarapet.com\/en\/wp-json\/wp\/v2\/product_brand?post=3915"},{"taxonomy":"product_cat","embeddable":true,"href":"https:\/\/falvarapet.com\/en\/wp-json\/wp\/v2\/product_cat?post=3915"},{"taxonomy":"product_tag","embeddable":true,"href":"https:\/\/falvarapet.com\/en\/wp-json\/wp\/v2\/product_tag?post=3915"}],"curies":[{"name":"wp","href":"https:\/\/api.w.org\/{rel}","templated":true}]}}