{"id":3892,"date":"2025-12-19T19:08:49","date_gmt":"2025-12-19T19:08:49","guid":{"rendered":"https:\/\/falvarapet.com\/urun\/garden-mix-10lu-sade-muhabbet-kusu-kraker\/"},"modified":"2026-01-11T19:15:44","modified_gmt":"2026-01-11T19:15:44","slug":"garden-mix-10lu-sade-muhabbet-kusu-kraker","status":"publish","type":"product","link":"https:\/\/falvarapet.com\/en\/product\/garden-mix-10lu-sade-muhabbet-kusu-kraker\/","title":{"rendered":"Garden Mix 10&#8217;Lu Sade Muhabbet Ku\u015fu Kraker"},"content":{"rendered":"<p>\u00a0<strong>GARDENM\u0130X 10 LU KRAKER<\/strong><\/p>\n<p>Muhabbet ku\u015flar\u0131n\u0131z\u0131n severek t\u00fcketece\u011fi i\u00e7erisinde sar\u0131 dar\u0131,siyah dar\u0131 ve k\u0131rm\u0131z\u0131 dar\u0131 gibi \u00a0temel besin maddelerini bar\u0131nd\u0131ran,ask\u0131 aparat\u0131 ile kafesin istenilen b\u00f6lgesine as\u0131labilen krakerler.<\/p>\n<p><strong>Analiz De\u011ferleri :<\/strong><\/p>\n<p>Ham Protein : \u00a0 \u00a0 \u00a0 \u00a0 \u00a0 \u00a0 \u00a0 \u00a0 \u00a0 \u00a0 %12<\/p>\n<p>Nem : \u00a0 \u00a0 \u00a0 \u00a0 \u00a0 \u00a0 \u00a0 \u00a0 \u00a0 \u00a0 \u00a0 \u00a0 \u00a0 \u00a0 \u00a0 \u00a0 %12<\/p>\n<p>Ham Ya\u011f : \u00a0 \u00a0 \u00a0 \u00a0 \u00a0 \u00a0 \u00a0 \u00a0 \u00a0 \u00a0 \u00a0 \u00a0 \u00a0%11<\/p>\n<p>Ham Sel\u00fcloz : \u00a0 \u00a0 \u00a0 \u00a0 \u00a0 \u00a0 \u00a0 \u00a0 \u00a0 \u00a0 %9<\/p>\n<p>Ham K\u00fcl : \u00a0 \u00a0 \u00a0 \u00a0 \u00a0 \u00a0 \u00a0 \u00a0 \u00a0 \u00a0 \u00a0 \u00a0 \u00a0%6<\/p>\n<p><strong>Kullan\u0131m\u0131 :<\/strong>\u00a0Kafesin i\u00e7ine bir tane as\u0131n\u0131z.Bittik\u00e7e yenileyiniz.Yan\u0131nda temiz su bulundurulmas\u0131 tavsiye edilir.<\/p>\n<p><strong>Serin ve kuru bir yerde muhafaza ediniz.<\/strong><\/p>","protected":false},"excerpt":{"rendered":"<p>\u00a0GARDENM\u0130X 10 LU KRAKER Muhabbet ku\u015flar\u0131n\u0131z\u0131n severek t\u00fcketece\u011fi i\u00e7erisinde sar\u0131 dar\u0131,siyah dar\u0131 ve k\u0131rm\u0131z\u0131 dar\u0131 gibi \u00a0temel besin maddelerini bar\u0131nd\u0131ran,ask\u0131 aparat\u0131 ile kafesin istenilen b\u00f6lgesine as\u0131labilen krakerler. Analiz De\u011ferleri : Ham Protein : \u00a0 \u00a0 \u00a0 \u00a0 \u00a0 \u00a0 \u00a0 \u00a0 \u00a0 \u00a0 %12 Nem : \u00a0 \u00a0 \u00a0 \u00a0 \u00a0 \u00a0 \u00a0 \u00a0 \u00a0 [&hellip;]<\/p>","protected":false},"featured_media":3893,"comment_status":"open","ping_status":"closed","template":"","meta":[],"pwb-brand":[191],"product_brand":[],"product_cat":[153],"product_tag":[],"class_list":{"0":"post-3892","1":"product","2":"type-product","3":"status-publish","4":"has-post-thumbnail","6":"pwb-brand-garden-mix","7":"product_cat-kraker-ve-mamalar","9":"first","10":"instock","11":"taxable","12":"shipping-taxable","13":"purchasable","14":"product-type-simple"},"brands":[{"id":191,"name":"Garden Mix","slug":"garden-mix"}],"_links":{"self":[{"href":"https:\/\/falvarapet.com\/en\/wp-json\/wp\/v2\/product\/3892","targetHints":{"allow":["GET"]}}],"collection":[{"href":"https:\/\/falvarapet.com\/en\/wp-json\/wp\/v2\/product"}],"about":[{"href":"https:\/\/falvarapet.com\/en\/wp-json\/wp\/v2\/types\/product"}],"replies":[{"embeddable":true,"href":"https:\/\/falvarapet.com\/en\/wp-json\/wp\/v2\/comments?post=3892"}],"wp:featuredmedia":[{"embeddable":true,"href":"https:\/\/falvarapet.com\/en\/wp-json\/wp\/v2\/media\/3893"}],"wp:attachment":[{"href":"https:\/\/falvarapet.com\/en\/wp-json\/wp\/v2\/media?parent=3892"}],"wp:term":[{"taxonomy":"pwb-brand","embeddable":true,"href":"https:\/\/falvarapet.com\/en\/wp-json\/wp\/v2\/pwb-brand?post=3892"},{"taxonomy":"product_brand","embeddable":true,"href":"https:\/\/falvarapet.com\/en\/wp-json\/wp\/v2\/product_brand?post=3892"},{"taxonomy":"product_cat","embeddable":true,"href":"https:\/\/falvarapet.com\/en\/wp-json\/wp\/v2\/product_cat?post=3892"},{"taxonomy":"product_tag","embeddable":true,"href":"https:\/\/falvarapet.com\/en\/wp-json\/wp\/v2\/product_tag?post=3892"}],"curies":[{"name":"wp","href":"https:\/\/api.w.org\/{rel}","templated":true}]}}