{"id":3852,"date":"2025-12-15T15:35:03","date_gmt":"2025-12-15T15:35:03","guid":{"rendered":"https:\/\/falvarapet.com\/urun\/miamor-cream-cigerli-kedi-odulu-6x15-gr\/"},"modified":"2026-01-15T12:06:20","modified_gmt":"2026-01-15T12:06:20","slug":"miamor-cream-cigerli-kedi-odulu-6x15-gr","status":"publish","type":"product","link":"https:\/\/falvarapet.com\/en\/product\/miamor-cream-cigerli-kedi-odulu-6x15-gr","title":{"rendered":"Miamor Cream Ci\u011ferli Kedi \u00d6d\u00fcl\u00fc 6&#215;15 Gr"},"content":{"rendered":"<p>Miamor Cream \u2013 Yeti\u015fkin kediler i\u00e7in tamamlay\u0131c\u0131 mama &#8211; Ci\u011ferli Leziz ci\u011ferli krema \u2013 metabolizmay\u0131 g\u00fc\u00e7lendirir. D\u00fc\u015f\u00fck kalorilidir; \u015feker, koruyucu, renklendirici i\u00e7ermez. Analiz bile\u015fenleri:nbsp;Nem%87; Ham ya\u011f %3,5; Protein %3; Ham k\u00fcl %2,0; Ham Lif %0,2. \u0130\u00e7indekiler:nbsp;Et ve et yan \u00fcr\u00fcnleri (%4 ci\u011fer); sebze ve sebze yan \u00fcr\u00fcnleri, s\u00fct ve s\u00fct yan \u00fcr\u00fcnleri; kekik. nbsp; G\u00fcnl\u00fck beslenme tavsiyesi:nbsp;G\u00fcnde bir adet verilmesi yeterlidir. A\u00e7\u0131lan paketin saklanmamas\u0131 gereklidir. Beslenme s\u0131ras\u0131nda yan\u0131nda daima temiz su bulundurulmas\u0131 tavsiye edilir. Yaln\u0131zca hayvan t\u00fcketimi i\u00e7indir. Serin ve kuru bir yerde saklay\u0131n\u0131z. Men\u015fei:nbsp;Almanya . Son t\u00fcketim tarihi \u00fcretim tarihinden itibaren 24 ayd\u0131r. \u00dcr\u00fcn \u00d6zellikleri \u00dcretim Yeri : \u0130thal Tah\u0131l : Tah\u0131ll\u0131 Aroma : Ci\u011fer Boyut : T\u00fcm Irklar Ya\u015f : Yeti\u015fkin Paket : Karton Form : Macun<br \/>\nBesleyici \u00f6zelli\u011fe sahiptir<br \/>\nEvcil hayvanlar i\u00e7in \u00f6zel olarak \u00fcretilmi\u015ftir<br \/>\nEvcil hayvanlar\u0131n\u0131z\u0131n damak tad\u0131na uygundur<\/p>","protected":false},"excerpt":{"rendered":"<p>Miamor Cream \u2013 Yeti\u015fkin kediler i\u00e7in tamamlay\u0131c\u0131 mama &#8211; Ci\u011ferli Leziz ci\u011ferli krema \u2013 metabolizmay\u0131 g\u00fc\u00e7lendirir. D\u00fc\u015f\u00fck kalorilidir; \u015feker, koruyucu, renklendirici i\u00e7ermez. Analiz bile\u015fenleri:nbsp;Nem%87; Ham ya\u011f %3,5; Protein %3; Ham k\u00fcl %2,0; Ham Lif %0,2. \u0130\u00e7indekiler:nbsp;Et ve et yan \u00fcr\u00fcnleri (%4 ci\u011fer); sebze ve sebze yan \u00fcr\u00fcnleri, s\u00fct ve s\u00fct yan \u00fcr\u00fcnleri; kekik. nbsp; G\u00fcnl\u00fck [&hellip;]<\/p>","protected":false},"featured_media":3853,"comment_status":"open","ping_status":"closed","template":"","meta":{"om_disable_all_campaigns":false,"_monsterinsights_skip_tracking":false,"_monsterinsights_sitenote_active":false,"_monsterinsights_sitenote_note":"","_monsterinsights_sitenote_category":0},"pwb-brand":[197],"product_brand":[],"product_cat":[116],"product_tag":[],"class_list":{"0":"post-3852","1":"product","2":"type-product","3":"status-publish","4":"has-post-thumbnail","6":"pwb-brand-miamor","7":"product_cat-kedi-odulleri","9":"first","10":"instock","11":"taxable","12":"shipping-taxable","13":"purchasable","14":"product-type-simple"},"aioseo_notices":[],"brands":[{"id":197,"name":"Miamor","slug":"miamor"}],"_links":{"self":[{"href":"https:\/\/falvarapet.com\/en\/wp-json\/wp\/v2\/product\/3852","targetHints":{"allow":["GET"]}}],"collection":[{"href":"https:\/\/falvarapet.com\/en\/wp-json\/wp\/v2\/product"}],"about":[{"href":"https:\/\/falvarapet.com\/en\/wp-json\/wp\/v2\/types\/product"}],"replies":[{"embeddable":true,"href":"https:\/\/falvarapet.com\/en\/wp-json\/wp\/v2\/comments?post=3852"}],"version-history":[{"count":0,"href":"https:\/\/falvarapet.com\/en\/wp-json\/wp\/v2\/product\/3852\/revisions"}],"wp:featuredmedia":[{"embeddable":true,"href":"https:\/\/falvarapet.com\/en\/wp-json\/wp\/v2\/media\/3853"}],"wp:attachment":[{"href":"https:\/\/falvarapet.com\/en\/wp-json\/wp\/v2\/media?parent=3852"}],"wp:term":[{"taxonomy":"pwb-brand","embeddable":true,"href":"https:\/\/falvarapet.com\/en\/wp-json\/wp\/v2\/pwb-brand?post=3852"},{"taxonomy":"product_brand","embeddable":true,"href":"https:\/\/falvarapet.com\/en\/wp-json\/wp\/v2\/product_brand?post=3852"},{"taxonomy":"product_cat","embeddable":true,"href":"https:\/\/falvarapet.com\/en\/wp-json\/wp\/v2\/product_cat?post=3852"},{"taxonomy":"product_tag","embeddable":true,"href":"https:\/\/falvarapet.com\/en\/wp-json\/wp\/v2\/product_tag?post=3852"}],"curies":[{"name":"wp","href":"https:\/\/api.w.org\/{rel}","templated":true}]}}