{"id":3839,"date":"2025-12-14T03:49:15","date_gmt":"2025-12-14T03:49:15","guid":{"rendered":"https:\/\/falvarapet.com\/urun\/tahta-ahsap-tunek-5-adet-40-cm-gurgen-agacindan\/"},"modified":"2026-04-01T07:42:11","modified_gmt":"2026-04-01T07:42:11","slug":"tahta-ahsap-tunek-5-adet-40-cm-gurgen-agacindan","status":"publish","type":"product","link":"https:\/\/falvarapet.com\/en\/product\/tahta-ahsap-tunek-5-adet-40-cm-gurgen-agacindan","title":{"rendered":"Tahta (ah\u015fap) T\u00fcnek 5 Adet 40 Cm G\u00fcrgen A\u011fac\u0131ndan"},"content":{"rendered":"<div id=\"rich-content-wrapper\">\n<div>\n  <span><span><span><span><span><span><span><span><span><span><span><span><span><span><span><span><span>5&#8217;li Paket halinde sat\u0131lmaktad\u0131r.<\/span><\/span><\/span><\/span><\/span><\/span><\/span><\/span><\/span><\/span><\/span><\/span><\/span><\/span><\/span><\/span><\/span>\n <\/div>\n<div>\n<ul>\n<li><span>Kafes ku\u015flar\u0131 i\u00e7in g\u00fcrgen a\u011fac\u0131ndan yap\u0131lm\u0131\u015ft\u0131r. Kafese sabitlemek i\u00e7in u\u00e7 k\u0131sm\u0131nda iki tarafl\u0131 \u00e7entik vard\u0131r. T\u00fcne\u011fin y\u00fczeyi temizdir, 1. s\u0131n\u0131f i\u015f\u00e7ilik ile \u00fcretilmi\u015ftir. T\u00fcneklerimiz 40 cm uzunlu\u011fundad\u0131r, istenilen boyda kesilebilir.<\/span><\/li>\n<\/ul><\/div>\n<\/div>","protected":false},"excerpt":{"rendered":"<p>5&#8217;li Paket halinde sat\u0131lmaktad\u0131r. Kafes ku\u015flar\u0131 i\u00e7in g\u00fcrgen a\u011fac\u0131ndan yap\u0131lm\u0131\u015ft\u0131r. Kafese sabitlemek i\u00e7in u\u00e7 k\u0131sm\u0131nda iki tarafl\u0131 \u00e7entik vard\u0131r. T\u00fcne\u011fin y\u00fczeyi temizdir, 1. s\u0131n\u0131f i\u015f\u00e7ilik ile \u00fcretilmi\u015ftir. T\u00fcneklerimiz 40 cm uzunlu\u011fundad\u0131r, istenilen boyda kesilebilir.<\/p>","protected":false},"featured_media":3840,"comment_status":"open","ping_status":"closed","template":"","meta":{"om_disable_all_campaigns":false,"_monsterinsights_skip_tracking":false,"_monsterinsights_sitenote_active":false,"_monsterinsights_sitenote_note":"","_monsterinsights_sitenote_category":0},"pwb-brand":[175],"product_brand":[],"product_cat":[162],"product_tag":[],"class_list":{"0":"post-3839","1":"product","2":"type-product","3":"status-publish","4":"has-post-thumbnail","6":"pwb-brand-birevcil","7":"product_cat-tunekler","9":"first","10":"instock","11":"taxable","12":"shipping-taxable","13":"purchasable","14":"product-type-simple"},"aioseo_notices":[],"brands":[{"id":175,"name":"Birevcil","slug":"birevcil"}],"_links":{"self":[{"href":"https:\/\/falvarapet.com\/en\/wp-json\/wp\/v2\/product\/3839","targetHints":{"allow":["GET"]}}],"collection":[{"href":"https:\/\/falvarapet.com\/en\/wp-json\/wp\/v2\/product"}],"about":[{"href":"https:\/\/falvarapet.com\/en\/wp-json\/wp\/v2\/types\/product"}],"replies":[{"embeddable":true,"href":"https:\/\/falvarapet.com\/en\/wp-json\/wp\/v2\/comments?post=3839"}],"version-history":[{"count":0,"href":"https:\/\/falvarapet.com\/en\/wp-json\/wp\/v2\/product\/3839\/revisions"}],"wp:featuredmedia":[{"embeddable":true,"href":"https:\/\/falvarapet.com\/en\/wp-json\/wp\/v2\/media\/3840"}],"wp:attachment":[{"href":"https:\/\/falvarapet.com\/en\/wp-json\/wp\/v2\/media?parent=3839"}],"wp:term":[{"taxonomy":"pwb-brand","embeddable":true,"href":"https:\/\/falvarapet.com\/en\/wp-json\/wp\/v2\/pwb-brand?post=3839"},{"taxonomy":"product_brand","embeddable":true,"href":"https:\/\/falvarapet.com\/en\/wp-json\/wp\/v2\/product_brand?post=3839"},{"taxonomy":"product_cat","embeddable":true,"href":"https:\/\/falvarapet.com\/en\/wp-json\/wp\/v2\/product_cat?post=3839"},{"taxonomy":"product_tag","embeddable":true,"href":"https:\/\/falvarapet.com\/en\/wp-json\/wp\/v2\/product_tag?post=3839"}],"curies":[{"name":"wp","href":"https:\/\/api.w.org\/{rel}","templated":true}]}}