{"id":3798,"date":"2025-12-13T14:09:18","date_gmt":"2025-12-13T14:09:18","guid":{"rendered":"https:\/\/falvarapet.com\/urun\/20-adet-ice-gecmeli-gr50-1-salma-tunek-basligi\/"},"modified":"2026-01-06T11:17:38","modified_gmt":"2026-01-06T11:17:38","slug":"20-adet-ice-gecmeli-gr50-1-salma-tunek-basligi","status":"publish","type":"product","link":"https:\/\/falvarapet.com\/en\/product\/20-adet-ice-gecmeli-gr50-1-salma-tunek-basligi","title":{"rendered":"20 Adet I\u00e7e Ge\u00e7meli Gr50 1 Salma T\u00fcnek Ba\u015fl\u0131\u011f\u0131"},"content":{"rendered":"<p>Boru \u015feklindeki plastik t\u00fcnekleri kafese sabitlemek i\u00e7in kullan\u0131l\u0131r. ; Boru t\u00fcnekleri kafesinize uygun \u00f6l\u00e7ulerde keserek t\u00fcne\u011fi kafesin her iki taraf\u0131na sabitleyebilirsiniz. ; Bu \u015fekilde t\u00fcnekler kulland\u0131\u011f\u0131n\u0131zda di\u011fer t\u00fcnekler gibi sallanmaz. ; Ku\u015flar\u0131n \u00e7iftle\u015fme s\u0131ras\u0131nda t\u00fcne\u011fin sallanmas\u0131 engellenir ve ku\u015flar\u0131n konsantrosyonu bozulmam\u0131\u015f olur.;<\/p>","protected":false},"excerpt":{"rendered":"<p>Boru \u015feklindeki plastik t\u00fcnekleri kafese sabitlemek i\u00e7in kullan\u0131l\u0131r. ; Boru t\u00fcnekleri kafesinize uygun \u00f6l\u00e7ulerde keserek t\u00fcne\u011fi kafesin her iki taraf\u0131na sabitleyebilirsiniz. ; Bu \u015fekilde t\u00fcnekler kulland\u0131\u011f\u0131n\u0131zda di\u011fer t\u00fcnekler gibi sallanmaz. ; Ku\u015flar\u0131n \u00e7iftle\u015fme s\u0131ras\u0131nda t\u00fcne\u011fin sallanmas\u0131 engellenir ve ku\u015flar\u0131n konsantrosyonu bozulmam\u0131\u015f olur.;<\/p>","protected":false},"featured_media":3799,"comment_status":"open","ping_status":"closed","template":"","meta":{"om_disable_all_campaigns":false,"_monsterinsights_skip_tracking":false,"_monsterinsights_sitenote_active":false,"_monsterinsights_sitenote_note":"","_monsterinsights_sitenote_category":0},"pwb-brand":[203],"product_brand":[],"product_cat":[162],"product_tag":[],"class_list":{"0":"post-3798","1":"product","2":"type-product","3":"status-publish","4":"has-post-thumbnail","6":"pwb-brand-gr50","7":"product_cat-tunekler","9":"first","10":"instock","11":"taxable","12":"shipping-taxable","13":"purchasable","14":"product-type-simple"},"aioseo_notices":[],"brands":[{"id":203,"name":"Gr50","slug":"gr50"}],"_links":{"self":[{"href":"https:\/\/falvarapet.com\/en\/wp-json\/wp\/v2\/product\/3798","targetHints":{"allow":["GET"]}}],"collection":[{"href":"https:\/\/falvarapet.com\/en\/wp-json\/wp\/v2\/product"}],"about":[{"href":"https:\/\/falvarapet.com\/en\/wp-json\/wp\/v2\/types\/product"}],"replies":[{"embeddable":true,"href":"https:\/\/falvarapet.com\/en\/wp-json\/wp\/v2\/comments?post=3798"}],"version-history":[{"count":0,"href":"https:\/\/falvarapet.com\/en\/wp-json\/wp\/v2\/product\/3798\/revisions"}],"wp:featuredmedia":[{"embeddable":true,"href":"https:\/\/falvarapet.com\/en\/wp-json\/wp\/v2\/media\/3799"}],"wp:attachment":[{"href":"https:\/\/falvarapet.com\/en\/wp-json\/wp\/v2\/media?parent=3798"}],"wp:term":[{"taxonomy":"pwb-brand","embeddable":true,"href":"https:\/\/falvarapet.com\/en\/wp-json\/wp\/v2\/pwb-brand?post=3798"},{"taxonomy":"product_brand","embeddable":true,"href":"https:\/\/falvarapet.com\/en\/wp-json\/wp\/v2\/product_brand?post=3798"},{"taxonomy":"product_cat","embeddable":true,"href":"https:\/\/falvarapet.com\/en\/wp-json\/wp\/v2\/product_cat?post=3798"},{"taxonomy":"product_tag","embeddable":true,"href":"https:\/\/falvarapet.com\/en\/wp-json\/wp\/v2\/product_tag?post=3798"}],"curies":[{"name":"wp","href":"https:\/\/api.w.org\/{rel}","templated":true}]}}