{"id":3761,"date":"2025-12-07T03:58:19","date_gmt":"2025-12-07T03:58:19","guid":{"rendered":"https:\/\/falvarapet.com\/urun\/jbl-novo-tab-etcil-tablet-yem-kovadan-bolme-500-adet\/"},"modified":"2026-04-02T20:44:15","modified_gmt":"2026-04-02T20:44:15","slug":"jbl-novo-tab-etcil-tablet-yem-kovadan-bolme-500-adet","status":"publish","type":"product","link":"https:\/\/falvarapet.com\/en\/product\/jbl-novo-tab-etcil-tablet-yem-kovadan-bolme-500-adet\/","title":{"rendered":"Jbl Novo Tab, Et\u00e7il tablet yem, Kovadan B\u00f6lme 500 Adet"},"content":{"rendered":"<p style=\"margin: 0.0cm 0.0cm 10.0pt\"><span style=\"font-size:16px\"><span style=\"line-height: 115.0%\"><span style=\"line-height: 115.0%\">Dipte ya\u015fayan t\u00fcm bal\u0131k t\u00fcrleri ve t\u00fcm di\u011ferleri i\u00e7in tabletin cama yap\u0131\u015ft\u0131r\u0131lmas\u0131 idealdir<\/span><\/span><\/span><\/p>\n<p style=\"margin: 0.0cm 0.0cm 10.0pt\"><span style=\"font-size:16px\"><span style=\"line-height: 115.0%\"><span style=\"line-height: 115.0%\">Uygulama: Akvaryumun dibine \u00e7\u00f6kmesi sa\u011flan\u0131r veya i\u00e7eriden hafif bir bask\u0131 uygulanarak akvaryum cam\u0131na yap\u0131\u015ft\u0131r\u0131l\u0131r<\/span><\/span><\/span><\/p>\n<p style=\"margin: 0.0cm 0.0cm 10.0pt\"><span style=\"font-size:16px\"><span style=\"line-height: 115.0%\"><span style=\"line-height: 115.0%\">Do\u011fala yak\u0131n beslenme ve sa\u011fl\u0131kl\u0131 akvaryum bal\u0131klar\u0131 i\u00e7in yapay katk\u0131 maddesi i\u00e7ermeyen do\u011fal ham maddeler. Tropikal b\u00f6lgelere yap\u0131lan JBL ke\u015fif gezilerinde test edilmi\u015ftir<\/span><\/span><\/span><\/p>\n<p style=\"margin: 0.0cm 0.0cm 10.0pt\"><span style=\"font-size:16px\"><span style=\"line-height: 115.0%\"><span style=\"line-height: 115.0%\">Karides, somon ve tubifeks gibi y\u00fcksek kaliteli ham maddeler sayesinde se\u00e7ici bal\u0131k t\u00fcrlerinde bile \u00e7ok y\u00fcksek d\u00fczeyde kabul g\u00f6r\u00fcr<\/span><\/span><\/span><\/p>\n<p style=\"margin: 0.0cm 0.0cm 10.0pt\">\u00a0<\/p>\n<p style=\"margin: 0.0cm 0.0cm 10.0pt\"><span style=\"font-size:16px\"><span style=\"line-height: 115.0%\"><span style=\"background: white\"><span style=\"line-height: 115.0%\">Dipte ya\u015fayan bal\u0131klar yemlerini daha \u00e7ok zeminde ararlar, dolay\u0131s\u0131yla dibe \u00e7\u00f6ken yem tabletleri onlar i\u00e7in ideal uygunluktad\u0131r. Di\u011fer bal\u0131klar\u0131n beslenmesinde kullan\u0131lan dibe \u00e7\u00f6ken gran\u00fcl yemler de e\u011fer \u00e7ok fazla yem verilmi\u015fse zemine ula\u015facakt\u0131r! Bu nedenle serbest y\u00fczen ve zeminde ya\u015fayan bal\u0131k t\u00fcrlerini ayr\u0131 ayr\u0131 yemlemek mant\u0131kl\u0131d\u0131r.<\/span><\/span><\/p>\n<p><span style=\"line-height: 115.0%\"><span style=\"background: white\"><span><span><span style=\"float: none\"><span>S\u00fcs bal\u0131klar\u0131 i\u00e7in biyolojik t\u00fcrler konsepti:<\/span><\/span><\/span><\/span><\/span><br \/>\n<span style=\"background: white\"><span><span><span style=\"float: none\"><span>Dipte ya\u015fayan bal\u0131klar\u0131n da beslenme talepleri de\u011fi\u015fiktir: Dipte ya\u015fayan bal\u0131k t\u00fcrlerinin neredeyse tamam\u0131 JBL PRONOVO TAB yerler. Ama serbest y\u00fczen bal\u0131k t\u00fcrleri de tabletin kokusundan onun yem oldu\u011funu h\u0131zla ke\u015ffederler. \u00c7ok b\u00fcy\u00fck bal\u0131klar bunlar\u0131 b\u00fct\u00fcn olarak yutarken, k\u00fc\u00e7\u00fckler \u0131s\u0131r\u0131p kopararak yerler. Tablet cama yap\u0131\u015ft\u0131r\u0131l\u0131r yap\u0131\u015ft\u0131r\u0131lmaz t\u00fcm bal\u0131klar taraf\u0131ndan \u00e7ok severek yenir ve bu s\u0131rada onlar\u0131 izlemek de \u00e7ok keyiflidir.<\/span><\/span><\/span><\/span><\/span><\/span><\/span><\/span><\/p>","protected":false},"excerpt":{"rendered":"<p>Dipte ya\u015fayan t\u00fcm bal\u0131k t\u00fcrleri ve t\u00fcm di\u011ferleri i\u00e7in tabletin cama yap\u0131\u015ft\u0131r\u0131lmas\u0131 idealdir Uygulama: Akvaryumun dibine \u00e7\u00f6kmesi sa\u011flan\u0131r veya i\u00e7eriden hafif bir bask\u0131 uygulanarak akvaryum cam\u0131na yap\u0131\u015ft\u0131r\u0131l\u0131r Do\u011fala yak\u0131n beslenme ve sa\u011fl\u0131kl\u0131 akvaryum bal\u0131klar\u0131 i\u00e7in yapay katk\u0131 maddesi i\u00e7ermeyen do\u011fal ham maddeler. Tropikal b\u00f6lgelere yap\u0131lan JBL ke\u015fif gezilerinde test edilmi\u015ftir Karides, somon ve tubifeks gibi [&hellip;]<\/p>","protected":false},"featured_media":3762,"comment_status":"open","ping_status":"closed","template":"","meta":[],"pwb-brand":[181],"product_brand":[],"product_cat":[91],"product_tag":[],"class_list":{"0":"post-3761","1":"product","2":"type-product","3":"status-publish","4":"has-post-thumbnail","6":"pwb-brand-jbl","7":"product_cat-tablet-yemler","9":"first","10":"instock","11":"taxable","12":"shipping-taxable","13":"purchasable","14":"product-type-simple"},"brands":[{"id":181,"name":"Jbl","slug":"jbl"}],"_links":{"self":[{"href":"https:\/\/falvarapet.com\/en\/wp-json\/wp\/v2\/product\/3761","targetHints":{"allow":["GET"]}}],"collection":[{"href":"https:\/\/falvarapet.com\/en\/wp-json\/wp\/v2\/product"}],"about":[{"href":"https:\/\/falvarapet.com\/en\/wp-json\/wp\/v2\/types\/product"}],"replies":[{"embeddable":true,"href":"https:\/\/falvarapet.com\/en\/wp-json\/wp\/v2\/comments?post=3761"}],"wp:featuredmedia":[{"embeddable":true,"href":"https:\/\/falvarapet.com\/en\/wp-json\/wp\/v2\/media\/3762"}],"wp:attachment":[{"href":"https:\/\/falvarapet.com\/en\/wp-json\/wp\/v2\/media?parent=3761"}],"wp:term":[{"taxonomy":"pwb-brand","embeddable":true,"href":"https:\/\/falvarapet.com\/en\/wp-json\/wp\/v2\/pwb-brand?post=3761"},{"taxonomy":"product_brand","embeddable":true,"href":"https:\/\/falvarapet.com\/en\/wp-json\/wp\/v2\/product_brand?post=3761"},{"taxonomy":"product_cat","embeddable":true,"href":"https:\/\/falvarapet.com\/en\/wp-json\/wp\/v2\/product_cat?post=3761"},{"taxonomy":"product_tag","embeddable":true,"href":"https:\/\/falvarapet.com\/en\/wp-json\/wp\/v2\/product_tag?post=3761"}],"curies":[{"name":"wp","href":"https:\/\/api.w.org\/{rel}","templated":true}]}}