{"id":3696,"date":"2025-12-06T13:49:48","date_gmt":"2025-12-06T13:49:48","guid":{"rendered":"https:\/\/falvarapet.com\/urun\/500-adet-jbl-pro-novo-botia-tab-m-tablet-yem\/"},"modified":"2026-03-28T15:37:16","modified_gmt":"2026-03-28T15:37:16","slug":"500-adet-jbl-pro-novo-botia-tab-m-tablet-yem","status":"publish","type":"product","link":"https:\/\/falvarapet.com\/en\/product\/500-adet-jbl-pro-novo-botia-tab-m-tablet-yem","title":{"rendered":"500 Adet Jbl Pro Novo Botia Tab M Tablet Yem"},"content":{"rendered":"<p>T\u00fcm \u00e7opra t\u00fcrleri Asya k\u00f6kenlidir ve dip odakl\u0131 bal\u0131klard\u0131r. Bu nedenle a\u011f\u0131rl\u0131kl\u0131 olarak zeminden beslenirler. Palya\u00e7o \u00e7opra, kokarca \u00e7opra, almora \u00e7opra ve mavi botia \u00e7opra gibi t\u00fcrler iyi birer salyangoz gidericidir!<\/p>\n<p>Karma akvaryumlarda ya\u015fayan dip s\u00e2kinleri yemlerini nas\u0131l elde ederler?<br \/>\nMutlaka bir kez olsun tan\u0131k olmu\u015fsunuzdur: Dipte ya\u015fayan \u00e7opralar i\u00e7in akvaryuma bir yem tableti atars\u0131n\u0131z ama suyun ba\u015fka b\u00f6lgelerinde ya\u015fayan bal\u0131klar tableti kapar ve \u00e7opralar a\u00e7\u0131kta kal\u0131r! Di\u011fer se\u00e7enek: \u00c7opralar di\u011fer bal\u0131klar\u0131n yeminden arta kalanlar\u0131 yer. Ancak o zaman yap\u0131lacak yemleme genellikle hem \u00e7opralara hem de yosunlara yetecek miktarda olacakt\u0131r! \u00c7opralar \u00f6rne\u011fin dekorasyona tak\u0131l\u0131p kalan yeme ula\u015famaz. Bu yemler bozulabilir ve h\u0131zla yosun sorununa yol a\u00e7ar.<br \/>\n\u015eu y\u00f6ntem daha iyidir: \u00d6nce suyun \u00fcst katmanlar\u0131ndaki bal\u0131klara yem verin ve sonra bunlar \u201c\u00e7\u0131lg\u0131nca yemleri kap\u0131\u015fmaya ba\u015flad\u0131\u011f\u0131nda&#8221;, akvaryuma \u00e7opralar i\u00e7in bir iki yem tableti at\u0131n. Ayn\u0131 akvaryumda farkl\u0131 dip bal\u0131klar\u0131 besliyorsan\u0131z nas\u0131l hareket etmelisiniz? \u00d6rne\u011fin \u00e7\u00f6p\u00e7\u00fc bal\u0131klar\u0131n\u0131z\u0131 JBL PRONOVO CORYDORAS, \u00e7opralar\u0131n\u0131z\u0131 ise JBL PRONOVO BOTIA gibi 2 ayr\u0131 \u00e7e\u015fit tabletle ayn\u0131 anda sorunsuzca yemleyebilirsiniz. Hatta bu, bal\u0131klar\u0131n\u0131za daha fazla \u00e7e\u015fit sunuldu\u011fu, ama bir yandan da her bal\u0131k grubu kendi t\u00fcr\u00fcne uygun yemi buldu\u011fu i\u00e7in, onlar\u0131 olumlu etkileyecektir.<\/p>\n<p>Tabletle cips aras\u0131ndaki fark nedir? Yem tabletleri (\u00f6rn. JBL PRONOVO TAB, JBL PRONOVO BOTIA) ince pul yemler mekanik olarak s\u0131k\u0131\u015ft\u0131r\u0131larak \u00fcretilir. Buna kar\u015f\u0131l\u0131k cipsler bir p\u00fcrenin ve extr\u00fcderden ge\u00e7irilen &#8220;sonsuz bir sosisin&#8221; ince ince kesilerek kurutulmas\u0131 ile elde edilir.<\/p>","protected":false},"excerpt":{"rendered":"<p>T\u00fcm \u00e7opra t\u00fcrleri Asya k\u00f6kenlidir ve dip odakl\u0131 bal\u0131klard\u0131r. Bu nedenle a\u011f\u0131rl\u0131kl\u0131 olarak zeminden beslenirler. Palya\u00e7o \u00e7opra, kokarca \u00e7opra, almora \u00e7opra ve mavi botia \u00e7opra gibi t\u00fcrler iyi birer salyangoz gidericidir! Karma akvaryumlarda ya\u015fayan dip s\u00e2kinleri yemlerini nas\u0131l elde ederler? Mutlaka bir kez olsun tan\u0131k olmu\u015fsunuzdur: Dipte ya\u015fayan \u00e7opralar i\u00e7in akvaryuma bir yem tableti atars\u0131n\u0131z [&hellip;]<\/p>","protected":false},"featured_media":3697,"comment_status":"open","ping_status":"closed","template":"","meta":{"om_disable_all_campaigns":false,"_monsterinsights_skip_tracking":false,"_monsterinsights_sitenote_active":false,"_monsterinsights_sitenote_note":"","_monsterinsights_sitenote_category":0},"pwb-brand":[181],"product_brand":[],"product_cat":[91],"product_tag":[],"class_list":{"0":"post-3696","1":"product","2":"type-product","3":"status-publish","4":"has-post-thumbnail","6":"pwb-brand-jbl","7":"product_cat-tablet-yemler","9":"first","10":"instock","11":"taxable","12":"shipping-taxable","13":"purchasable","14":"product-type-simple"},"aioseo_notices":[],"brands":[{"id":181,"name":"Jbl","slug":"jbl"}],"_links":{"self":[{"href":"https:\/\/falvarapet.com\/en\/wp-json\/wp\/v2\/product\/3696","targetHints":{"allow":["GET"]}}],"collection":[{"href":"https:\/\/falvarapet.com\/en\/wp-json\/wp\/v2\/product"}],"about":[{"href":"https:\/\/falvarapet.com\/en\/wp-json\/wp\/v2\/types\/product"}],"replies":[{"embeddable":true,"href":"https:\/\/falvarapet.com\/en\/wp-json\/wp\/v2\/comments?post=3696"}],"version-history":[{"count":0,"href":"https:\/\/falvarapet.com\/en\/wp-json\/wp\/v2\/product\/3696\/revisions"}],"wp:featuredmedia":[{"embeddable":true,"href":"https:\/\/falvarapet.com\/en\/wp-json\/wp\/v2\/media\/3697"}],"wp:attachment":[{"href":"https:\/\/falvarapet.com\/en\/wp-json\/wp\/v2\/media?parent=3696"}],"wp:term":[{"taxonomy":"pwb-brand","embeddable":true,"href":"https:\/\/falvarapet.com\/en\/wp-json\/wp\/v2\/pwb-brand?post=3696"},{"taxonomy":"product_brand","embeddable":true,"href":"https:\/\/falvarapet.com\/en\/wp-json\/wp\/v2\/product_brand?post=3696"},{"taxonomy":"product_cat","embeddable":true,"href":"https:\/\/falvarapet.com\/en\/wp-json\/wp\/v2\/product_cat?post=3696"},{"taxonomy":"product_tag","embeddable":true,"href":"https:\/\/falvarapet.com\/en\/wp-json\/wp\/v2\/product_tag?post=3696"}],"curies":[{"name":"wp","href":"https:\/\/api.w.org\/{rel}","templated":true}]}}