{"id":3632,"date":"2025-12-06T04:16:02","date_gmt":"2025-12-06T04:16:02","guid":{"rendered":"https:\/\/falvarapet.com\/urun\/1000-gram-jbl-pro-novo-pleco-wafer-m-vatoz-icin-tablet-yem\/"},"modified":"2026-03-31T10:52:00","modified_gmt":"2026-03-31T10:52:00","slug":"1000-gram-jbl-pro-novo-pleco-wafer-m-vatoz-icin-tablet-yem","status":"publish","type":"product","link":"https:\/\/falvarapet.com\/en\/product\/1000-gram-jbl-pro-novo-pleco-wafer-m-vatoz-icin-tablet-yem","title":{"rendered":"1000 Gram Jbl Pro Novo Pleco Wafer M Vatoz \u0130\u00e7in Tablet Yem"},"content":{"rendered":"<p>Vantuzlu \u00e7\u00f6p\u00e7\u00fc bal\u0131\u011f\u0131 grubu beslenme konusunda \u00e7ok farkl\u0131d\u0131r: Bu t\u00fcr\u00fcn b\u00fcy\u00fck bir k\u0131sm\u0131 ot\u00e7uldur ve bitkilerle ve yosunlarla beslenirler.\u00a0<\/p>\n<p>I\u015f\u0131klar s\u00f6nd\u00fcr\u00fcld\u00fckten sonra\u00a0JBL Novo Pleco\u00a0ile yemleme yapman\u0131z \u00f6nerilir. Cips yemler normal tablet yemler gibi\u00a0\u00e7ok h\u0131zl\u0131 \u00e7\u00f6z\u00fclmez.<\/p>\n<p>Ispanak, spirulina ve karides gibi y\u00fcksek kaliteli ham maddeler sayesinde se\u00e7ici t\u00fcrlerde bile \u00e7ok y\u00fcksek d\u00fczeyde kabul g\u00f6r\u00fcr<\/p>\n<p>Alerji riskine kar\u015f\u0131 dermatolojik a\u00e7\u0131dan test edilmi\u015ftir.<\/p>\n<p>\u0130\u00e7eri\u011fi:\u00a0<\/p>\n<ul>\n<li>Bu\u011fday ru\u015feymi<\/li>\n<li>Ispanak<\/li>\n<li>Soya unu<\/li>\n<li>Odun lifi<\/li>\n<li>Somon bal\u0131\u011f\u0131 unu<\/li>\n<li>Ye\u015fillikten \u00fcretilmi\u015f un<\/li>\n<li>Spirulina<\/li>\n<li>B\u00fcy\u00fck karides unu<\/li>\n<li>Bu\u011fday unu<\/li>\n<li>Pirin\u00e7 unu<\/li>\n<li>Maya ekstresi<\/li>\n<li>Pancar k\u00fcspesi<\/li>\n<\/ul>\n<p>G\u00fcnde bir veya iki kez bir ka\u00e7 dakikada yenecek miktarda verin<\/p>","protected":false},"excerpt":{"rendered":"<p>Vantuzlu \u00e7\u00f6p\u00e7\u00fc bal\u0131\u011f\u0131 grubu beslenme konusunda \u00e7ok farkl\u0131d\u0131r: Bu t\u00fcr\u00fcn b\u00fcy\u00fck bir k\u0131sm\u0131 ot\u00e7uldur ve bitkilerle ve yosunlarla beslenirler.\u00a0 I\u015f\u0131klar s\u00f6nd\u00fcr\u00fcld\u00fckten sonra\u00a0JBL Novo Pleco\u00a0ile yemleme yapman\u0131z \u00f6nerilir. Cips yemler normal tablet yemler gibi\u00a0\u00e7ok h\u0131zl\u0131 \u00e7\u00f6z\u00fclmez. Ispanak, spirulina ve karides gibi y\u00fcksek kaliteli ham maddeler sayesinde se\u00e7ici t\u00fcrlerde bile \u00e7ok y\u00fcksek d\u00fczeyde kabul g\u00f6r\u00fcr Alerji riskine [&hellip;]<\/p>","protected":false},"featured_media":3633,"comment_status":"open","ping_status":"closed","template":"","meta":{"om_disable_all_campaigns":false,"_monsterinsights_skip_tracking":false,"_monsterinsights_sitenote_active":false,"_monsterinsights_sitenote_note":"","_monsterinsights_sitenote_category":0},"pwb-brand":[181],"product_brand":[],"product_cat":[91],"product_tag":[],"class_list":{"0":"post-3632","1":"product","2":"type-product","3":"status-publish","4":"has-post-thumbnail","6":"pwb-brand-jbl","7":"product_cat-tablet-yemler","9":"first","10":"instock","11":"taxable","12":"shipping-taxable","13":"purchasable","14":"product-type-simple"},"aioseo_notices":[],"brands":[{"id":181,"name":"Jbl","slug":"jbl"}],"_links":{"self":[{"href":"https:\/\/falvarapet.com\/en\/wp-json\/wp\/v2\/product\/3632","targetHints":{"allow":["GET"]}}],"collection":[{"href":"https:\/\/falvarapet.com\/en\/wp-json\/wp\/v2\/product"}],"about":[{"href":"https:\/\/falvarapet.com\/en\/wp-json\/wp\/v2\/types\/product"}],"replies":[{"embeddable":true,"href":"https:\/\/falvarapet.com\/en\/wp-json\/wp\/v2\/comments?post=3632"}],"version-history":[{"count":0,"href":"https:\/\/falvarapet.com\/en\/wp-json\/wp\/v2\/product\/3632\/revisions"}],"wp:featuredmedia":[{"embeddable":true,"href":"https:\/\/falvarapet.com\/en\/wp-json\/wp\/v2\/media\/3633"}],"wp:attachment":[{"href":"https:\/\/falvarapet.com\/en\/wp-json\/wp\/v2\/media?parent=3632"}],"wp:term":[{"taxonomy":"pwb-brand","embeddable":true,"href":"https:\/\/falvarapet.com\/en\/wp-json\/wp\/v2\/pwb-brand?post=3632"},{"taxonomy":"product_brand","embeddable":true,"href":"https:\/\/falvarapet.com\/en\/wp-json\/wp\/v2\/product_brand?post=3632"},{"taxonomy":"product_cat","embeddable":true,"href":"https:\/\/falvarapet.com\/en\/wp-json\/wp\/v2\/product_cat?post=3632"},{"taxonomy":"product_tag","embeddable":true,"href":"https:\/\/falvarapet.com\/en\/wp-json\/wp\/v2\/product_tag?post=3632"}],"curies":[{"name":"wp","href":"https:\/\/api.w.org\/{rel}","templated":true}]}}