{"id":3560,"date":"2025-12-04T15:56:45","date_gmt":"2025-12-04T15:56:45","guid":{"rendered":"https:\/\/falvarapet.com\/urun\/tropical-supervit-b-tablets-kova-yem\/"},"modified":"2026-03-31T16:29:24","modified_gmt":"2026-03-31T16:29:24","slug":"tropical-supervit-b-tablets-kova-yem","status":"publish","type":"product","link":"https:\/\/falvarapet.com\/en\/product\/tropical-supervit-b-tablets-kova-yem","title":{"rendered":"Tropical Supervit B Tablets Kova Yem"},"content":{"rendered":"<h1 style=\"margin:0px;text-align:left\"><span style=\"font-size:1.5rem\"><span><span style=\"font-family:-apple-system, BlinkMacSystemFont,\"><span style=\"font-weight:500\"><span style=\"line-height:1.2\"><span style=\"color:#212529\"><span style=\"font-style:normal\"><span><span><span style=\"letter-spacing:normal\"><span><span style=\"text-transform:none\"><span><span><span style=\"white-space:normal\"><span style=\"background-color:#f5f8fd\"><span><span><span>Tropical SuperVit Tablets B<\/span><\/span><\/span><\/span><\/span><\/span><\/span><\/span><\/span><\/span><\/span><\/span><\/span><\/span><\/span><\/span><\/span><\/span><\/span><\/h1>\n<p><span style=\"font-size:16px\"><span><span style=\"color:#212529\"><span style=\"font-family:-apple-system, BlinkMacSystemFont,\"><span style=\"font-style:normal\"><span><span><span style=\"font-weight:400\"><span style=\"letter-spacing:normal\"><span><span style=\"text-transform:none\"><span><span><span style=\"white-space:normal\"><span style=\"background-color:#f5f8fd\"><span><span><span><font><font>Tropical Supervit Tablet B, akvaryumun dibinden beslenen hem et\u00e7il hem de hep\u00e7il bal\u0131klar\u0131n g\u00fcnl\u00fck beslenmesi i\u00e7in batan tablet formunda, \u00e7ok bile\u015fenli bir yemdir. Ayr\u0131ca salyangoz, kabuklu deniz hayvanlar\u0131 ve su kaplumba\u011falar\u0131 i\u00e7in de yem olarak kullan\u0131labilir. Son derece zengin ve \u00e7e\u015fitli form\u00fcl\u00fc, hayvanlara t\u00fcm temel besinleri sa\u011flar. Beta-glukan ilavesi, bal\u0131klar\u0131n ba\u011f\u0131\u015f\u0131kl\u0131\u011f\u0131n\u0131 g\u00fc\u00e7lendirir. Bu temel bal\u0131k yemi, \u00e7ok t\u00fcrl\u00fc bir akvaryum i\u00e7in ideal bir se\u00e7imdir.<\/font><\/font><\/p>\n<p><strong style=\"font-weight:bolder\"><font><font>Bal\u0131klar\u0131n\u0131z i\u00e7in faydalar\u0131<\/font><\/font><\/strong><br \/>\n<font><font>\u2022 Sa\u011fl\u0131kl\u0131 b\u00fcy\u00fcme ve geli\u015fmeyi sa\u011flar<\/font><\/font><br \/>\n<font><font>\u2022 Sindirimi d\u00fczenler<\/font><\/font><br \/>\n<font><font>\u2022 Bal\u0131k renklenmesini geli\u015ftirir<\/font><\/font><br \/>\n<font><font>\u2022 Canl\u0131l\u0131\u011f\u0131 art\u0131r\u0131r ve \u00fcremeyi te\u015fvik eder<\/font><\/font><\/p>\n<p><strong style=\"font-weight:bolder\"><font><font>Yem \u0130\u00e7eri\u011fi;<\/font><\/font><\/strong><br \/>\nBal\u0131k ve bal\u0131k t\u00fcrevleri, tah\u0131llar, bitkisel protein \u00f6zleri, yumu\u015fak\u00e7alar ve kabuklular, bitkisel k\u00f6kenli t\u00fcrevler, s\u00fct ve s\u00fct \u00fcr\u00fcnleri, algler, maya (Beta-1.3\/1.6-Glukan 1.000 mg\/kg), ya\u011flar ve kat\u0131 ya\u011flar, mineraller.<\/span><\/span><\/span><\/span><\/span><\/span><\/span><\/span><\/span><\/span><\/span><\/span><\/span><\/span><\/span><\/span><\/span><\/span><\/p>","protected":false},"excerpt":{"rendered":"<p>Tropical SuperVit Tablets B Tropical Supervit Tablet B, akvaryumun dibinden beslenen hem et\u00e7il hem de hep\u00e7il bal\u0131klar\u0131n g\u00fcnl\u00fck beslenmesi i\u00e7in batan tablet formunda, \u00e7ok bile\u015fenli bir yemdir. Ayr\u0131ca salyangoz, kabuklu deniz hayvanlar\u0131 ve su kaplumba\u011falar\u0131 i\u00e7in de yem olarak kullan\u0131labilir. Son derece zengin ve \u00e7e\u015fitli form\u00fcl\u00fc, hayvanlara t\u00fcm temel besinleri sa\u011flar. Beta-glukan ilavesi, bal\u0131klar\u0131n ba\u011f\u0131\u015f\u0131kl\u0131\u011f\u0131n\u0131 [&hellip;]<\/p>","protected":false},"featured_media":3561,"comment_status":"open","ping_status":"closed","template":"","meta":{"om_disable_all_campaigns":false,"_monsterinsights_skip_tracking":false,"_monsterinsights_sitenote_active":false,"_monsterinsights_sitenote_note":"","_monsterinsights_sitenote_category":0},"pwb-brand":[176],"product_brand":[],"product_cat":[94],"product_tag":[],"class_list":{"0":"post-3560","1":"product","2":"type-product","3":"status-publish","4":"has-post-thumbnail","6":"pwb-brand-tropical","7":"product_cat-kova-yemler","9":"first","10":"instock","11":"taxable","12":"shipping-taxable","13":"purchasable","14":"product-type-simple"},"aioseo_notices":[],"brands":[{"id":176,"name":"Tropical","slug":"tropical"}],"_links":{"self":[{"href":"https:\/\/falvarapet.com\/en\/wp-json\/wp\/v2\/product\/3560","targetHints":{"allow":["GET"]}}],"collection":[{"href":"https:\/\/falvarapet.com\/en\/wp-json\/wp\/v2\/product"}],"about":[{"href":"https:\/\/falvarapet.com\/en\/wp-json\/wp\/v2\/types\/product"}],"replies":[{"embeddable":true,"href":"https:\/\/falvarapet.com\/en\/wp-json\/wp\/v2\/comments?post=3560"}],"version-history":[{"count":0,"href":"https:\/\/falvarapet.com\/en\/wp-json\/wp\/v2\/product\/3560\/revisions"}],"wp:featuredmedia":[{"embeddable":true,"href":"https:\/\/falvarapet.com\/en\/wp-json\/wp\/v2\/media\/3561"}],"wp:attachment":[{"href":"https:\/\/falvarapet.com\/en\/wp-json\/wp\/v2\/media?parent=3560"}],"wp:term":[{"taxonomy":"pwb-brand","embeddable":true,"href":"https:\/\/falvarapet.com\/en\/wp-json\/wp\/v2\/pwb-brand?post=3560"},{"taxonomy":"product_brand","embeddable":true,"href":"https:\/\/falvarapet.com\/en\/wp-json\/wp\/v2\/product_brand?post=3560"},{"taxonomy":"product_cat","embeddable":true,"href":"https:\/\/falvarapet.com\/en\/wp-json\/wp\/v2\/product_cat?post=3560"},{"taxonomy":"product_tag","embeddable":true,"href":"https:\/\/falvarapet.com\/en\/wp-json\/wp\/v2\/product_tag?post=3560"}],"curies":[{"name":"wp","href":"https:\/\/api.w.org\/{rel}","templated":true}]}}