{"id":3536,"date":"2025-11-30T17:21:37","date_gmt":"2025-11-30T17:21:37","guid":{"rendered":"https:\/\/falvarapet.com\/urun\/6-adet-biyo-aquacure-nitrofur-50-ml-akvaryum-su-duzenleyici\/"},"modified":"2026-03-17T09:00:17","modified_gmt":"2026-03-17T09:00:17","slug":"6-adet-biyo-aquacure-nitrofur-50-ml-akvaryum-su-duzenleyici","status":"publish","type":"product","link":"https:\/\/falvarapet.com\/en\/product\/6-adet-biyo-aquacure-nitrofur-50-ml-akvaryum-su-duzenleyici\/","title":{"rendered":"6 Adet Biyo Aquacure Nitrofur 50 Ml Akvaryum Su D\u00fczenleyici"},"content":{"rendered":"<p>\u00c7\u00d6ZELT\u0130 &#8211; AKVARYUM SUYU D\u00dcZENLEY\u0130C\u0130S\u0130 (6 Adet) Kullan\u0131m Sahas\u0131: Akvaryum suyunda parazit ve mantar enfeksiyonlar\u0131n\u0131n \u00fcreyemeyece\u011fi ortam\u0131 sa\u011flayarak, akvaryum suyunu d\u00fczenler ve temiz kalmas\u0131n\u0131 sa\u011flar. ; Kullan\u0131m \u015eekli Ve Dozu: * Kullanmadan \u00f6nce \u00e7alkalay\u0131n\u0131z. ; * 20Litre akvaryum suyuna 5ML Nitrofur \u00c7\u00f6zelti ilave ediniz. ; * Bu akvaryum suyunun temizlenmesi i\u00e7in gerekli olan konsantrasyonu sa\u011flar. ; * Uygulama 3-4 g\u00fcn tekrarlan\u0131r. ; * Her uygulamadan sonra Nitrofur \u00c7\u00f6zeltisinin akvaryum suyundan at\u0131lmamas\u0131 i\u00e7in 3-4 saat filtre kapal\u0131 tutulmal\u0131, sonras\u0131nda a\u00e7\u0131lmal\u0131d\u0131r. ; * Uygulama sonras\u0131nda kirlenmi\u015f olan filtre malzemesi (s\u00fcnger veya aktif karbon) at\u0131l\u0131r ve yenisi tak\u0131l\u0131r. ; * Akvaryum suyunun her yenilenmesinde uygulama tekrarlanmal\u0131d\u0131r. ; Muhafaza \u015eartlar\u0131 Ve \u00d6mr\u00fc: Kendi ambalaj\u0131 i\u00e7inde, oda \u0131s\u0131nda direkt g\u00fcne\u015f \u0131\u015f\u0131\u011f\u0131ndan uzakta muhafaza edilmelidir.;<\/p>","protected":false},"excerpt":{"rendered":"<p>\u00c7\u00d6ZELT\u0130 &#8211; AKVARYUM SUYU D\u00dcZENLEY\u0130C\u0130S\u0130 (6 Adet) Kullan\u0131m Sahas\u0131: Akvaryum suyunda parazit ve mantar enfeksiyonlar\u0131n\u0131n \u00fcreyemeyece\u011fi ortam\u0131 sa\u011flayarak, akvaryum suyunu d\u00fczenler ve temiz kalmas\u0131n\u0131 sa\u011flar. ; Kullan\u0131m \u015eekli Ve Dozu: * Kullanmadan \u00f6nce \u00e7alkalay\u0131n\u0131z. ; * 20Litre akvaryum suyuna 5ML Nitrofur \u00c7\u00f6zelti ilave ediniz. ; * Bu akvaryum suyunun temizlenmesi i\u00e7in gerekli olan konsantrasyonu sa\u011flar. [&hellip;]<\/p>","protected":false},"featured_media":3537,"comment_status":"open","ping_status":"closed","template":"","meta":[],"pwb-brand":[185],"product_brand":[],"product_cat":[59],"product_tag":[],"class_list":{"0":"post-3536","1":"product","2":"type-product","3":"status-publish","4":"has-post-thumbnail","6":"pwb-brand-biyoteknik","7":"product_cat-balik-saglik-ve-bakim-urunleri","9":"first","10":"outofstock","11":"taxable","12":"shipping-taxable","13":"purchasable","14":"product-type-simple"},"brands":[{"id":185,"name":"Biyoteknik","slug":"biyoteknik"}],"_links":{"self":[{"href":"https:\/\/falvarapet.com\/en\/wp-json\/wp\/v2\/product\/3536","targetHints":{"allow":["GET"]}}],"collection":[{"href":"https:\/\/falvarapet.com\/en\/wp-json\/wp\/v2\/product"}],"about":[{"href":"https:\/\/falvarapet.com\/en\/wp-json\/wp\/v2\/types\/product"}],"replies":[{"embeddable":true,"href":"https:\/\/falvarapet.com\/en\/wp-json\/wp\/v2\/comments?post=3536"}],"wp:featuredmedia":[{"embeddable":true,"href":"https:\/\/falvarapet.com\/en\/wp-json\/wp\/v2\/media\/3537"}],"wp:attachment":[{"href":"https:\/\/falvarapet.com\/en\/wp-json\/wp\/v2\/media?parent=3536"}],"wp:term":[{"taxonomy":"pwb-brand","embeddable":true,"href":"https:\/\/falvarapet.com\/en\/wp-json\/wp\/v2\/pwb-brand?post=3536"},{"taxonomy":"product_brand","embeddable":true,"href":"https:\/\/falvarapet.com\/en\/wp-json\/wp\/v2\/product_brand?post=3536"},{"taxonomy":"product_cat","embeddable":true,"href":"https:\/\/falvarapet.com\/en\/wp-json\/wp\/v2\/product_cat?post=3536"},{"taxonomy":"product_tag","embeddable":true,"href":"https:\/\/falvarapet.com\/en\/wp-json\/wp\/v2\/product_tag?post=3536"}],"curies":[{"name":"wp","href":"https:\/\/api.w.org\/{rel}","templated":true}]}}