{"id":3515,"date":"2025-11-30T05:28:06","date_gmt":"2025-11-30T05:28:06","guid":{"rendered":"https:\/\/falvarapet.com\/urun\/biyo-pet-dust-kedi-kopek-icin-kuru-toz-sampuan\/"},"modified":"2026-04-18T20:02:15","modified_gmt":"2026-04-18T20:02:15","slug":"biyo-pet-dust-kedi-kopek-icin-kuru-toz-sampuan","status":"publish","type":"product","link":"https:\/\/falvarapet.com\/en\/product\/biyo-pet-dust-kedi-kopek-icin-kuru-toz-sampuan","title":{"rendered":"B\u0131yo Pet-dust Kedi Kopek \u0130\u00e7in Kuru Toz Sampuan"},"content":{"rendered":"<p><strong>Biyo Dermacure PET-DUST Dry Powder<\/strong><\/p>\n<p>Kedi ve K\u00f6pek Kuru \u015eampuan\u0131<\/p>\n<p><strong>Bile\u015fimi:<\/strong>\u00a0Biyo Dermacure PET-DUST Dry Powder; \u00c7inko oksit, Borik Ast, Kaolin, Magnezyum Stereat ve Lavanta Aromas\u0131 i\u00e7eren deri bak\u0131m\u0131 i\u00e7in kuru \u015fampuand\u0131r.<\/p>\n<p><strong>Kullan\u0131m Sahas\u0131:<\/strong>\u00a0Biyo Dermacure PET-DUST Dry Powder; Kedi ve k\u00f6peklerin temizli\u011finde kullan\u0131lmak \u00fczere haz\u0131rlanm\u0131\u015f bir kuru \u015fampuand\u0131r. S\u0131kl\u0131kla y\u0131kanmas\u0131 gereken kedi ve k\u00f6peklerin ciltlerindeki ya\u011f dengesinde bozulmalar meydana gelmektedir.<\/p>\n<p>Bu gibi durumlar ile birlikte su ile y\u0131kanmaktan ho\u015flanmayan kedi ve k\u00f6peklerin; derilerinin temizlenmesini ve k\u00f6t\u00fc kokular\u0131n giderilmesi ile ho\u015f bir kokuya sahip olmalar\u0131n\u0131 sa\u011flar. \u00d6zellikle seyahat d\u00f6nemlerinde \u0131slak y\u0131kamaya g\u00f6re daha kolay uygulanabilir olmas\u0131 gibi bir avantaj sa\u011flayan Biyo Dermacure PET-DUST Dry Powder hayvanlar\u0131n deri sa\u011fl\u0131klar\u0131n\u0131n korunmas\u0131na yard\u0131mc\u0131 olur.<\/p>\n<p><strong>\u00a0<\/strong><strong>KULLANIM \u015eEKL\u0130 VE DOZU:<\/strong>\u00a0Biyo Dermacure PET-DUST Dry Powder; Kedi ve k\u00f6peklerin kuru t\u00fcylerine serpildikten sonra friksiyon ve masaj yaparak deriye yay\u0131l\u0131r. Fazlas\u0131 kuru bir bez yard\u0131m\u0131yla temizlendikten sonra t\u00fcyler taran\u0131r. S\u0131k kullan\u0131lmas\u0131nda herhangi bir sak\u0131nca yoktur.<\/p>\n<p><strong>\u00a0<\/strong><strong>MUHAFAZA \u015eARTLARI VE RAF \u00d6MR\u00dc:<\/strong><\/p>\n<ul>\n<li>Kendi ambalaj\u0131 i\u00e7inde, oda \u0131s\u0131s\u0131nda, kuru yerde muhafaza edilmelidir.<\/li>\n<\/ul>","protected":false},"excerpt":{"rendered":"<p>Biyo Dermacure PET-DUST Dry Powder Kedi ve K\u00f6pek Kuru \u015eampuan\u0131 Bile\u015fimi:\u00a0Biyo Dermacure PET-DUST Dry Powder; \u00c7inko oksit, Borik Ast, Kaolin, Magnezyum Stereat ve Lavanta Aromas\u0131 i\u00e7eren deri bak\u0131m\u0131 i\u00e7in kuru \u015fampuand\u0131r. Kullan\u0131m Sahas\u0131:\u00a0Biyo Dermacure PET-DUST Dry Powder; Kedi ve k\u00f6peklerin temizli\u011finde kullan\u0131lmak \u00fczere haz\u0131rlanm\u0131\u015f bir kuru \u015fampuand\u0131r. S\u0131kl\u0131kla y\u0131kanmas\u0131 gereken kedi ve k\u00f6peklerin ciltlerindeki ya\u011f [&hellip;]<\/p>","protected":false},"featured_media":3516,"comment_status":"open","ping_status":"closed","template":"","meta":{"om_disable_all_campaigns":false,"_monsterinsights_skip_tracking":false,"_monsterinsights_sitenote_active":false,"_monsterinsights_sitenote_note":"","_monsterinsights_sitenote_category":0},"pwb-brand":[185],"product_brand":[],"product_cat":[122,137],"product_tag":[],"class_list":{"0":"post-3515","1":"product","2":"type-product","3":"status-publish","4":"has-post-thumbnail","6":"pwb-brand-biyoteknik","7":"product_cat-sampuanlar","8":"product_cat-sampuanlar-kopek-saglik-ve-bakim","10":"first","11":"instock","12":"taxable","13":"shipping-taxable","14":"purchasable","15":"product-type-simple"},"aioseo_notices":[],"brands":[{"id":185,"name":"Biyoteknik","slug":"biyoteknik"}],"_links":{"self":[{"href":"https:\/\/falvarapet.com\/en\/wp-json\/wp\/v2\/product\/3515","targetHints":{"allow":["GET"]}}],"collection":[{"href":"https:\/\/falvarapet.com\/en\/wp-json\/wp\/v2\/product"}],"about":[{"href":"https:\/\/falvarapet.com\/en\/wp-json\/wp\/v2\/types\/product"}],"replies":[{"embeddable":true,"href":"https:\/\/falvarapet.com\/en\/wp-json\/wp\/v2\/comments?post=3515"}],"version-history":[{"count":0,"href":"https:\/\/falvarapet.com\/en\/wp-json\/wp\/v2\/product\/3515\/revisions"}],"wp:featuredmedia":[{"embeddable":true,"href":"https:\/\/falvarapet.com\/en\/wp-json\/wp\/v2\/media\/3516"}],"wp:attachment":[{"href":"https:\/\/falvarapet.com\/en\/wp-json\/wp\/v2\/media?parent=3515"}],"wp:term":[{"taxonomy":"pwb-brand","embeddable":true,"href":"https:\/\/falvarapet.com\/en\/wp-json\/wp\/v2\/pwb-brand?post=3515"},{"taxonomy":"product_brand","embeddable":true,"href":"https:\/\/falvarapet.com\/en\/wp-json\/wp\/v2\/product_brand?post=3515"},{"taxonomy":"product_cat","embeddable":true,"href":"https:\/\/falvarapet.com\/en\/wp-json\/wp\/v2\/product_cat?post=3515"},{"taxonomy":"product_tag","embeddable":true,"href":"https:\/\/falvarapet.com\/en\/wp-json\/wp\/v2\/product_tag?post=3515"}],"curies":[{"name":"wp","href":"https:\/\/api.w.org\/{rel}","templated":true}]}}