{"id":3496,"date":"2025-11-29T15:09:42","date_gmt":"2025-11-29T15:09:42","guid":{"rendered":"https:\/\/falvarapet.com\/urun\/akvaryum-hava-tasi-50-cm\/"},"modified":"2026-04-18T08:02:14","modified_gmt":"2026-04-18T08:02:14","slug":"akvaryum-hava-tasi-50-cm","status":"publish","type":"product","link":"https:\/\/falvarapet.com\/en\/product\/akvaryum-hava-tasi-50-cm\/","title":{"rendered":"Uzun Hava Ta\u015f\u0131 50 Cm \u00c7ift Giri\u015fli"},"content":{"rendered":"<p> <span style=\"font-family: helvetica;font-weight: bold;font-size: 18.0px;letter-spacing: -0.3px\">\u00c7ift Giri\u015fli \u0130thal Havata\u015f\u0131 50 Cm<\/span><\/p>\n<p> <font size=\"3\">Akvaryumlar\u0131n\u0131z i\u00e7in kullanabilece\u011finiz \u00e7ubuk hava ta\u015f\u0131 Hava motorunun \u00fcretmi\u015f oldu\u011fu havan\u0131n akvaryum i\u00e7erisinde kullan\u0131lmas\u0131n\u0131 sa\u011flar.<\/p>\n<p>Oksijen sa\u011flaman\u0131n yan\u0131 s\u0131ra olu\u015fturdu\u011fu hava kabarc\u0131klar\u0131 sayesinde su sirk\u00fclasyonunu da sa\u011flar.<\/p>\n<p>Boy :50 cm<\/font><\/p>\n<p> <font size=\"3\">Hava \u00fcretim kapasitesi d\u00fc\u015f\u00fck hava motoru b\u00fcy\u00fck boy hava ta\u015f\u0131na ba\u011fland\u0131\u011f\u0131nda tek giri\u015fli hava ta\u015f\u0131n\u0131n sadece bir taraf\u0131ndan, \u00e7ift giri\u015fli hava ta\u015f\u0131n\u0131n iki ucundan hava \u00e7\u0131kar.\u00a0Hava ta\u015f\u0131n\u0131n her taraf\u0131ndan hava kabarc\u0131\u011f\u0131 vermesi i\u00e7in hava motorunun kapasitesinin yeterli olmas\u0131 gerekir.\u00a0<\/font><\/p>","protected":false},"excerpt":{"rendered":"<p>\u00c7ift Giri\u015fli \u0130thal Havata\u015f\u0131 50 Cm Akvaryumlar\u0131n\u0131z i\u00e7in kullanabilece\u011finiz \u00e7ubuk hava ta\u015f\u0131 Hava motorunun \u00fcretmi\u015f oldu\u011fu havan\u0131n akvaryum i\u00e7erisinde kullan\u0131lmas\u0131n\u0131 sa\u011flar. Oksijen sa\u011flaman\u0131n yan\u0131 s\u0131ra olu\u015fturdu\u011fu hava kabarc\u0131klar\u0131 sayesinde su sirk\u00fclasyonunu da sa\u011flar. Boy :50 cm Hava \u00fcretim kapasitesi d\u00fc\u015f\u00fck hava motoru b\u00fcy\u00fck boy hava ta\u015f\u0131na ba\u011fland\u0131\u011f\u0131nda tek giri\u015fli hava ta\u015f\u0131n\u0131n sadece bir taraf\u0131ndan, \u00e7ift [&hellip;]<\/p>","protected":false},"featured_media":3497,"comment_status":"open","ping_status":"closed","template":"","meta":[],"pwb-brand":[175],"product_brand":[],"product_cat":[79],"product_tag":[],"class_list":{"0":"post-3496","1":"product","2":"type-product","3":"status-publish","4":"has-post-thumbnail","6":"pwb-brand-birevcil","7":"product_cat-hava-taslari","9":"first","10":"instock","11":"taxable","12":"shipping-taxable","13":"purchasable","14":"product-type-simple"},"brands":[{"id":175,"name":"Birevcil","slug":"birevcil"}],"_links":{"self":[{"href":"https:\/\/falvarapet.com\/en\/wp-json\/wp\/v2\/product\/3496","targetHints":{"allow":["GET"]}}],"collection":[{"href":"https:\/\/falvarapet.com\/en\/wp-json\/wp\/v2\/product"}],"about":[{"href":"https:\/\/falvarapet.com\/en\/wp-json\/wp\/v2\/types\/product"}],"replies":[{"embeddable":true,"href":"https:\/\/falvarapet.com\/en\/wp-json\/wp\/v2\/comments?post=3496"}],"wp:featuredmedia":[{"embeddable":true,"href":"https:\/\/falvarapet.com\/en\/wp-json\/wp\/v2\/media\/3497"}],"wp:attachment":[{"href":"https:\/\/falvarapet.com\/en\/wp-json\/wp\/v2\/media?parent=3496"}],"wp:term":[{"taxonomy":"pwb-brand","embeddable":true,"href":"https:\/\/falvarapet.com\/en\/wp-json\/wp\/v2\/pwb-brand?post=3496"},{"taxonomy":"product_brand","embeddable":true,"href":"https:\/\/falvarapet.com\/en\/wp-json\/wp\/v2\/product_brand?post=3496"},{"taxonomy":"product_cat","embeddable":true,"href":"https:\/\/falvarapet.com\/en\/wp-json\/wp\/v2\/product_cat?post=3496"},{"taxonomy":"product_tag","embeddable":true,"href":"https:\/\/falvarapet.com\/en\/wp-json\/wp\/v2\/product_tag?post=3496"}],"curies":[{"name":"wp","href":"https:\/\/api.w.org\/{rel}","templated":true}]}}