{"id":3480,"date":"2025-11-28T12:20:46","date_gmt":"2025-11-28T12:20:46","guid":{"rendered":"https:\/\/falvarapet.com\/urun\/5-adet-seffaf-parmak-suluk-kumluk\/"},"modified":"2026-01-24T12:10:14","modified_gmt":"2026-01-24T12:10:14","slug":"5-adet-seffaf-parmak-suluk-kumluk","status":"publish","type":"product","link":"https:\/\/falvarapet.com\/en\/product\/5-adet-seffaf-parmak-suluk-kumluk\/","title":{"rendered":"5 Adet Ti-Sert \u015eeffaf Parmak Suluk-kumluk"},"content":{"rendered":"<ul>\n<li>Ispinoz,kanaryalar ve k\u00fc\u00e7\u00fck papa\u011fanlar i\u00e7in dar a\u011f\u0131zl\u0131 suluk<\/li>\n<li>Plastiktir , toksik madde i\u00e7ermez<\/li>\n<li>Dikey telli kafeslerde , d\u0131\u015ftan tak\u0131larak kullan\u0131l\u0131r<\/li>\n<\/ul>\n<p>\u00d6l\u00e7\u00fcler : 2 x 10 cm<\/p>\n<p>Hacim :30 ml<\/p>\n<p>Kumluk olarak kullan\u0131labildi\u011fi gibi ila\u00e7 ve suluk olarak da kullan\u0131labilir.<\/p>","protected":false},"excerpt":{"rendered":"<p>Ispinoz,kanaryalar ve k\u00fc\u00e7\u00fck papa\u011fanlar i\u00e7in dar a\u011f\u0131zl\u0131 suluk Plastiktir , toksik madde i\u00e7ermez Dikey telli kafeslerde , d\u0131\u015ftan tak\u0131larak kullan\u0131l\u0131r \u00d6l\u00e7\u00fcler : 2 x 10 cm Hacim :30 ml Kumluk olarak kullan\u0131labildi\u011fi gibi ila\u00e7 ve suluk olarak da kullan\u0131labilir.<\/p>","protected":false},"featured_media":3481,"comment_status":"open","ping_status":"closed","template":"","meta":[],"pwb-brand":[188],"product_brand":[],"product_cat":[161],"product_tag":[],"class_list":{"0":"post-3480","1":"product","2":"type-product","3":"status-publish","4":"has-post-thumbnail","6":"pwb-brand-ti-sert","7":"product_cat-suluklar","9":"first","10":"outofstock","11":"taxable","12":"shipping-taxable","13":"purchasable","14":"product-type-simple"},"brands":[{"id":188,"name":"Ti-Sert","slug":"ti-sert"}],"_links":{"self":[{"href":"https:\/\/falvarapet.com\/en\/wp-json\/wp\/v2\/product\/3480","targetHints":{"allow":["GET"]}}],"collection":[{"href":"https:\/\/falvarapet.com\/en\/wp-json\/wp\/v2\/product"}],"about":[{"href":"https:\/\/falvarapet.com\/en\/wp-json\/wp\/v2\/types\/product"}],"replies":[{"embeddable":true,"href":"https:\/\/falvarapet.com\/en\/wp-json\/wp\/v2\/comments?post=3480"}],"wp:featuredmedia":[{"embeddable":true,"href":"https:\/\/falvarapet.com\/en\/wp-json\/wp\/v2\/media\/3481"}],"wp:attachment":[{"href":"https:\/\/falvarapet.com\/en\/wp-json\/wp\/v2\/media?parent=3480"}],"wp:term":[{"taxonomy":"pwb-brand","embeddable":true,"href":"https:\/\/falvarapet.com\/en\/wp-json\/wp\/v2\/pwb-brand?post=3480"},{"taxonomy":"product_brand","embeddable":true,"href":"https:\/\/falvarapet.com\/en\/wp-json\/wp\/v2\/product_brand?post=3480"},{"taxonomy":"product_cat","embeddable":true,"href":"https:\/\/falvarapet.com\/en\/wp-json\/wp\/v2\/product_cat?post=3480"},{"taxonomy":"product_tag","embeddable":true,"href":"https:\/\/falvarapet.com\/en\/wp-json\/wp\/v2\/product_tag?post=3480"}],"curies":[{"name":"wp","href":"https:\/\/api.w.org\/{rel}","templated":true}]}}