{"id":3470,"date":"2025-11-27T13:34:49","date_gmt":"2025-11-27T13:34:49","guid":{"rendered":"https:\/\/falvarapet.com\/urun\/dophin-c-1300-dis-filtre-1300l-hr\/"},"modified":"2026-04-04T04:54:41","modified_gmt":"2026-04-04T04:54:41","slug":"dophin-c-1300-dis-filtre-1300l-hr","status":"publish","type":"product","link":"https:\/\/falvarapet.com\/en\/product\/dophin-c-1300-dis-filtre-1300l-hr\/","title":{"rendered":"Dophin C-1300 D\u0131\u015f Filtre 1300L\/Hr"},"content":{"rendered":"<p><strong>Dolphin C-1300 D\u0131\u015f Filtre<\/strong><\/p>\n<p>t55200-400 litrelik akvaryumlarda mekanik temizlik ve oksijen sa\u011flar<\/p>\n<p>Saatte 2300 litre \/ saat filtrasyon yapabilen d\u0131\u015f filtredir.<\/p>\n<p>Kullan\u0131m s\u0131ras\u0131ndaki su \u00e7\u0131k\u0131\u015f\u0131 900 litre<\/p>\n<p>Filtre i\u00e7erisinde bulunan 4(d\u00f6rt) sepet i\u00e7erisinde karbonlu yukar\u0131dan a\u015fa\u011f\u0131ya sepetlerde bulunan \u00a0filtre malzemeleri seramik halka,aktif karbon,filtre elyaf\u0131,siyah s\u00fcnger standart olarak bulunmaktad\u0131r.<\/p>\n<p>\u00dcstten pompas\u0131 sayesinde ilk kurulumda kovaya suyun kolay gelmesi sa\u011flanarak filtrenin hava yapmas\u0131n\u0131 \u00f6nleme avantaj\u0131 mevcuttur.<\/p>\n<p>E\u015fsiz, son teknolojilerden esinlenerek \u00fcretilmi\u015f tasar\u0131m. T\u00fcm filtre hacminin etkili bir bi\u00e7imde kullan\u0131lmas\u0131n\u0131 sa\u011flar.<\/p>\n<p>DOPHIN kalitesi ile daha az enerji t\u00fcketimi, daha g\u00fcvenli kullan\u0131m, daha uzun kullan\u0131m \u00f6mr\u00fc ve daha az ses.\u00a0<\/p>\n<p>Yararl\u0131 bakterilerin \u00e7o\u011falmas\u0131n\u0131 sa\u011flayan farkl\u0131 filtre materyalleri.<\/p>\n<p>Pompa kafas\u0131n\u0131n yap\u0131s\u0131 daha kolay temizenmesini ve bak\u0131m uygulanmas\u0131n\u0131 sa\u011flar.<\/p>\n<p>Tatl\u0131 ve tuzlu su akvaryumlar\u0131 i\u00e7in.<\/p>\n<p>Voltaj : 120-230 V<\/p>\n<p>Frekans : 60\/50 HZ<\/p>\n<p>G\u00fc\u00e7 Sarf. : 23 watt<\/p>\n<p>Basma Y\u00fcksekli\u011fi : 190 cm<\/p>\n<p>Ebatlar\u0131 (En X Boy X Y\u00fckseklik) : \u00a021 X 26 X 44<\/p>\n<p><strong>\u00dcr\u00fcnlerimiz 3 y\u0131l garantilidir.<\/strong><\/p>\n<p>Dophin C Serisi t\u00fcm Filtre yedek par\u00e7alar\u0131 stoklar\u0131m\u0131zda bulunmaktad\u0131r.<\/p>\n<p><strong>Kullanma Talimat\u0131 :<\/strong><\/p>\n<p>Filtre akvaryumun d\u0131\u015f\u0131nda akvaryumdan daha a\u015fa\u011f\u0131da kalacak \u015fekilde yerle\u015ftirilerek kullan\u0131l\u0131r. Kurulumu kolayd\u0131r. T\u00fcm filtre malzemeleri haz\u0131r olarak bulunmaktad\u0131r. Kullanmadan \u00f6nce mutlaka po\u015fetli \u00fcr\u00fcnlerin po\u015fetleri \u00e7\u0131kar\u0131lmal\u0131d\u0131r. Ayr\u0131ca s\u00fcnger, karbon ve seramik gibi filtre malzemeleri musluk alt\u0131nda y\u0131kanarak, filtre sepetlerine yerle\u015ftirildikten sonra, kapak kapat\u0131l\u0131r. Su giri\u015f ve \u00e7\u0131k\u0131\u015f hortumlar\u0131 tak\u0131l\u0131r. Hortumlar\u0131 akvaryuma yerle\u015ftirildikten sonra, \u00fcst b\u00f6l\u00fcm\u00fcnde yer alan hava pompas\u0131 yard\u0131m\u0131 ile hava bas\u0131ld\u0131ktan sonra,akvaryumdan kovaya suyun dolmas\u0131 ile birlikte prize tak\u0131ld\u0131\u011f\u0131nda \u00e7al\u0131\u015fmaya haz\u0131rd\u0131r.<\/p>\n<p><strong>UYARILAR:<\/strong><\/p>\n<p>Temizlik \u00f6ncesi mutlaka fi\u015ften \u00e7ekilmelidir. Filtrenin i\u00e7erisinde yer alan s\u00fcnger, elyaf gibi filtre malzemeleri d\u00fczenli aral\u0131klarla temizlendi\u011fi taktirde filtre i\u015flevini daha sa\u011fl\u0131kl\u0131 yapacakt\u0131r.<\/p>\n<p>Filtrenin tak\u0131laca\u011f\u0131 priz kontrol edilmelidir.<\/p>\n<p>Prizdeki ar\u0131zalar aletin bozulmas\u0131na neden olabilir. Filtrenin fi\u015fi prize tam olarak oturmal\u0131 ve sabit olmal\u0131d\u0131r.<\/p>\n<p>Filtrenin tak\u0131laca\u011f\u0131 priz \u0131slanmayacak \u015fekilde ve uzak konumda olmal\u0131d\u0131r.<\/p>\n<p>Evde \u00e7ocuk varsa dikkat edilmelidir. \u00c7ocuklar\u0131n eri\u015femeyece\u011fi bir konumda olmal\u0131d\u0131r. Filtre prizden uzak bir konumda \u00e7al\u0131\u015ft\u0131r\u0131lacaksa, g\u00fcc\u00fcne uygun bir uzatma kablo kullan\u0131lmal\u0131d\u0131r.<\/p>\n<p>Filtrenin temizli\u011fi sadece su ile yap\u0131lmal\u0131 ve deterjan kullan\u0131lmamal\u0131d\u0131r.<\/p>\n<p>Filtrenin i\u015flevini tam olarak yapabilmesi i\u00e7in filtresi s\u00fcrekli kontrol edilerek temizlenmelidir. Y\u0131pranm\u0131\u015f s\u00fcnger ve elyaf ,seramik ve karbon belirli aral\u0131klarla yenilenmelidir.<\/p>\n<p>Filtrenin elektrik kablosunun hasar g\u00f6rmemesine dikkat edilmelidir. Bozuldu\u011fu taktirde tamir edilmemelidir.<\/p>\n<p>Elektrik ak\u0131\u015f\u0131ndaki bozukluklar filtrenin performans\u0131nda azalmaya neden olabilir.<\/p>\n<p>Is\u0131 kaynaklar\u0131n\u0131n yak\u0131n\u0131nda muhafaza edilmemelidir.<\/p>","protected":false},"excerpt":{"rendered":"<p>Dolphin C-1300 D\u0131\u015f Filtre t55200-400 litrelik akvaryumlarda mekanik temizlik ve oksijen sa\u011flar Saatte 2300 litre \/ saat filtrasyon yapabilen d\u0131\u015f filtredir. Kullan\u0131m s\u0131ras\u0131ndaki su \u00e7\u0131k\u0131\u015f\u0131 900 litre Filtre i\u00e7erisinde bulunan 4(d\u00f6rt) sepet i\u00e7erisinde karbonlu yukar\u0131dan a\u015fa\u011f\u0131ya sepetlerde bulunan \u00a0filtre malzemeleri seramik halka,aktif karbon,filtre elyaf\u0131,siyah s\u00fcnger standart olarak bulunmaktad\u0131r. \u00dcstten pompas\u0131 sayesinde ilk kurulumda kovaya suyun [&hellip;]<\/p>","protected":false},"featured_media":3471,"comment_status":"open","ping_status":"closed","template":"","meta":[],"pwb-brand":[189],"product_brand":[],"product_cat":[64],"product_tag":[],"class_list":{"0":"post-3470","1":"product","2":"type-product","3":"status-publish","4":"has-post-thumbnail","6":"pwb-brand-dophin","7":"product_cat-dis-filtreler","9":"first","10":"instock","11":"taxable","12":"shipping-taxable","13":"purchasable","14":"product-type-simple"},"brands":[{"id":189,"name":"Dophin","slug":"dophin"}],"_links":{"self":[{"href":"https:\/\/falvarapet.com\/en\/wp-json\/wp\/v2\/product\/3470","targetHints":{"allow":["GET"]}}],"collection":[{"href":"https:\/\/falvarapet.com\/en\/wp-json\/wp\/v2\/product"}],"about":[{"href":"https:\/\/falvarapet.com\/en\/wp-json\/wp\/v2\/types\/product"}],"replies":[{"embeddable":true,"href":"https:\/\/falvarapet.com\/en\/wp-json\/wp\/v2\/comments?post=3470"}],"wp:featuredmedia":[{"embeddable":true,"href":"https:\/\/falvarapet.com\/en\/wp-json\/wp\/v2\/media\/3471"}],"wp:attachment":[{"href":"https:\/\/falvarapet.com\/en\/wp-json\/wp\/v2\/media?parent=3470"}],"wp:term":[{"taxonomy":"pwb-brand","embeddable":true,"href":"https:\/\/falvarapet.com\/en\/wp-json\/wp\/v2\/pwb-brand?post=3470"},{"taxonomy":"product_brand","embeddable":true,"href":"https:\/\/falvarapet.com\/en\/wp-json\/wp\/v2\/product_brand?post=3470"},{"taxonomy":"product_cat","embeddable":true,"href":"https:\/\/falvarapet.com\/en\/wp-json\/wp\/v2\/product_cat?post=3470"},{"taxonomy":"product_tag","embeddable":true,"href":"https:\/\/falvarapet.com\/en\/wp-json\/wp\/v2\/product_tag?post=3470"}],"curies":[{"name":"wp","href":"https:\/\/api.w.org\/{rel}","templated":true}]}}