{"id":3451,"date":"2025-11-26T13:19:00","date_gmt":"2025-11-26T13:19:00","guid":{"rendered":"https:\/\/falvarapet.com\/urun\/dophin-970f-akvaryum-ic-filtresi-1400-lt-saat-248-watt\/"},"modified":"2026-04-04T04:38:49","modified_gmt":"2026-04-04T04:38:49","slug":"dophin-970f-akvaryum-ic-filtresi-1400-lt-saat-248-watt","status":"publish","type":"product","link":"https:\/\/falvarapet.com\/en\/product\/dophin-970f-akvaryum-ic-filtresi-1400-lt-saat-248-watt\/","title":{"rendered":"Dophin 970F \u0130\u00e7 Filtre 1400 Lt\/h"},"content":{"rendered":"<p><span style=\"font-family: Arial , Helvetica , sans-serif;\"> <span style=\"font-size: 16.0px;\">Tatl\u0131 ve tuzlu su akvaryumlarda mekanik, biyolojik temizlik ve oksijen sa\u011flayan, saatte 1500 litre su filtreleme kapasiteli, 24.8 Watt&#8217;l\u0131k i\u00e7 filtredir.<\/p>\n<p>* Filtre i\u00e7erisinde, filtre materyali olarak karbon ve s\u00fcnger bulunmaktad\u0131r.<br \/>\n* Kutu i\u00e7erisinde hortum, fiskiye ve ba\u011flant\u0131 aparatlar\u0131 bulunmaktad\u0131r.<br \/>\n* Hareketli aparat sayesinde fiskiyenin y\u00f6n\u00fc ayarlanabilir.<br \/>\n* Ayarlanabilir \u00e7\u0131k\u0131\u015f ile hava kontrol\u00fc sa\u011flanabilir.<\/span><\/span><\/p>\n<p><span style=\"font-family: Arial , Helvetica , sans-serif;\"> <span style=\"font-size: 16.0px;\">Kullanma Talimat\u0131;<br \/>\nFiltre arka b\u00f6l\u00fcm\u00fcnde yer alan 4 adet vantuz yard\u0131m\u0131 ile akvaryumun i\u00e7 y\u00fczeyine, tamamen su i\u00e7erisinde kalacak \u015fekilde yerle\u015ftirilerek kullan\u0131l\u0131r. Sadece hava hortumu su d\u0131\u015far\u0131s\u0131nda kalmal\u0131d\u0131r. Kutu i\u00e7erisinde bulunan fiskiye aparat\u0131 ile de kullan\u0131labilir. Filtrenin temizlenmesi ile su de\u011fi\u015fiminin ayn\u0131 zamanda yap\u0131lmas\u0131 daha uygundur. Temizlik \u00f6ncesi mutlaka fi\u015ften \u00e7ekilmelidir. K\u0131l\u0131f kapa\u011f\u0131 a\u00e7\u0131larak i\u00e7erisindeki s\u00fcnger filtre ve karbon g\u00fc\u00e7l\u00fc su akan musluk alt\u0131nda temizlenir. Filtre \u00e7\u0131kar\u0131larak d\u00fczenli aral\u0131klarla temizlendi\u011fi taktirde filtre i\u015flevini daha sa\u011fl\u0131kl\u0131 yapacakt\u0131r.<\/p>\n<p>Uyar\u0131lar;<br \/>\n* Filtre s\u00fcrekli \u00e7al\u0131\u015f\u0131r durumda olmal\u0131d\u0131r. Sadece temizlik i\u00e7in durdurulmal\u0131 ve temizli\u011fi k\u0131sa s\u00fcrede yap\u0131l\u0131p tekrar \u00e7al\u0131\u015ft\u0131r\u0131lmal\u0131d\u0131r.<br \/>\n* Filtre akvaryum i\u00e7erisine d\u00fc\u015ft\u00fc\u011f\u00fc taktirde yani vantuzlar\u0131 \u00e7\u0131kt\u0131\u011f\u0131nda fi\u015fi \u00e7ekilmeden d\u00fczeltilmemelidir. Elektrik \u00e7arpmas\u0131na neden olabilir.<br \/>\n* Fi\u015fi \u00e7ekildikten sonra temizlik yap\u0131lmas\u0131 tavsiye edilir.<br \/>\n* Filtrenin temizli\u011fi sadece su ile yap\u0131lmal\u0131 ve deterjan kullan\u0131lmamal\u0131d\u0131r.<br \/>\n* Filtrenin i\u015flevini tam olarak yapabilmesi i\u00e7in filtresi s\u00fcrekli kontrol edilerek temizlenmelidir.<br \/>\n* Filtrenin elektrik kablosunun hasar g\u00f6rmemesine dikkat edilmelidir.<br \/>\n* Filtre ba\u015fka bir ama\u00e7la kullan\u0131lmamal\u0131d\u0131r. Su d\u0131\u015f\u0131nda \u00e7al\u0131\u015ft\u0131r\u0131lmamal\u0131d\u0131r. Is\u0131 kaynaklar\u0131n\u0131n yak\u0131n\u0131nda muhafaza edilmemelidir.<\/span><\/span><\/p>\n<div style=\"padding: 10.0px; margin: 15.0px 0 10.0px; text-align: center;\"><img decoding=\"async\" title=\"PraPazar pazaryeri entegrasyonu\" src=\"https:\/\/n11scdn.akamaized.net\/a1\/org\/ev-yasam\/ic-filtre\/dophin-970f-akvaryum-ic-filtresi-1400-ltsaat-248-watt__1501263878067664.png\" alt=\"prapazar.com pazaryeri woocommerce entegrasyonu\" \/><\/div>","protected":false},"excerpt":{"rendered":"<p>Tatl\u0131 ve tuzlu su akvaryumlarda mekanik, biyolojik temizlik ve oksijen sa\u011flayan, saatte 1500 litre su filtreleme kapasiteli, 24.8 Watt&#8217;l\u0131k i\u00e7 filtredir. * Filtre i\u00e7erisinde, filtre materyali olarak karbon ve s\u00fcnger bulunmaktad\u0131r. * Kutu i\u00e7erisinde hortum, fiskiye ve ba\u011flant\u0131 aparatlar\u0131 bulunmaktad\u0131r. * Hareketli aparat sayesinde fiskiyenin y\u00f6n\u00fc ayarlanabilir. * Ayarlanabilir \u00e7\u0131k\u0131\u015f ile hava kontrol\u00fc sa\u011flanabilir. Kullanma [&hellip;]<\/p>","protected":false},"featured_media":3456,"comment_status":"open","ping_status":"closed","template":"","meta":[],"pwb-brand":[189],"product_brand":[],"product_cat":[66],"product_tag":[],"class_list":{"0":"post-3451","1":"product","2":"type-product","3":"status-publish","4":"has-post-thumbnail","6":"pwb-brand-dophin","7":"product_cat-ic-filtreler","9":"first","10":"instock","11":"taxable","12":"shipping-taxable","13":"purchasable","14":"product-type-simple"},"brands":[{"id":189,"name":"Dophin","slug":"dophin"}],"_links":{"self":[{"href":"https:\/\/falvarapet.com\/en\/wp-json\/wp\/v2\/product\/3451","targetHints":{"allow":["GET"]}}],"collection":[{"href":"https:\/\/falvarapet.com\/en\/wp-json\/wp\/v2\/product"}],"about":[{"href":"https:\/\/falvarapet.com\/en\/wp-json\/wp\/v2\/types\/product"}],"replies":[{"embeddable":true,"href":"https:\/\/falvarapet.com\/en\/wp-json\/wp\/v2\/comments?post=3451"}],"wp:featuredmedia":[{"embeddable":true,"href":"https:\/\/falvarapet.com\/en\/wp-json\/wp\/v2\/media\/3456"}],"wp:attachment":[{"href":"https:\/\/falvarapet.com\/en\/wp-json\/wp\/v2\/media?parent=3451"}],"wp:term":[{"taxonomy":"pwb-brand","embeddable":true,"href":"https:\/\/falvarapet.com\/en\/wp-json\/wp\/v2\/pwb-brand?post=3451"},{"taxonomy":"product_brand","embeddable":true,"href":"https:\/\/falvarapet.com\/en\/wp-json\/wp\/v2\/product_brand?post=3451"},{"taxonomy":"product_cat","embeddable":true,"href":"https:\/\/falvarapet.com\/en\/wp-json\/wp\/v2\/product_cat?post=3451"},{"taxonomy":"product_tag","embeddable":true,"href":"https:\/\/falvarapet.com\/en\/wp-json\/wp\/v2\/product_tag?post=3451"}],"curies":[{"name":"wp","href":"https:\/\/api.w.org\/{rel}","templated":true}]}}