{"id":3448,"date":"2025-11-26T13:02:13","date_gmt":"2025-11-26T13:02:13","guid":{"rendered":"https:\/\/falvarapet.com\/urun\/dophin-kf-200-ic-filtre\/"},"modified":"2026-04-04T04:29:19","modified_gmt":"2026-04-04T04:29:19","slug":"dophin-kf-200-ic-filtre","status":"publish","type":"product","link":"https:\/\/falvarapet.com\/en\/product\/dophin-kf-200-ic-filtre\/","title":{"rendered":"Dophin KF 200 Akvaryum \u0130\u00e7 Filtre"},"content":{"rendered":"<p><strong>Dophin KF-200 \u0130\u00e7 Filtre<\/strong><\/p>\n<p><strong>Voltaj:<\/strong>\u00a0220V\/50Hz<br \/>\n<strong>G\u00fc\u00e7:<\/strong>3,3 Watt<br \/>\n<strong>Maksimum :<\/strong>60 cmy\u00fcksekli\u011fe kadar<br \/>\n<strong>Boyutlar :<\/strong>8 x 5,5 x 5,5 cm.<\/p>\n<p>Saatte180 litresu kapasitesi olan orta boy akvaryumlarda mekanik, biyolojik temizlik ve oksijen sa\u011flayan, i\u00e7 filtredir.<\/p>\n<p>Kullanma Talimat\u0131\u00a0:<\/p>\n<p>Dophin filtre arka b\u00f6l\u00fcm\u00fcnde yer alan 4 adet vantuz yard\u0131m\u0131 ile akvaryumun i\u00e7 y\u00fczeyine, tamamen su i\u00e7erisinde kalacak \u015fekilde yerle\u015ftirilerek kullan\u0131l\u0131r. Sadece hava hortumu su d\u0131\u015far\u0131s\u0131nda kalmal\u0131d\u0131r. Filtrenin temizlenmesi ile su de\u011fi\u015fiminin ayn\u0131 zamanda yap\u0131lmas\u0131 daha uygundur. Temizlik \u00f6ncesi mutlaka fi\u015ften \u00e7ekilmelidir. K\u0131l\u0131f kapa\u011f\u0131 a\u00e7\u0131larak i\u00e7erisindeki geni\u015f g\u00f6zenekli s\u00fcnger filtre g\u00fc\u00e7l\u00fc su akan musluk alt\u0131nda temizlenir. Filtre kab\u0131da \u00e7\u0131kar\u0131larak d\u00fczenli aral\u0131klarla temizlendi\u011fi taktirde filtre i\u015flevini daha sa\u011fl\u0131kl\u0131 yapacakt\u0131r.<\/p>\n<p><u><strong>Uyar\u0131lar;<\/strong><\/u><\/p>\n<p>*Filtrenin tak\u0131laca\u011f\u0131 priz kontrol edilmelidir. Prizdeki ar\u0131zalar aletin bozulmas\u0131na neden olabilir. Filtrenin fi\u015fi prize tam olarak oturmal\u0131 ve sabit olmal\u0131d\u0131r.<br \/>\n*Filtrenin tak\u0131laca\u011f\u0131 priz \u0131slanmayacak \u015fekilde ve uzak konumda olmal\u0131d\u0131r.<br \/>\n*Filtre akvaryum i\u00e7erisine d\u00fc\u015ft\u00fc\u011f\u00fc taktirde yani vantuzlar\u0131 \u00e7\u0131kt\u0131\u011f\u0131nda fi\u015fi \u00e7ekilmeden d\u00fczeltilmemelidir. Elektrik \u00e7arpmas\u0131na neden olabilir.<br \/>\n*Evde \u00e7ocuk varsa dikkat edilmelidir. \u00c7ocuklar\u0131n eri\u015femeyece\u011fi bir konumda olmal\u0131d\u0131r.<br \/>\n*Akvaryum suyunun \u0131s\u0131s\u0131 \u00f6nemlidir. S\u0131f\u0131r\u0131n alt\u0131ndaki (-) derecelerde ve \u00e7ok s\u0131cak sularda \u00e7al\u0131\u015ft\u0131r\u0131lmamal\u0131d\u0131r.<br \/>\n*Filtre prizden uzak bir konumda \u00e7al\u0131\u015ft\u0131r\u0131lacaksa, g\u00fcc\u00fcne uygun bir uzatma kablo kullan\u0131lmal\u0131d\u0131r.<br \/>\n*Filtre s\u00fcrekli \u00e7al\u0131\u015f\u0131r vaziyette kalmal\u0131d\u0131r. Fi\u015fi \u00e7ekildikten sonra temizlik yap\u0131lmas\u0131 tavsiye edilir.<br \/>\n*Filtrenin temizli\u011fi sadece su ile yap\u0131lmal\u0131 ve deterjan kullan\u0131lmamal\u0131d\u0131r.<br \/>\n*Filtrenin i\u015flevini tam olarak yapabilmesi i\u00e7in filtresi s\u00fcrekli kontrol edilerek temizlenmelidir.<br \/>\n*Filtrenin elektrik kablosunun hasar g\u00f6rmemesine dikkat edilmelidir. Bozuldu\u011fu taktirde tamir edilmemelidir.<br \/>\n*Elektrik ak\u0131\u015f\u0131ndaki bozukluklar filtrenin performans\u0131nda azalmaya neden olabilir.<br \/>\n*Filtre ba\u015fka bir ama\u00e7la kullan\u0131lmamal\u0131d\u0131r. Su d\u0131\u015f\u0131nda \u00e7al\u0131\u015ft\u0131r\u0131lmamal\u0131d\u0131r. Is\u0131 kaynaklar\u0131n\u0131n yak\u0131n\u0131nda muhafaza edilmemelidir.<\/p>","protected":false},"excerpt":{"rendered":"<p>Dophin KF-200 \u0130\u00e7 Filtre Voltaj:\u00a0220V\/50Hz G\u00fc\u00e7:3,3 Watt Maksimum :60 cmy\u00fcksekli\u011fe kadar Boyutlar :8 x 5,5 x 5,5 cm. Saatte180 litresu kapasitesi olan orta boy akvaryumlarda mekanik, biyolojik temizlik ve oksijen sa\u011flayan, i\u00e7 filtredir. Kullanma Talimat\u0131\u00a0: Dophin filtre arka b\u00f6l\u00fcm\u00fcnde yer alan 4 adet vantuz yard\u0131m\u0131 ile akvaryumun i\u00e7 y\u00fczeyine, tamamen su i\u00e7erisinde kalacak \u015fekilde yerle\u015ftirilerek [&hellip;]<\/p>","protected":false},"featured_media":3449,"comment_status":"open","ping_status":"closed","template":"","meta":[],"pwb-brand":[189],"product_brand":[],"product_cat":[66],"product_tag":[],"class_list":{"0":"post-3448","1":"product","2":"type-product","3":"status-publish","4":"has-post-thumbnail","6":"pwb-brand-dophin","7":"product_cat-ic-filtreler","9":"first","10":"instock","11":"taxable","12":"shipping-taxable","13":"purchasable","14":"product-type-simple"},"brands":[{"id":189,"name":"Dophin","slug":"dophin"}],"_links":{"self":[{"href":"https:\/\/falvarapet.com\/en\/wp-json\/wp\/v2\/product\/3448","targetHints":{"allow":["GET"]}}],"collection":[{"href":"https:\/\/falvarapet.com\/en\/wp-json\/wp\/v2\/product"}],"about":[{"href":"https:\/\/falvarapet.com\/en\/wp-json\/wp\/v2\/types\/product"}],"replies":[{"embeddable":true,"href":"https:\/\/falvarapet.com\/en\/wp-json\/wp\/v2\/comments?post=3448"}],"wp:featuredmedia":[{"embeddable":true,"href":"https:\/\/falvarapet.com\/en\/wp-json\/wp\/v2\/media\/3449"}],"wp:attachment":[{"href":"https:\/\/falvarapet.com\/en\/wp-json\/wp\/v2\/media?parent=3448"}],"wp:term":[{"taxonomy":"pwb-brand","embeddable":true,"href":"https:\/\/falvarapet.com\/en\/wp-json\/wp\/v2\/pwb-brand?post=3448"},{"taxonomy":"product_brand","embeddable":true,"href":"https:\/\/falvarapet.com\/en\/wp-json\/wp\/v2\/product_brand?post=3448"},{"taxonomy":"product_cat","embeddable":true,"href":"https:\/\/falvarapet.com\/en\/wp-json\/wp\/v2\/product_cat?post=3448"},{"taxonomy":"product_tag","embeddable":true,"href":"https:\/\/falvarapet.com\/en\/wp-json\/wp\/v2\/product_tag?post=3448"}],"curies":[{"name":"wp","href":"https:\/\/api.w.org\/{rel}","templated":true}]}}