{"id":3438,"date":"2025-11-26T10:33:26","date_gmt":"2025-11-26T10:33:26","guid":{"rendered":"https:\/\/falvarapet.com\/urun\/resun-ac-2000-cift-cikisli-akvaryum-hava-motoru-3-watt\/"},"modified":"2025-11-28T14:02:14","modified_gmt":"2025-11-28T14:02:14","slug":"resun-ac-2000-cift-cikisli-akvaryum-hava-motoru-3-watt","status":"publish","type":"product","link":"https:\/\/falvarapet.com\/en\/product\/resun-ac-2000-cift-cikisli-akvaryum-hava-motoru-3-watt\/","title":{"rendered":"Resun Ac-2000 \u00c7ift \u00c7\u0131k\u0131\u015fl\u0131 Akvaryum Hava Motoru (3 Watt)"},"content":{"rendered":"<pre data-hook=\"description\">\r\n\r\n\u00a0<\/pre>\n<p><strong>Resun AC-2000\u00a0<\/strong><\/p>\n<p>\u00a0<\/p>\n<p>Resun AC-2000, akvaryumlar\u0131n\u0131zda etkili oksijen sirk\u00fclasyonu sa\u011flayan, d\u00fc\u015f\u00fck enerji t\u00fcketimli\u00a0bir hava motorudur. \u00c7ift \u00e7\u0131k\u0131\u015fl\u0131 yap\u0131s\u0131 ile birden fazla hava ta\u015f\u0131 ba\u011flama imkan\u0131 sunarak suyun her k\u00f6\u015fesinde oksijen ak\u0131\u015f\u0131 sa\u011flar. Akvaryum ortam\u0131nda minimum g\u00fcr\u00fclt\u00fc ile maksimum verim sunar.<\/p>\n<p>\u00a0<\/p>\n<p><strong>Teknik \u00d6zellikler:<\/strong><\/p>\n<ul>\n<li><strong>Akvaryum Kapasitesi:<\/strong>\u00a050 &#8211; 200 litre<\/li>\n<li><strong>Hava Ak\u0131\u015f\u0131:<\/strong>\u00a02.0 L\/dak<\/li>\n<li><strong>G\u00fc\u00e7 T\u00fcketimi:<\/strong>\u00a04 Watt<\/li>\n<li><strong>\u00c7\u0131k\u0131\u015flar:<\/strong>\u00a02 adet<\/li>\n<\/ul>","protected":false},"excerpt":{"rendered":"<p>\u00a0 Resun AC-2000\u00a0 \u00a0 Resun AC-2000, akvaryumlar\u0131n\u0131zda etkili oksijen sirk\u00fclasyonu sa\u011flayan, d\u00fc\u015f\u00fck enerji t\u00fcketimli\u00a0bir hava motorudur. \u00c7ift \u00e7\u0131k\u0131\u015fl\u0131 yap\u0131s\u0131 ile birden fazla hava ta\u015f\u0131 ba\u011flama imkan\u0131 sunarak suyun her k\u00f6\u015fesinde oksijen ak\u0131\u015f\u0131 sa\u011flar. Akvaryum ortam\u0131nda minimum g\u00fcr\u00fclt\u00fc ile maksimum verim sunar. \u00a0 Teknik \u00d6zellikler: Akvaryum Kapasitesi:\u00a050 &#8211; 200 litre Hava Ak\u0131\u015f\u0131:\u00a02.0 L\/dak G\u00fc\u00e7 T\u00fcketimi:\u00a04 Watt [&hellip;]<\/p>","protected":false},"featured_media":3439,"comment_status":"open","ping_status":"closed","template":"","meta":[],"pwb-brand":[],"product_brand":[],"product_cat":[65],"product_tag":[],"class_list":{"0":"post-3438","1":"product","2":"type-product","3":"status-publish","4":"has-post-thumbnail","6":"product_cat-hava-motorlari","8":"first","9":"outofstock","10":"taxable","11":"shipping-taxable","12":"purchasable","13":"product-type-simple"},"brands":[],"_links":{"self":[{"href":"https:\/\/falvarapet.com\/en\/wp-json\/wp\/v2\/product\/3438","targetHints":{"allow":["GET"]}}],"collection":[{"href":"https:\/\/falvarapet.com\/en\/wp-json\/wp\/v2\/product"}],"about":[{"href":"https:\/\/falvarapet.com\/en\/wp-json\/wp\/v2\/types\/product"}],"replies":[{"embeddable":true,"href":"https:\/\/falvarapet.com\/en\/wp-json\/wp\/v2\/comments?post=3438"}],"wp:featuredmedia":[{"embeddable":true,"href":"https:\/\/falvarapet.com\/en\/wp-json\/wp\/v2\/media\/3439"}],"wp:attachment":[{"href":"https:\/\/falvarapet.com\/en\/wp-json\/wp\/v2\/media?parent=3438"}],"wp:term":[{"taxonomy":"pwb-brand","embeddable":true,"href":"https:\/\/falvarapet.com\/en\/wp-json\/wp\/v2\/pwb-brand?post=3438"},{"taxonomy":"product_brand","embeddable":true,"href":"https:\/\/falvarapet.com\/en\/wp-json\/wp\/v2\/product_brand?post=3438"},{"taxonomy":"product_cat","embeddable":true,"href":"https:\/\/falvarapet.com\/en\/wp-json\/wp\/v2\/product_cat?post=3438"},{"taxonomy":"product_tag","embeddable":true,"href":"https:\/\/falvarapet.com\/en\/wp-json\/wp\/v2\/product_tag?post=3438"}],"curies":[{"name":"wp","href":"https:\/\/api.w.org\/{rel}","templated":true}]}}