{"id":3436,"date":"2025-11-26T10:32:42","date_gmt":"2025-11-26T10:32:42","guid":{"rendered":"https:\/\/falvarapet.com\/urun\/resun-air-3000-cift-cikisli-akvaryum-hava-motoru-3-lt-dk\/"},"modified":"2026-04-04T05:09:24","modified_gmt":"2026-04-04T05:09:24","slug":"resun-air-3000-cift-cikisli-akvaryum-hava-motoru-3-lt-dk","status":"publish","type":"product","link":"https:\/\/falvarapet.com\/en\/product\/resun-air-3000-cift-cikisli-akvaryum-hava-motoru-3-lt-dk\/","title":{"rendered":"Resun Air 3000 \u00c7ift \u00c7\u0131k\u0131\u015fl\u0131 Akvaryum Hava Motoru 3 Lt\/Dk"},"content":{"rendered":"<p>Resun AIR; 3000 Akvaryum Hava Motoru \u00c7ift \u00c7\u0131k\u0131\u015f 100; 800 Litreye kadar olan akvaryumlarda oksijen sa\u011flaman\u0131n yan\u0131nda, suda do\u011fal bir dalgalanma yapan, 3; 5 watt g\u00fcc\u00fcnde \u00e7ift \u00e7\u0131k\u0131\u015fl\u0131 d\u00fc\u015f\u00fck ses ve enerji t\u00fcketimine sahip hava pompas\u0131d\u0131r; Dakika da 3 litre hava pompalama kapasitesine sahiptir;<\/p>","protected":false},"excerpt":{"rendered":"<p>Resun AIR; 3000 Akvaryum Hava Motoru \u00c7ift \u00c7\u0131k\u0131\u015f 100; 800 Litreye kadar olan akvaryumlarda oksijen sa\u011flaman\u0131n yan\u0131nda, suda do\u011fal bir dalgalanma yapan, 3; 5 watt g\u00fcc\u00fcnde \u00e7ift \u00e7\u0131k\u0131\u015fl\u0131 d\u00fc\u015f\u00fck ses ve enerji t\u00fcketimine sahip hava pompas\u0131d\u0131r; Dakika da 3 litre hava pompalama kapasitesine sahiptir;<\/p>","protected":false},"featured_media":3437,"comment_status":"open","ping_status":"closed","template":"","meta":[],"pwb-brand":[190],"product_brand":[],"product_cat":[65],"product_tag":[],"class_list":{"0":"post-3436","1":"product","2":"type-product","3":"status-publish","4":"has-post-thumbnail","6":"pwb-brand-resun","7":"product_cat-hava-motorlari","9":"first","10":"instock","11":"taxable","12":"shipping-taxable","13":"purchasable","14":"product-type-simple"},"brands":[{"id":190,"name":"Resun","slug":"resun"}],"_links":{"self":[{"href":"https:\/\/falvarapet.com\/en\/wp-json\/wp\/v2\/product\/3436","targetHints":{"allow":["GET"]}}],"collection":[{"href":"https:\/\/falvarapet.com\/en\/wp-json\/wp\/v2\/product"}],"about":[{"href":"https:\/\/falvarapet.com\/en\/wp-json\/wp\/v2\/types\/product"}],"replies":[{"embeddable":true,"href":"https:\/\/falvarapet.com\/en\/wp-json\/wp\/v2\/comments?post=3436"}],"wp:featuredmedia":[{"embeddable":true,"href":"https:\/\/falvarapet.com\/en\/wp-json\/wp\/v2\/media\/3437"}],"wp:attachment":[{"href":"https:\/\/falvarapet.com\/en\/wp-json\/wp\/v2\/media?parent=3436"}],"wp:term":[{"taxonomy":"pwb-brand","embeddable":true,"href":"https:\/\/falvarapet.com\/en\/wp-json\/wp\/v2\/pwb-brand?post=3436"},{"taxonomy":"product_brand","embeddable":true,"href":"https:\/\/falvarapet.com\/en\/wp-json\/wp\/v2\/product_brand?post=3436"},{"taxonomy":"product_cat","embeddable":true,"href":"https:\/\/falvarapet.com\/en\/wp-json\/wp\/v2\/product_cat?post=3436"},{"taxonomy":"product_tag","embeddable":true,"href":"https:\/\/falvarapet.com\/en\/wp-json\/wp\/v2\/product_tag?post=3436"}],"curies":[{"name":"wp","href":"https:\/\/api.w.org\/{rel}","templated":true}]}}