{"id":3391,"date":"2025-11-26T10:17:35","date_gmt":"2025-11-26T10:17:35","guid":{"rendered":"https:\/\/falvarapet.com\/urun\/resun-air-4000-cift-cikisli-hava-motoru-4-5-lt-dkhediyeli\/"},"modified":"2026-01-21T12:46:12","modified_gmt":"2026-01-21T12:46:12","slug":"resun-air-4000-cift-cikisli-hava-motoru-4-5-lt-dkhediyeli","status":"publish","type":"product","link":"https:\/\/falvarapet.com\/en\/product\/resun-air-4000-cift-cikisli-hava-motoru-4-5-lt-dkhediyeli\/","title":{"rendered":"Resun Air 4000 \u00c7ift \u00c7\u0131k\u0131\u015fl\u0131 Hava Motoru 4.5 lt\/dk+Hediyeli"},"content":{"rendered":"<p>Resun Air 4000 \u00c7ift \u00c7\u0131k\u0131\u015fl\u0131 Hava Motoru; ; 320 Litreye kadar olan akvaryumlarda oksijen sa\u011flaman\u0131n yan\u0131nda, suda do\u011fal bir dalgalanma yapan, \u00e7ift \u00e7\u0131k\u0131\u015fl\u0131 hava d\u00fc\u015f\u00fck ses ve enerji (4 W) t\u00fcketimine sahip hava pompas\u0131d\u0131r.Dakikada 4.5 Litre hava pompalama kapasitesine sahiptir. ; Kullanma Talimat\u0131; Kurulumu ve \u00e7al\u0131\u015ft\u0131r\u0131lmas\u0131 olduk\u00e7a kolayd\u0131r. \u00d6ncelikle akvaryumdan yukar\u0131da, kuru bir yere konulmas\u0131 gerekir. E\u011fer akvaryumun kapa\u011f\u0131 varsa akvaryum \u00fczerine konulabilir. \u00d6zellikle yukar\u0131da olmas\u0131na dikkat edilmelidir. Aksi halde pompaya suyun geri d\u00f6n\u00fc\u015f\u00fc s\u00f6z konusu olaca\u011f\u0131nda pompa ar\u0131zalanabilir. Pompa uygun bir yere yerle\u015ftirildikten sonra hava \u00e7\u0131k\u0131\u015f borusunun ucuna hava motoruna uygun olarak temin edece\u011finiz hortumun tak\u0131lmas\u0131 ile pompa kullan\u0131ma haz\u0131rd\u0131r. Uyar\u0131lar; Pompa kullan\u0131lmadan \u00f6nce tak\u0131laca\u011f\u0131 priz kontrol edilmelidir. Prizdeki ar\u0131zalar aletin bozulmas\u0131na neden olabilir.Pompan\u0131n tak\u0131laca\u011f\u0131 priz ve pompan\u0131n konumu \u00f6nemlidir. Islanmayacak \u015fekilde yukar\u0131da ve uzak konumda olmal\u0131d\u0131r.Pompa akvaryumdan a\u015fa\u011f\u0131 konumda yerle\u015ftirildi\u011fi taktirde geri su ak\u0131\u015f\u0131 olaca\u011f\u0131ndan pompa bozulabilir.Pompan\u0131n akvaryumdan yukar\u0131da kuru bir yerde olmas\u0131na \u00f6zen g\u00f6sterilmelidir. Akvaryum i\u00e7erisine d\u00fc\u015f\u00fcr\u00fclmemelidir. D\u00fc\u015ft\u00fc\u011f\u00fc taktirde fi\u015fi \u00e7ekilmeden su i\u00e7erisinden \u00e7\u0131kar\u0131lmamal\u0131d\u0131r. Elektrik \u00e7arpmas\u0131na neden olabilir.Pompa su i\u00e7erisine d\u00fc\u015ft\u00fc\u011f\u00fc taktirde fi\u015fi \u00e7ekilerek \u00e7\u0131kar\u0131ld\u0131ktan sonra bir ka\u00e7 g\u00fcn kurumas\u0131 beklenilmelidir. Kurudu\u011fundan emin olunduktan sonra tekrar \u00e7al\u0131\u015ft\u0131r\u0131labilir.Pompa s\u00fcrekli \u00e7al\u0131\u015f\u0131r vaziyette kalmal\u0131d\u0131r. Hortumu ayr\u0131ld\u0131\u011f\u0131 ve su gelmemesine dikkat edildi\u011fi s\u00fcrece temizlik s\u0131ras\u0131nda da \u00e7al\u0131\u015fabilir. Ancak fi\u015fi \u00e7ekildikten sonra temizlik yap\u0131lmas\u0131 tavsiye edilir.Kesinlikle ya\u011flanmamal\u0131d\u0131r.Hortum kontrol\u00fc haftada bir kez mutlaka yap\u0131lmal\u0131d\u0131r. Bu ama\u00e7la hortumun ucundan bir miktar hava \u00fcflenip t\u0131kanma olup olmad\u0131\u011f\u0131 kontrol edilmelidir. T\u0131kanma s\u00f6z konusu ise \u00f6zel hortum f\u0131r\u00e7as\u0131 kullan\u0131larak t\u0131kanmalar giderilmelidir.<\/p>","protected":false},"excerpt":{"rendered":"<p>Resun Air 4000 \u00c7ift \u00c7\u0131k\u0131\u015fl\u0131 Hava Motoru; ; 320 Litreye kadar olan akvaryumlarda oksijen sa\u011flaman\u0131n yan\u0131nda, suda do\u011fal bir dalgalanma yapan, \u00e7ift \u00e7\u0131k\u0131\u015fl\u0131 hava d\u00fc\u015f\u00fck ses ve enerji (4 W) t\u00fcketimine sahip hava pompas\u0131d\u0131r.Dakikada 4.5 Litre hava pompalama kapasitesine sahiptir. ; Kullanma Talimat\u0131; Kurulumu ve \u00e7al\u0131\u015ft\u0131r\u0131lmas\u0131 olduk\u00e7a kolayd\u0131r. \u00d6ncelikle akvaryumdan yukar\u0131da, kuru bir yere konulmas\u0131 [&hellip;]<\/p>","protected":false},"featured_media":3392,"comment_status":"open","ping_status":"closed","template":"","meta":[],"pwb-brand":[190],"product_brand":[],"product_cat":[65],"product_tag":[],"class_list":{"0":"post-3391","1":"product","2":"type-product","3":"status-publish","4":"has-post-thumbnail","6":"pwb-brand-resun","7":"product_cat-hava-motorlari","9":"first","10":"outofstock","11":"taxable","12":"shipping-taxable","13":"purchasable","14":"product-type-simple"},"brands":[{"id":190,"name":"Resun","slug":"resun"}],"_links":{"self":[{"href":"https:\/\/falvarapet.com\/en\/wp-json\/wp\/v2\/product\/3391","targetHints":{"allow":["GET"]}}],"collection":[{"href":"https:\/\/falvarapet.com\/en\/wp-json\/wp\/v2\/product"}],"about":[{"href":"https:\/\/falvarapet.com\/en\/wp-json\/wp\/v2\/types\/product"}],"replies":[{"embeddable":true,"href":"https:\/\/falvarapet.com\/en\/wp-json\/wp\/v2\/comments?post=3391"}],"wp:featuredmedia":[{"embeddable":true,"href":"https:\/\/falvarapet.com\/en\/wp-json\/wp\/v2\/media\/3392"}],"wp:attachment":[{"href":"https:\/\/falvarapet.com\/en\/wp-json\/wp\/v2\/media?parent=3391"}],"wp:term":[{"taxonomy":"pwb-brand","embeddable":true,"href":"https:\/\/falvarapet.com\/en\/wp-json\/wp\/v2\/pwb-brand?post=3391"},{"taxonomy":"product_brand","embeddable":true,"href":"https:\/\/falvarapet.com\/en\/wp-json\/wp\/v2\/product_brand?post=3391"},{"taxonomy":"product_cat","embeddable":true,"href":"https:\/\/falvarapet.com\/en\/wp-json\/wp\/v2\/product_cat?post=3391"},{"taxonomy":"product_tag","embeddable":true,"href":"https:\/\/falvarapet.com\/en\/wp-json\/wp\/v2\/product_tag?post=3391"}],"curies":[{"name":"wp","href":"https:\/\/api.w.org\/{rel}","templated":true}]}}