{"id":3359,"date":"2025-11-25T11:13:48","date_gmt":"2025-11-25T11:13:48","guid":{"rendered":"https:\/\/falvarapet.com\/urun\/5-adet-cuce-vatoz-yavrulugu\/"},"modified":"2026-03-21T11:04:06","modified_gmt":"2026-03-21T11:04:06","slug":"5-adet-cuce-vatoz-yavrulugu","status":"publish","type":"product","link":"https:\/\/falvarapet.com\/en\/product\/5-adet-cuce-vatoz-yavrulugu\/","title":{"rendered":"5 Adet Birevcil C\u00fcce Vatoz Yavrulu\u011fu"},"content":{"rendered":"<p>Avanos C\u00fcce Vatoz Yavrulu\u011fu C\u00fcce Vatoz Yavrulu\u011fu A\u011f\u0131z \u00e7ap\u0131 : 5 Cm G\u00f6vde Uzunlu\u011fu : 13 Cm Arka \u00e7ap : 5,5 Cm G\u00f6vde Bi\u00e7imi : A\u011f\u0131z \u00fc\u00e7gen olup \u00f6nden arkaya do\u011fru ayn\u0131 \u00e7aptad\u0131r. ; C\u00fcce Vatoz bal\u0131klar\u0131n\u0131n profesyonel \u00fcretimi i\u00e7in \u00f6zel olarak tasarlanm\u0131\u015f bir \u00fcr\u00fcnd\u00fcr, El i\u015f\u00e7ili\u011fiyle \u00fcretilip, pi\u015fmi\u015f kilden imal edilmi\u015ftir, Do\u011fal malzemeden imal edilmi\u015ftir. ; Kesinlikle suya sal\u0131n\u0131m yapmaz,;<\/p>","protected":false},"excerpt":{"rendered":"<p>Avanos C\u00fcce Vatoz Yavrulu\u011fu C\u00fcce Vatoz Yavrulu\u011fu A\u011f\u0131z \u00e7ap\u0131 : 5 Cm G\u00f6vde Uzunlu\u011fu : 13 Cm Arka \u00e7ap : 5,5 Cm G\u00f6vde Bi\u00e7imi : A\u011f\u0131z \u00fc\u00e7gen olup \u00f6nden arkaya do\u011fru ayn\u0131 \u00e7aptad\u0131r. ; C\u00fcce Vatoz bal\u0131klar\u0131n\u0131n profesyonel \u00fcretimi i\u00e7in \u00f6zel olarak tasarlanm\u0131\u015f bir \u00fcr\u00fcnd\u00fcr, El i\u015f\u00e7ili\u011fiyle \u00fcretilip, pi\u015fmi\u015f kilden imal edilmi\u015ftir, Do\u011fal malzemeden imal [&hellip;]<\/p>","protected":false},"featured_media":3360,"comment_status":"open","ping_status":"closed","template":"","meta":[],"pwb-brand":[175],"product_brand":[],"product_cat":[83],"product_tag":[],"class_list":{"0":"post-3359","1":"product","2":"type-product","3":"status-publish","4":"has-post-thumbnail","6":"pwb-brand-birevcil","7":"product_cat-yavruluk-ve-kuluckalar","9":"first","10":"instock","11":"taxable","12":"shipping-taxable","13":"purchasable","14":"product-type-simple"},"brands":[{"id":175,"name":"Birevcil","slug":"birevcil"}],"_links":{"self":[{"href":"https:\/\/falvarapet.com\/en\/wp-json\/wp\/v2\/product\/3359","targetHints":{"allow":["GET"]}}],"collection":[{"href":"https:\/\/falvarapet.com\/en\/wp-json\/wp\/v2\/product"}],"about":[{"href":"https:\/\/falvarapet.com\/en\/wp-json\/wp\/v2\/types\/product"}],"replies":[{"embeddable":true,"href":"https:\/\/falvarapet.com\/en\/wp-json\/wp\/v2\/comments?post=3359"}],"wp:featuredmedia":[{"embeddable":true,"href":"https:\/\/falvarapet.com\/en\/wp-json\/wp\/v2\/media\/3360"}],"wp:attachment":[{"href":"https:\/\/falvarapet.com\/en\/wp-json\/wp\/v2\/media?parent=3359"}],"wp:term":[{"taxonomy":"pwb-brand","embeddable":true,"href":"https:\/\/falvarapet.com\/en\/wp-json\/wp\/v2\/pwb-brand?post=3359"},{"taxonomy":"product_brand","embeddable":true,"href":"https:\/\/falvarapet.com\/en\/wp-json\/wp\/v2\/product_brand?post=3359"},{"taxonomy":"product_cat","embeddable":true,"href":"https:\/\/falvarapet.com\/en\/wp-json\/wp\/v2\/product_cat?post=3359"},{"taxonomy":"product_tag","embeddable":true,"href":"https:\/\/falvarapet.com\/en\/wp-json\/wp\/v2\/product_tag?post=3359"}],"curies":[{"name":"wp","href":"https:\/\/api.w.org\/{rel}","templated":true}]}}