{"id":3346,"date":"2025-11-24T16:34:02","date_gmt":"2025-11-24T16:34:02","guid":{"rendered":"https:\/\/falvarapet.com\/urun\/birevcil-kafes-kuslari-icin-devrilmez-yer-mamaligi-5-adet\/"},"modified":"2026-02-16T23:56:16","modified_gmt":"2026-02-16T23:56:16","slug":"birevcil-kafes-kuslari-icin-devrilmez-yer-mamaligi-5-adet","status":"publish","type":"product","link":"https:\/\/falvarapet.com\/en\/product\/birevcil-kafes-kuslari-icin-devrilmez-yer-mamaligi-5-adet\/","title":{"rendered":"birevcil Kafes Ku\u015flar\u0131 \u0130\u00e7in Devrilmez Yer Mamal\u0131\u011f\u0131 (5 Adet)"},"content":{"rendered":"<p>Besleyici de\u011feri y\u00fcksektir. Do\u011fal i\u00e7eriklerden \u00fcretilmi\u015ftir.<br \/>\nBesleyici \u00f6zelli\u011fe sahiptir<br \/>\nEvcil hayvanlar i\u00e7in \u00f6zel olarak \u00fcretilmi\u015ftir<br \/>\nEvcil hayvanlar\u0131n\u0131z\u0131n damak tad\u0131na uygundur<\/p>","protected":false},"excerpt":{"rendered":"<p>Besleyici de\u011feri y\u00fcksektir. Do\u011fal i\u00e7eriklerden \u00fcretilmi\u015ftir. Besleyici \u00f6zelli\u011fe sahiptir Evcil hayvanlar i\u00e7in \u00f6zel olarak \u00fcretilmi\u015ftir Evcil hayvanlar\u0131n\u0131z\u0131n damak tad\u0131na uygundur<\/p>","protected":false},"featured_media":3347,"comment_status":"open","ping_status":"closed","template":"","meta":[],"pwb-brand":[175],"product_brand":[],"product_cat":[163],"product_tag":[],"class_list":{"0":"post-3346","1":"product","2":"type-product","3":"status-publish","4":"has-post-thumbnail","6":"pwb-brand-birevcil","7":"product_cat-yemlik-ve-mamaliklar","9":"first","10":"instock","11":"taxable","12":"shipping-taxable","13":"purchasable","14":"product-type-simple"},"brands":[{"id":175,"name":"Birevcil","slug":"birevcil"}],"_links":{"self":[{"href":"https:\/\/falvarapet.com\/en\/wp-json\/wp\/v2\/product\/3346","targetHints":{"allow":["GET"]}}],"collection":[{"href":"https:\/\/falvarapet.com\/en\/wp-json\/wp\/v2\/product"}],"about":[{"href":"https:\/\/falvarapet.com\/en\/wp-json\/wp\/v2\/types\/product"}],"replies":[{"embeddable":true,"href":"https:\/\/falvarapet.com\/en\/wp-json\/wp\/v2\/comments?post=3346"}],"wp:featuredmedia":[{"embeddable":true,"href":"https:\/\/falvarapet.com\/en\/wp-json\/wp\/v2\/media\/3347"}],"wp:attachment":[{"href":"https:\/\/falvarapet.com\/en\/wp-json\/wp\/v2\/media?parent=3346"}],"wp:term":[{"taxonomy":"pwb-brand","embeddable":true,"href":"https:\/\/falvarapet.com\/en\/wp-json\/wp\/v2\/pwb-brand?post=3346"},{"taxonomy":"product_brand","embeddable":true,"href":"https:\/\/falvarapet.com\/en\/wp-json\/wp\/v2\/product_brand?post=3346"},{"taxonomy":"product_cat","embeddable":true,"href":"https:\/\/falvarapet.com\/en\/wp-json\/wp\/v2\/product_cat?post=3346"},{"taxonomy":"product_tag","embeddable":true,"href":"https:\/\/falvarapet.com\/en\/wp-json\/wp\/v2\/product_tag?post=3346"}],"curies":[{"name":"wp","href":"https:\/\/api.w.org\/{rel}","templated":true}]}}