{"id":3309,"date":"2025-11-24T11:33:58","date_gmt":"2025-11-24T11:33:58","guid":{"rendered":"https:\/\/falvarapet.com\/urun\/10x1-kg-garden-mix-platin-paraket-sultan-cennet-papagani-yemi\/"},"modified":"2026-04-04T19:17:16","modified_gmt":"2026-04-04T19:17:16","slug":"10x1-kg-garden-mix-platin-paraket-sultan-cennet-papagani-yemi","status":"publish","type":"product","link":"https:\/\/falvarapet.com\/en\/product\/10x1-kg-garden-mix-platin-paraket-sultan-cennet-papagani-yemi\/","title":{"rendered":"10&#215;1 Kg Garden Mix Platin Paraket Sultan Cennet Papa\u011fan\u0131 Yemi"},"content":{"rendered":"<p>GARDENM\u0130X PLAT\u0130N PARAKET YEM\u0130 8 \u00e7e\u015fit tohumun benzersiz kar\u0131\u015f\u0131m\u0131 : \u00c7ekirdek, ak dar\u0131, sar\u0131 dar\u0131, k\u0131rm\u0131z\u0131 dar\u0131, aspir, aspur, nijer tohumu, siyah dar\u0131 Analiz Bile\u015fenleri : Ham sel\u00fcloz : % 11; 3 Ham Protein : %10; 5 Ham Ya\u011f : %9; 5 Ham K\u00fcl : % 3 Kullan\u0131m\u0131 : G\u00fcnde 1; 2 defa ku\u015fun b\u00fcy\u00fckl\u00fc\u011f\u00fcne ve say\u0131s\u0131na g\u00f6re tespit edilecek miktarda yemi kafes yemli\u011fine koyunuz; Yan\u0131nda her zaman taze su bulundurulmas\u0131 tavsiye edilir;<\/p>","protected":false},"excerpt":{"rendered":"<p>GARDENM\u0130X PLAT\u0130N PARAKET YEM\u0130 8 \u00e7e\u015fit tohumun benzersiz kar\u0131\u015f\u0131m\u0131 : \u00c7ekirdek, ak dar\u0131, sar\u0131 dar\u0131, k\u0131rm\u0131z\u0131 dar\u0131, aspir, aspur, nijer tohumu, siyah dar\u0131 Analiz Bile\u015fenleri : Ham sel\u00fcloz : % 11; 3 Ham Protein : %10; 5 Ham Ya\u011f : %9; 5 Ham K\u00fcl : % 3 Kullan\u0131m\u0131 : G\u00fcnde 1; 2 defa ku\u015fun b\u00fcy\u00fckl\u00fc\u011f\u00fcne [&hellip;]<\/p>","protected":false},"featured_media":3310,"comment_status":"open","ping_status":"closed","template":"","meta":[],"pwb-brand":[191],"product_brand":[],"product_cat":[152],"product_tag":[],"class_list":{"0":"post-3309","1":"product","2":"type-product","3":"status-publish","4":"has-post-thumbnail","6":"pwb-brand-garden-mix","7":"product_cat-papagan-ve-paraket-yemleri","9":"first","10":"instock","11":"taxable","12":"shipping-taxable","13":"purchasable","14":"product-type-simple"},"brands":[{"id":191,"name":"Garden Mix","slug":"garden-mix"}],"_links":{"self":[{"href":"https:\/\/falvarapet.com\/en\/wp-json\/wp\/v2\/product\/3309","targetHints":{"allow":["GET"]}}],"collection":[{"href":"https:\/\/falvarapet.com\/en\/wp-json\/wp\/v2\/product"}],"about":[{"href":"https:\/\/falvarapet.com\/en\/wp-json\/wp\/v2\/types\/product"}],"replies":[{"embeddable":true,"href":"https:\/\/falvarapet.com\/en\/wp-json\/wp\/v2\/comments?post=3309"}],"wp:featuredmedia":[{"embeddable":true,"href":"https:\/\/falvarapet.com\/en\/wp-json\/wp\/v2\/media\/3310"}],"wp:attachment":[{"href":"https:\/\/falvarapet.com\/en\/wp-json\/wp\/v2\/media?parent=3309"}],"wp:term":[{"taxonomy":"pwb-brand","embeddable":true,"href":"https:\/\/falvarapet.com\/en\/wp-json\/wp\/v2\/pwb-brand?post=3309"},{"taxonomy":"product_brand","embeddable":true,"href":"https:\/\/falvarapet.com\/en\/wp-json\/wp\/v2\/product_brand?post=3309"},{"taxonomy":"product_cat","embeddable":true,"href":"https:\/\/falvarapet.com\/en\/wp-json\/wp\/v2\/product_cat?post=3309"},{"taxonomy":"product_tag","embeddable":true,"href":"https:\/\/falvarapet.com\/en\/wp-json\/wp\/v2\/product_tag?post=3309"}],"curies":[{"name":"wp","href":"https:\/\/api.w.org\/{rel}","templated":true}]}}