{"id":3291,"date":"2025-11-23T11:49:25","date_gmt":"2025-11-23T11:49:25","guid":{"rendered":"https:\/\/falvarapet.com\/urun\/cichlid-spirulina-flakes-500-gram-pul-balik-yemi\/"},"modified":"2026-03-31T10:47:21","modified_gmt":"2026-03-31T10:47:21","slug":"cichlid-spirulina-flakes-500-gram-pul-balik-yemi","status":"publish","type":"product","link":"https:\/\/falvarapet.com\/en\/product\/cichlid-spirulina-flakes-500-gram-pul-balik-yemi\/","title":{"rendered":"Cichlid Spirulina Flakes 500 Gram Pul Bal\u0131k Yemi"},"content":{"rendered":"<p>Ot\u00e7ul Malawi ve Tanganika G\u00f6l\u00fc \u00e7iklitleri gibi y\u00fcksek oranda bitkisel besinlere ihtiya\u00e7 duyan orta boy \u00e7iklitlerin g\u00fcnl\u00fck beslenmelerinde kullan\u0131lmak \u00fczere y\u00fcz\u00fcc\u00fc \u00e7ubuklar \u015feklinde tasarlanm\u0131\u015f temel bitkisel yemdir. ; Bitkisel \u00e7ubuklar ayr\u0131ca omnivor \u00e7iklitler ve di\u011fer bal\u0131k t\u00fcrleri i\u00e7in m\u00fckemmel bir ek yemdir. ; Yemin i\u00e7eri\u011finde mevcut diyet lifleri ve Spirulina platensis (%6) sindirim s\u00fcre\u00e7lerine olumlu etki yaparak sindirim kanallar\u0131n\u0131n ya\u011flanmas\u0131n\u0131 ve enfeksiyon kapmas\u0131n\u0131 engellemektedir. ; Spirulinada bulunan maddeler ve C vitamini bal\u0131klar\u0131n hastal\u0131klara kar\u015f\u0131 do\u011fal bir ba\u011f\u0131\u015f\u0131kl\u0131k geli\u015ftirmesini sa\u011flarlar.;<\/p>","protected":false},"excerpt":{"rendered":"<p>Ot\u00e7ul Malawi ve Tanganika G\u00f6l\u00fc \u00e7iklitleri gibi y\u00fcksek oranda bitkisel besinlere ihtiya\u00e7 duyan orta boy \u00e7iklitlerin g\u00fcnl\u00fck beslenmelerinde kullan\u0131lmak \u00fczere y\u00fcz\u00fcc\u00fc \u00e7ubuklar \u015feklinde tasarlanm\u0131\u015f temel bitkisel yemdir. ; Bitkisel \u00e7ubuklar ayr\u0131ca omnivor \u00e7iklitler ve di\u011fer bal\u0131k t\u00fcrleri i\u00e7in m\u00fckemmel bir ek yemdir. ; Yemin i\u00e7eri\u011finde mevcut diyet lifleri ve Spirulina platensis (%6) sindirim s\u00fcre\u00e7lerine olumlu [&hellip;]<\/p>","protected":false},"featured_media":3292,"comment_status":"open","ping_status":"closed","template":"","meta":[],"pwb-brand":[176],"product_brand":[],"product_cat":[92],"product_tag":[],"class_list":{"0":"post-3291","1":"product","2":"type-product","3":"status-publish","4":"has-post-thumbnail","6":"pwb-brand-tropical","7":"product_cat-pul-yemler","9":"first","10":"instock","11":"taxable","12":"shipping-taxable","13":"purchasable","14":"product-type-simple"},"brands":[{"id":176,"name":"Tropical","slug":"tropical"}],"_links":{"self":[{"href":"https:\/\/falvarapet.com\/en\/wp-json\/wp\/v2\/product\/3291","targetHints":{"allow":["GET"]}}],"collection":[{"href":"https:\/\/falvarapet.com\/en\/wp-json\/wp\/v2\/product"}],"about":[{"href":"https:\/\/falvarapet.com\/en\/wp-json\/wp\/v2\/types\/product"}],"replies":[{"embeddable":true,"href":"https:\/\/falvarapet.com\/en\/wp-json\/wp\/v2\/comments?post=3291"}],"wp:featuredmedia":[{"embeddable":true,"href":"https:\/\/falvarapet.com\/en\/wp-json\/wp\/v2\/media\/3292"}],"wp:attachment":[{"href":"https:\/\/falvarapet.com\/en\/wp-json\/wp\/v2\/media?parent=3291"}],"wp:term":[{"taxonomy":"pwb-brand","embeddable":true,"href":"https:\/\/falvarapet.com\/en\/wp-json\/wp\/v2\/pwb-brand?post=3291"},{"taxonomy":"product_brand","embeddable":true,"href":"https:\/\/falvarapet.com\/en\/wp-json\/wp\/v2\/product_brand?post=3291"},{"taxonomy":"product_cat","embeddable":true,"href":"https:\/\/falvarapet.com\/en\/wp-json\/wp\/v2\/product_cat?post=3291"},{"taxonomy":"product_tag","embeddable":true,"href":"https:\/\/falvarapet.com\/en\/wp-json\/wp\/v2\/product_tag?post=3291"}],"curies":[{"name":"wp","href":"https:\/\/api.w.org\/{rel}","templated":true}]}}