{"id":3261,"date":"2025-11-21T13:19:07","date_gmt":"2025-11-21T13:19:07","guid":{"rendered":"https:\/\/falvarapet.com\/urun\/3-numara-beyaz-akvaryum-balik-kepcesi-14x10x2737-cm\/"},"modified":"2026-03-21T10:10:32","modified_gmt":"2026-03-21T10:10:32","slug":"3-numara-beyaz-akvaryum-balik-kepcesi-14x10x2737-cm","status":"publish","type":"product","link":"https:\/\/falvarapet.com\/en\/product\/3-numara-beyaz-akvaryum-balik-kepcesi-14x10x2737-cm","title":{"rendered":"3 Numara Beyaz Akvaryum Bal\u0131k Kep\u00e7esi 14x10x27(37) Cm"},"content":{"rendered":"<p>Birevcil beyaz bal\u0131k kep\u00e7esi no:3 Akvaryum i\u00e7erisine elinizi sokmadan akvaryum i\u00e7erisinde i\u015flem yapabilmenize olanak sa\u011flayan akvaryum bal\u0131k kep\u00e7esi \u00e7e\u015fitlerindendir. Kep\u00e7enin g\u00f6zenekleri di\u011fer kep\u00e7elerden daha b\u00fcy\u00fckt\u00fcr. Bu da suyun i\u00e7inde daha rahat hareket etmesini sa\u011flar. ; Kep\u00e7e boyu 10 x 14 sap boyu 27 santimetredir. ; Akvaryuma yeni bal\u0131k transfer etmede veya kaba pisliklerin al\u0131nmas\u0131nda yard\u0131mc\u0131 olur. ; I\u00e7i yumu\u015fak t\u00fcl malzemeden \u00fcretilmi\u015ftir bal\u0131klara zarar vermeden toplaman\u0131z\u0131 sa\u011flar. ; Basit bir tasar\u0131ma sahiptir kullan\u0131m\u0131 kolayd\u0131r. ; Sap ve \u00e7er\u00e7eve k\u0131sm\u0131 suya dayan\u0131kl\u0131 malzemeden \u00fcretilmi\u015ftir uzun y\u0131llar dayan\u0131r. ; Sert k\u0131s\u0131mlar\u0131n bal\u0131klara zarar vermesini \u00f6nlemek amac\u0131yla bal\u0131k kep\u00e7esi yumu\u015fak malzemeyle kaplanm\u0131\u015ft\u0131r ve sivri sert k\u00f6\u015feler sar\u0131lm\u0131\u015ft\u0131r. ; Akvaryum i\u00e7erisinde zehirli sal\u0131n\u0131m yapmayan malzemeden \u00fcretilmi\u015ftir. ; Kep\u00e7e a\u011fz\u0131: 10&#215;14 cm ; Sap uzunlu\u011fu: 27 cm ; Toplam uzunluk: 37 cm ;<\/p>","protected":false},"excerpt":{"rendered":"<p>Birevcil beyaz bal\u0131k kep\u00e7esi no:3 Akvaryum i\u00e7erisine elinizi sokmadan akvaryum i\u00e7erisinde i\u015flem yapabilmenize olanak sa\u011flayan akvaryum bal\u0131k kep\u00e7esi \u00e7e\u015fitlerindendir. Kep\u00e7enin g\u00f6zenekleri di\u011fer kep\u00e7elerden daha b\u00fcy\u00fckt\u00fcr. Bu da suyun i\u00e7inde daha rahat hareket etmesini sa\u011flar. ; Kep\u00e7e boyu 10 x 14 sap boyu 27 santimetredir. ; Akvaryuma yeni bal\u0131k transfer etmede veya kaba pisliklerin al\u0131nmas\u0131nda yard\u0131mc\u0131 [&hellip;]<\/p>","protected":false},"featured_media":3262,"comment_status":"open","ping_status":"closed","template":"","meta":{"om_disable_all_campaigns":false,"_monsterinsights_skip_tracking":false,"_monsterinsights_sitenote_active":false,"_monsterinsights_sitenote_note":"","_monsterinsights_sitenote_category":0},"pwb-brand":[175],"product_brand":[],"product_cat":[81],"product_tag":[],"class_list":{"0":"post-3261","1":"product","2":"type-product","3":"status-publish","4":"has-post-thumbnail","6":"pwb-brand-birevcil","7":"product_cat-kepceler","9":"first","10":"instock","11":"taxable","12":"shipping-taxable","13":"purchasable","14":"product-type-simple"},"aioseo_notices":[],"brands":[{"id":175,"name":"Birevcil","slug":"birevcil"}],"_links":{"self":[{"href":"https:\/\/falvarapet.com\/en\/wp-json\/wp\/v2\/product\/3261","targetHints":{"allow":["GET"]}}],"collection":[{"href":"https:\/\/falvarapet.com\/en\/wp-json\/wp\/v2\/product"}],"about":[{"href":"https:\/\/falvarapet.com\/en\/wp-json\/wp\/v2\/types\/product"}],"replies":[{"embeddable":true,"href":"https:\/\/falvarapet.com\/en\/wp-json\/wp\/v2\/comments?post=3261"}],"version-history":[{"count":0,"href":"https:\/\/falvarapet.com\/en\/wp-json\/wp\/v2\/product\/3261\/revisions"}],"wp:featuredmedia":[{"embeddable":true,"href":"https:\/\/falvarapet.com\/en\/wp-json\/wp\/v2\/media\/3262"}],"wp:attachment":[{"href":"https:\/\/falvarapet.com\/en\/wp-json\/wp\/v2\/media?parent=3261"}],"wp:term":[{"taxonomy":"pwb-brand","embeddable":true,"href":"https:\/\/falvarapet.com\/en\/wp-json\/wp\/v2\/pwb-brand?post=3261"},{"taxonomy":"product_brand","embeddable":true,"href":"https:\/\/falvarapet.com\/en\/wp-json\/wp\/v2\/product_brand?post=3261"},{"taxonomy":"product_cat","embeddable":true,"href":"https:\/\/falvarapet.com\/en\/wp-json\/wp\/v2\/product_cat?post=3261"},{"taxonomy":"product_tag","embeddable":true,"href":"https:\/\/falvarapet.com\/en\/wp-json\/wp\/v2\/product_tag?post=3261"}],"curies":[{"name":"wp","href":"https:\/\/api.w.org\/{rel}","templated":true}]}}