{"id":3184,"date":"2025-11-18T04:56:14","date_gmt":"2025-11-18T04:56:14","guid":{"rendered":"https:\/\/falvarapet.com\/urun\/1000-adet-tropical-3-algae-tablets-a-kovadan-bolme-tablet-balik-yemi\/"},"modified":"2026-03-30T19:41:09","modified_gmt":"2026-03-30T19:41:09","slug":"1000-adet-tropical-3-algae-tablets-a-kovadan-bolme-tablet-balik-yemi","status":"publish","type":"product","link":"https:\/\/falvarapet.com\/en\/product\/1000-adet-tropical-3-algae-tablets-a-kovadan-bolme-tablet-balik-yemi\/","title":{"rendered":"1000 Adet Tropical 3-Algae Tablets A Kovadan B\u00f6lme Tablet Bal\u0131k Yemi"},"content":{"rendered":"<p><font style=\"color:#212529;font-family:-apple-system, BlinkMacSystemFont,\" color=\"\"><font>3-Algae Tablets A, alg a\u00e7\u0131s\u0131ndan zengin, kendinden yap\u0131\u015fkanl\u0131 tablet formunda bir yemdir.<\/font><\/font><br style=\"color:#212529;font-family:-apple-system, BlinkMacSystemFont,\"><br \/>\n<br style=\"color:#212529;font-family:-apple-system, BlinkMacSystemFont,\"><br \/>\n<font style=\"color:#212529;font-family:-apple-system, BlinkMacSystemFont,\" color=\"\"><font>Premium serisi, bal\u0131klara m\u00fckemmel kondisyon, g\u00fczel renkler ve hastal\u0131klara kar\u015f\u0131 daha fazla diren\u00e7 gibi bir\u00e7ok cazip katk\u0131 maddesi i\u00e7eren kullan\u0131ma haz\u0131r yemler i\u00e7erir. Premium serisi, \u00f6zel beslenme gereksinimleri olan bal\u0131klar i\u00e7in tasarlanm\u0131\u015f hem evrensel hem de \u00f6zel \u00fcr\u00fcnler i\u00e7erir.<\/p>\n<p>&#8211; Tatl\u0131 su ve deniz ot\u00e7ul bal\u0131klar\u0131 i\u00e7in ideal yemdir<\/font><\/font><br style=\"color:#212529;font-family:-apple-system, BlinkMacSystemFont,\"><br \/>\n<font style=\"color:#212529;font-family:-apple-system, BlinkMacSystemFont,\" color=\"\"><font>&#8211; \u00dc\u00e7 farkl\u0131 alg t\u00fcr\u00fc<\/font><\/font><br style=\"color:#212529;font-family:-apple-system, BlinkMacSystemFont,\"><br \/>\n<font style=\"color:#212529;font-family:-apple-system, BlinkMacSystemFont,\" color=\"\"><font>&#8211; Ba\u011f\u0131\u015f\u0131kl\u0131k sistemini destekler<\/font><\/font><br style=\"color:#212529;font-family:-apple-system, BlinkMacSystemFont,\"><br \/>\n<font style=\"color:#212529;font-family:-apple-system, BlinkMacSystemFont,\" color=\"\"><font>&#8211; Karantina, iklime uyum ve iyile\u015fme d\u00f6neminde \u00f6nerilir<\/font><\/font><br style=\"color:#212529;font-family:-apple-system, BlinkMacSystemFont,\"><br \/>\n<font style=\"color:#212529;font-family:-apple-system, BlinkMacSystemFont,\" color=\"\"><font>&#8211; Optimum fosfor seviyesi bal\u0131klar\u0131n ihtiya\u00e7lar\u0131n\u0131 kar\u015f\u0131lar ve alg olu\u015fumunu s\u0131n\u0131rlar<\/font><\/font><\/p>","protected":false},"excerpt":{"rendered":"<p>3-Algae Tablets A, alg a\u00e7\u0131s\u0131ndan zengin, kendinden yap\u0131\u015fkanl\u0131 tablet formunda bir yemdir. Premium serisi, bal\u0131klara m\u00fckemmel kondisyon, g\u00fczel renkler ve hastal\u0131klara kar\u015f\u0131 daha fazla diren\u00e7 gibi bir\u00e7ok cazip katk\u0131 maddesi i\u00e7eren kullan\u0131ma haz\u0131r yemler i\u00e7erir. Premium serisi, \u00f6zel beslenme gereksinimleri olan bal\u0131klar i\u00e7in tasarlanm\u0131\u015f hem evrensel hem de \u00f6zel \u00fcr\u00fcnler i\u00e7erir. &#8211; Tatl\u0131 su ve [&hellip;]<\/p>","protected":false},"featured_media":3185,"comment_status":"open","ping_status":"closed","template":"","meta":[],"pwb-brand":[176],"product_brand":[],"product_cat":[91],"product_tag":[],"class_list":{"0":"post-3184","1":"product","2":"type-product","3":"status-publish","4":"has-post-thumbnail","6":"pwb-brand-tropical","7":"product_cat-tablet-yemler","9":"first","10":"instock","11":"taxable","12":"shipping-taxable","13":"purchasable","14":"product-type-simple"},"brands":[{"id":176,"name":"Tropical","slug":"tropical"}],"_links":{"self":[{"href":"https:\/\/falvarapet.com\/en\/wp-json\/wp\/v2\/product\/3184","targetHints":{"allow":["GET"]}}],"collection":[{"href":"https:\/\/falvarapet.com\/en\/wp-json\/wp\/v2\/product"}],"about":[{"href":"https:\/\/falvarapet.com\/en\/wp-json\/wp\/v2\/types\/product"}],"replies":[{"embeddable":true,"href":"https:\/\/falvarapet.com\/en\/wp-json\/wp\/v2\/comments?post=3184"}],"wp:featuredmedia":[{"embeddable":true,"href":"https:\/\/falvarapet.com\/en\/wp-json\/wp\/v2\/media\/3185"}],"wp:attachment":[{"href":"https:\/\/falvarapet.com\/en\/wp-json\/wp\/v2\/media?parent=3184"}],"wp:term":[{"taxonomy":"pwb-brand","embeddable":true,"href":"https:\/\/falvarapet.com\/en\/wp-json\/wp\/v2\/pwb-brand?post=3184"},{"taxonomy":"product_brand","embeddable":true,"href":"https:\/\/falvarapet.com\/en\/wp-json\/wp\/v2\/product_brand?post=3184"},{"taxonomy":"product_cat","embeddable":true,"href":"https:\/\/falvarapet.com\/en\/wp-json\/wp\/v2\/product_cat?post=3184"},{"taxonomy":"product_tag","embeddable":true,"href":"https:\/\/falvarapet.com\/en\/wp-json\/wp\/v2\/product_tag?post=3184"}],"curies":[{"name":"wp","href":"https:\/\/api.w.org\/{rel}","templated":true}]}}