{"id":3163,"date":"2025-08-05T12:55:52","date_gmt":"2025-08-05T12:55:52","guid":{"rendered":"https:\/\/falvarapet.com\/?post_type=product&#038;p=3163"},"modified":"2025-12-14T10:34:12","modified_gmt":"2025-12-14T10:34:12","slug":"herbio-avispray-kuslar-icin-cilt-ve-tuy-bakim-urunu","status":"publish","type":"product","link":"https:\/\/falvarapet.com\/en\/product\/herbio-avispray-kuslar-icin-cilt-ve-tuy-bakim-urunu\/","title":{"rendered":"Herbio Avispray Ku\u015flar \u0130\u00e7in \u00c7ilt ve T\u00fcy bak\u0131m \u00dcr\u00fcn\u00fc"},"content":{"rendered":"<p><strong><span data-contrast=\"auto\">B\u0130LE\u015e\u0130M\u0130:<\/span><\/strong><span data-contrast=\"auto\"> 1 gram Herbio Avispray 40 mg Palmarosa ya\u011f\u0131 i\u00e7eren ve renksiz bir \u00e7\u00f6zeltidir.<\/span><span data-ccp-props=\"{&quot;201341983&quot;:0,&quot;335559739&quot;:160,&quot;335559740&quot;:259}\">\u00a0<\/span><\/p>\n<p><strong><span data-contrast=\"auto\">KULLANIM SAHASI:<\/span><\/strong><span data-contrast=\"auto\"> Biyo Dermacure Herbio Avispray Cymbopogon martinii bitkisinden elde edilen do\u011fal Palmarosa ya\u011f\u0131 i\u00e7erir. Do\u011fuda \u00f6zellikle Hindistan\u2019da alternatif tedavide kullan\u0131lan Palmarosa ya\u011f\u0131 nemlendirici \u00f6zelli\u011fi ile kafes ku\u015flar\u0131 ve g\u00fcvercinlerin cilt ve t\u00fcylerinin sa\u011fl\u0131kl\u0131 ve parlak olmas\u0131n\u0131 sa\u011flar. Cildin do\u011fal ya\u011f dengesini korur. Derinin enfekte olmas\u0131n\u0131 \u00f6nler. Biyo Dermacure Herbio Avispray ayn\u0131 zamanda kafes ku\u015flar\u0131n\u0131n kendi kendilerini gagalay\u0131p t\u00fcylerini koparmalar\u0131ndan (Kanibalizm) ileri gelen yara ve berelerinin tedavisine yard\u0131mc\u0131 olur. Pire, kene ve bitlerden ileri gelen cilt tahri\u015flerini giderir. <\/span><span data-ccp-props=\"{&quot;201341983&quot;:0,&quot;335559739&quot;:160,&quot;335559740&quot;:259}\">\u00a0<\/span><\/p>\n<p><strong><span data-contrast=\"auto\">KULLANIM \u015eEKL\u0130 VE DOZU:<\/span><\/strong><span data-contrast=\"auto\">\u00a0Kafes ku\u015flar\u0131na ve g\u00fcvercinlere 15 cm uzakl\u0131ktan deri ve t\u00fcylere p\u00fcsk\u00fcrt\u00fcl\u00fcr. Gerekirse 15 g\u00fcn sonra tekrarlanabilir.<\/span><span data-ccp-props=\"{&quot;201341983&quot;:0,&quot;335559739&quot;:160,&quot;335559740&quot;:259}\">\u00a0<\/span><\/p>","protected":false},"excerpt":{"rendered":"<p>B\u0130LE\u015e\u0130M\u0130: 1 gram Herbio Avispray 40 mg Palmarosa ya\u011f\u0131 i\u00e7eren ve renksiz bir \u00e7\u00f6zeltidir.\u00a0 KULLANIM SAHASI: Biyo Dermacure Herbio Avispray Cymbopogon martinii bitkisinden elde edilen do\u011fal Palmarosa ya\u011f\u0131 i\u00e7erir. Do\u011fuda \u00f6zellikle Hindistan\u2019da alternatif tedavide kullan\u0131lan Palmarosa ya\u011f\u0131 nemlendirici \u00f6zelli\u011fi ile kafes ku\u015flar\u0131 ve g\u00fcvercinlerin cilt ve t\u00fcylerinin sa\u011fl\u0131kl\u0131 ve parlak olmas\u0131n\u0131 sa\u011flar. Cildin do\u011fal ya\u011f [&hellip;]<\/p>","protected":false},"featured_media":3164,"comment_status":"open","ping_status":"closed","template":"","meta":[],"pwb-brand":[185],"product_brand":[],"product_cat":[157],"product_tag":[],"class_list":{"0":"post-3163","1":"product","2":"type-product","3":"status-publish","4":"has-post-thumbnail","6":"pwb-brand-biyoteknik","7":"product_cat-vitaminler-kus-saglik-ve-bakim-urunleri","9":"first","10":"instock","11":"taxable","12":"shipping-taxable","13":"purchasable","14":"product-type-simple"},"brands":[{"id":185,"name":"Biyoteknik","slug":"biyoteknik"}],"_links":{"self":[{"href":"https:\/\/falvarapet.com\/en\/wp-json\/wp\/v2\/product\/3163","targetHints":{"allow":["GET"]}}],"collection":[{"href":"https:\/\/falvarapet.com\/en\/wp-json\/wp\/v2\/product"}],"about":[{"href":"https:\/\/falvarapet.com\/en\/wp-json\/wp\/v2\/types\/product"}],"replies":[{"embeddable":true,"href":"https:\/\/falvarapet.com\/en\/wp-json\/wp\/v2\/comments?post=3163"}],"wp:featuredmedia":[{"embeddable":true,"href":"https:\/\/falvarapet.com\/en\/wp-json\/wp\/v2\/media\/3164"}],"wp:attachment":[{"href":"https:\/\/falvarapet.com\/en\/wp-json\/wp\/v2\/media?parent=3163"}],"wp:term":[{"taxonomy":"pwb-brand","embeddable":true,"href":"https:\/\/falvarapet.com\/en\/wp-json\/wp\/v2\/pwb-brand?post=3163"},{"taxonomy":"product_brand","embeddable":true,"href":"https:\/\/falvarapet.com\/en\/wp-json\/wp\/v2\/product_brand?post=3163"},{"taxonomy":"product_cat","embeddable":true,"href":"https:\/\/falvarapet.com\/en\/wp-json\/wp\/v2\/product_cat?post=3163"},{"taxonomy":"product_tag","embeddable":true,"href":"https:\/\/falvarapet.com\/en\/wp-json\/wp\/v2\/product_tag?post=3163"}],"curies":[{"name":"wp","href":"https:\/\/api.w.org\/{rel}","templated":true}]}}