{"id":3160,"date":"2025-08-05T12:49:41","date_gmt":"2025-08-05T12:49:41","guid":{"rendered":"https:\/\/falvarapet.com\/?post_type=product&#038;p=3160"},"modified":"2025-11-16T15:18:15","modified_gmt":"2025-11-16T15:18:15","slug":"6-adet-avimineral-kuslar-icin-mineral-takviyesi","status":"publish","type":"product","link":"https:\/\/falvarapet.com\/en\/product\/6-adet-avimineral-kuslar-icin-mineral-takviyesi\/","title":{"rendered":"6 Adet Avimineral Ku\u015flar \u0130\u00e7in Mineral Takviyesi"},"content":{"rendered":"<p><strong><span data-contrast=\"auto\">Bile\u015fimi<\/span><\/strong><span data-contrast=\"auto\">:\u00a0<\/span><span data-ccp-props=\"{&quot;201341983&quot;:0,&quot;335559739&quot;:160,&quot;335559740&quot;:240}\">\u00a0<\/span><\/p>\n<table data-tablestyle=\"MsoNormalTable\" data-tablelook=\"1184\" aria-rowcount=\"9\">\n<tbody>\n<tr aria-rowindex=\"1\">\n<td data-celllook=\"4369\"><strong><span data-contrast=\"auto\">Besinsel Katk\u0131lar<\/span><\/strong><span data-ccp-props=\"{&quot;201341983&quot;:0,&quot;335551550&quot;:2,&quot;335551620&quot;:2,&quot;335559740&quot;:240}\">\u00a0<\/span><\/td>\n<td data-celllook=\"4369\"><span data-ccp-props=\"{&quot;201341983&quot;:0,&quot;335551550&quot;:2,&quot;335551620&quot;:2,&quot;335559740&quot;:240}\">\u00a0<\/span><\/td>\n<td data-celllook=\"4369\"><strong><span data-contrast=\"auto\">Mineraller<\/span><\/strong><span data-ccp-props=\"{&quot;201341983&quot;:0,&quot;335551550&quot;:2,&quot;335551620&quot;:2,&quot;335559740&quot;:240}\">\u00a0<\/span><\/td>\n<td data-celllook=\"4369\"><span data-ccp-props=\"{&quot;201341983&quot;:0,&quot;335551550&quot;:2,&quot;335551620&quot;:2,&quot;335559740&quot;:240}\">\u00a0<\/span><\/td>\n<\/tr>\n<tr aria-rowindex=\"2\">\n<td data-celllook=\"4369\"><strong><span data-contrast=\"auto\">\u0130z Elementler<\/span><\/strong><span data-ccp-props=\"{&quot;201341983&quot;:0,&quot;335559740&quot;:240}\">\u00a0<\/span><\/td>\n<td data-celllook=\"4369\"><span data-ccp-props=\"{&quot;201341983&quot;:0,&quot;335551550&quot;:2,&quot;335551620&quot;:2,&quot;335559740&quot;:240}\">\u00a0<\/span><\/td>\n<td data-celllook=\"4369\"><strong><span data-contrast=\"auto\">Magnezyum (11.2.6):<\/span><\/strong><span data-ccp-props=\"{&quot;201341983&quot;:0,&quot;335559740&quot;:240}\">\u00a0<\/span><\/td>\n<td data-celllook=\"4369\"><span data-contrast=\"auto\">0,010 mg\/kg<\/span><span data-ccp-props=\"{&quot;201341983&quot;:0,&quot;335551550&quot;:2,&quot;335551620&quot;:2,&quot;335559740&quot;:240}\">\u00a0<\/span><\/td>\n<\/tr>\n<tr aria-rowindex=\"3\">\n<td data-celllook=\"4369\"><strong><span data-contrast=\"auto\">Demir (E1):<\/span><\/strong><span data-ccp-props=\"{&quot;201341983&quot;:0,&quot;335559740&quot;:240}\">\u00a0<\/span><\/td>\n<td data-celllook=\"4369\"><span data-contrast=\"auto\">2,000 mg\/kg<\/span><span data-ccp-props=\"{&quot;201341983&quot;:0,&quot;335551550&quot;:2,&quot;335551620&quot;:2,&quot;335559740&quot;:240}\">\u00a0<\/span><\/td>\n<td data-celllook=\"4369\"><strong><span data-contrast=\"auto\">Kalsiyum (11.1.6):<\/span><\/strong><span data-ccp-props=\"{&quot;201341983&quot;:0,&quot;335559740&quot;:240}\">\u00a0<\/span><\/td>\n<td data-celllook=\"4369\"><span data-contrast=\"auto\">0,600 mg\/kg<\/span><span data-ccp-props=\"{&quot;201341983&quot;:0,&quot;335551550&quot;:2,&quot;335551620&quot;:2,&quot;335559740&quot;:240}\">\u00a0<\/span><\/td>\n<\/tr>\n<tr aria-rowindex=\"4\">\n<td data-celllook=\"4369\"><strong><span data-contrast=\"auto\">\u0130yot (E2):<\/span><\/strong><span data-ccp-props=\"{&quot;201341983&quot;:0,&quot;335559740&quot;:240}\">\u00a0<\/span><\/td>\n<td data-celllook=\"4369\"><span data-contrast=\"auto\">1,000 mg\/kg<\/span><span data-ccp-props=\"{&quot;201341983&quot;:0,&quot;335551550&quot;:2,&quot;335551620&quot;:2,&quot;335559740&quot;:240}\">\u00a0<\/span><\/td>\n<td data-celllook=\"4369\"><strong><span data-contrast=\"auto\">Sodyum (11.4.1):<\/span><\/strong><span data-ccp-props=\"{&quot;201341983&quot;:0,&quot;335559740&quot;:240}\">\u00a0<\/span><\/td>\n<td data-celllook=\"4369\"><span data-contrast=\"auto\">0,080 mg\/kg<\/span><span data-ccp-props=\"{&quot;201341983&quot;:0,&quot;335551550&quot;:2,&quot;335551620&quot;:2,&quot;335559740&quot;:240}\">\u00a0<\/span><\/td>\n<\/tr>\n<tr aria-rowindex=\"5\">\n<td data-celllook=\"4369\"><strong><span data-contrast=\"auto\">Kobalt (3b802):<\/span><\/strong><span data-ccp-props=\"{&quot;201341983&quot;:0,&quot;335559740&quot;:240}\">\u00a0<\/span><\/td>\n<td data-celllook=\"4369\"><span data-contrast=\"auto\">0,200 mg\/kg<\/span><span data-ccp-props=\"{&quot;201341983&quot;:0,&quot;335551550&quot;:2,&quot;335551620&quot;:2,&quot;335559740&quot;:240}\">\u00a0<\/span><\/td>\n<td data-celllook=\"4369\"><strong><span data-contrast=\"auto\">Duyusal Katk\u0131lar<\/span><\/strong><span data-ccp-props=\"{&quot;201341983&quot;:0,&quot;335559740&quot;:240}\">\u00a0<\/span><\/td>\n<td data-celllook=\"4369\"><span data-ccp-props=\"{&quot;201341983&quot;:0,&quot;335551550&quot;:2,&quot;335551620&quot;:2,&quot;335559740&quot;:240}\">\u00a0<\/span><\/td>\n<\/tr>\n<tr aria-rowindex=\"6\">\n<td data-celllook=\"4369\"><strong><span data-contrast=\"auto\">Bak\u0131r (E4):<\/span><\/strong><span data-ccp-props=\"{&quot;201341983&quot;:0,&quot;335559740&quot;:240}\">\u00a0<\/span><\/td>\n<td data-celllook=\"4369\"><span data-contrast=\"auto\">0,200 mg\/kg<\/span><span data-ccp-props=\"{&quot;201341983&quot;:0,&quot;335551550&quot;:2,&quot;335551620&quot;:2,&quot;335559740&quot;:240}\">\u00a0<\/span><\/td>\n<td data-celllook=\"4369\"><strong><span data-contrast=\"auto\">Renklendiriciler<\/span><\/strong><span data-ccp-props=\"{&quot;201341983&quot;:0,&quot;335559740&quot;:240}\">\u00a0<\/span><\/td>\n<td data-celllook=\"4369\"><span data-ccp-props=\"{&quot;201341983&quot;:0,&quot;335551550&quot;:2,&quot;335551620&quot;:2,&quot;335559740&quot;:240}\">\u00a0<\/span><\/td>\n<\/tr>\n<tr aria-rowindex=\"7\">\n<td data-celllook=\"4369\"><strong><span data-contrast=\"auto\">Manganez (E5):<\/span><\/strong><span data-ccp-props=\"{&quot;201341983&quot;:0,&quot;335559740&quot;:240}\">\u00a0<\/span><\/td>\n<td data-celllook=\"4369\"><span data-contrast=\"auto\">2,000 mg\/kg<\/span><span data-ccp-props=\"{&quot;201341983&quot;:0,&quot;335551550&quot;:2,&quot;335551620&quot;:2,&quot;335559740&quot;:240}\">\u00a0<\/span><\/td>\n<td data-celllook=\"4369\"><strong><span data-contrast=\"auto\">Canthaxanthin (E 161 g):<\/span><\/strong><span data-ccp-props=\"{&quot;201341983&quot;:0,&quot;335559740&quot;:240}\">\u00a0<\/span><\/td>\n<td data-celllook=\"4369\"><span data-contrast=\"auto\">50,000 mg\/kg<\/span><span data-ccp-props=\"{&quot;201341983&quot;:0,&quot;335551550&quot;:2,&quot;335551620&quot;:2,&quot;335559740&quot;:240}\">\u00a0<\/span><\/td>\n<\/tr>\n<tr aria-rowindex=\"8\">\n<td data-celllook=\"4369\"><strong><span data-contrast=\"auto\">\u00c7inko (E6):<\/span><\/strong><span data-ccp-props=\"{&quot;201341983&quot;:0,&quot;335559740&quot;:240}\">\u00a0<\/span><\/td>\n<td data-celllook=\"4369\"><span data-contrast=\"auto\">1,400 mg\/kg<\/span><span data-ccp-props=\"{&quot;201341983&quot;:0,&quot;335551550&quot;:2,&quot;335551620&quot;:2,&quot;335559740&quot;:240}\">\u00a0<\/span><\/td>\n<td data-celllook=\"4369\"><strong><span data-contrast=\"auto\">Ta\u015f\u0131y\u0131c\u0131 Madde<\/span><\/strong><span data-ccp-props=\"{&quot;201341983&quot;:0,&quot;335559740&quot;:240}\">\u00a0<\/span><\/td>\n<td data-celllook=\"4369\"><span data-ccp-props=\"{&quot;201341983&quot;:0,&quot;335551550&quot;:2,&quot;335551620&quot;:2,&quot;335559740&quot;:240}\">\u00a0<\/span><\/td>\n<\/tr>\n<tr aria-rowindex=\"9\">\n<td data-celllook=\"4369\"><strong><span data-contrast=\"auto\">Selenyum (E8):<\/span><\/strong><span data-ccp-props=\"{&quot;201341983&quot;:0,&quot;335559740&quot;:240}\">\u00a0<\/span><\/td>\n<td data-celllook=\"4369\"><span data-contrast=\"auto\">0,100 mg\/kg<\/span><span data-ccp-props=\"{&quot;201341983&quot;:0,&quot;335551550&quot;:2,&quot;335551620&quot;:2,&quot;335559740&quot;:240}\">\u00a0<\/span><\/td>\n<td data-celllook=\"4369\"><strong><span data-contrast=\"auto\">Deiyonize Su<\/span><\/strong><span data-ccp-props=\"{&quot;201341983&quot;:0,&quot;335559740&quot;:240}\">\u00a0<\/span><\/td>\n<td data-celllook=\"4369\"><span data-contrast=\"auto\">% 99,948<\/span><span data-ccp-props=\"{&quot;201341983&quot;:0,&quot;335551550&quot;:2,&quot;335551620&quot;:2,&quot;335559740&quot;:240}\">\u00a0<\/span><\/td>\n<\/tr>\n<\/tbody>\n<\/table>\n<p><strong><span data-contrast=\"auto\">KULLANIM \u015eEKL\u0130 VE TAR\u0130FNAMES\u0130:<\/span><\/strong><span data-contrast=\"auto\">\u00a0Muhabbet ku\u015fu, kanarya, papa\u011fan gibi kafes ku\u015flar\u0131 ve g\u00fcvercinlerin g\u00fcnl\u00fck mineral ihtiyac\u0131n\u0131 kar\u015f\u0131lar, yavru ku\u015flar\u0131n geli\u015fimlerini olumlu y\u00f6nde etkileyerek b\u00fcy\u00fcmelerini sa\u011flar, yeti\u015fkin ku\u015flar\u0131n t\u00fcy olu\u015fumunu destekleyerek t\u00fcy d\u00f6k\u00fclme zaman\u0131n\u0131 k\u0131salt\u0131r, renklerinin canl\u0131l\u0131\u011f\u0131n\u0131 korur.\u00a0<\/span><span data-ccp-props=\"{&quot;201341983&quot;:0,&quot;335559739&quot;:160,&quot;335559740&quot;:259}\">\u00a0<\/span><\/p>\n<p><span data-contrast=\"auto\">Muhabbet ku\u015fu, kanarya, papa\u011fanlarda; 1 ku\u015fun bir g\u00fcnde t\u00fcketebilece\u011fi miktarda suyun i\u00e7ine (orta boy bir sulu\u011fun yakla\u015f\u0131k \u00bc kadar= 25 cc) haftada 1 kez 30 damla (1,5 cc) ilave edilir.\u00a0<\/span><span data-ccp-props=\"{&quot;201341983&quot;:0,&quot;335559739&quot;:160,&quot;335559740&quot;:259}\">\u00a0<\/span><\/p>\n<p><span data-contrast=\"auto\">G\u00fcvercinlerde; Bir g\u00fcvercinin 1 g\u00fcnde t\u00fcketebilece\u011fi suya (50cc) haftada bir kez 100 damla (5cc) ilave edilir.<\/span><span data-ccp-props=\"{&quot;201341983&quot;:0,&quot;335559739&quot;:160,&quot;335559740&quot;:259}\">\u00a0<\/span><\/p>","protected":false},"excerpt":{"rendered":"<p>Bile\u015fimi:\u00a0\u00a0 Besinsel Katk\u0131lar\u00a0 \u00a0 Mineraller\u00a0 \u00a0 \u0130z Elementler\u00a0 \u00a0 Magnezyum (11.2.6):\u00a0 0,010 mg\/kg\u00a0 Demir (E1):\u00a0 2,000 mg\/kg\u00a0 Kalsiyum (11.1.6):\u00a0 0,600 mg\/kg\u00a0 \u0130yot (E2):\u00a0 1,000 mg\/kg\u00a0 Sodyum (11.4.1):\u00a0 0,080 mg\/kg\u00a0 Kobalt (3b802):\u00a0 0,200 mg\/kg\u00a0 Duyusal Katk\u0131lar\u00a0 \u00a0 Bak\u0131r (E4):\u00a0 0,200 mg\/kg\u00a0 Renklendiriciler\u00a0 \u00a0 Manganez (E5):\u00a0 2,000 mg\/kg\u00a0 Canthaxanthin (E 161 g):\u00a0 50,000 mg\/kg\u00a0 \u00c7inko (E6):\u00a0 1,400 [&hellip;]<\/p>","protected":false},"featured_media":3161,"comment_status":"open","ping_status":"closed","template":"","meta":[],"pwb-brand":[185],"product_brand":[],"product_cat":[157],"product_tag":[],"class_list":{"0":"post-3160","1":"product","2":"type-product","3":"status-publish","4":"has-post-thumbnail","6":"pwb-brand-biyoteknik","7":"product_cat-vitaminler-kus-saglik-ve-bakim-urunleri","9":"first","10":"outofstock","11":"taxable","12":"shipping-taxable","13":"purchasable","14":"product-type-simple"},"brands":[{"id":185,"name":"Biyoteknik","slug":"biyoteknik"}],"_links":{"self":[{"href":"https:\/\/falvarapet.com\/en\/wp-json\/wp\/v2\/product\/3160","targetHints":{"allow":["GET"]}}],"collection":[{"href":"https:\/\/falvarapet.com\/en\/wp-json\/wp\/v2\/product"}],"about":[{"href":"https:\/\/falvarapet.com\/en\/wp-json\/wp\/v2\/types\/product"}],"replies":[{"embeddable":true,"href":"https:\/\/falvarapet.com\/en\/wp-json\/wp\/v2\/comments?post=3160"}],"wp:featuredmedia":[{"embeddable":true,"href":"https:\/\/falvarapet.com\/en\/wp-json\/wp\/v2\/media\/3161"}],"wp:attachment":[{"href":"https:\/\/falvarapet.com\/en\/wp-json\/wp\/v2\/media?parent=3160"}],"wp:term":[{"taxonomy":"pwb-brand","embeddable":true,"href":"https:\/\/falvarapet.com\/en\/wp-json\/wp\/v2\/pwb-brand?post=3160"},{"taxonomy":"product_brand","embeddable":true,"href":"https:\/\/falvarapet.com\/en\/wp-json\/wp\/v2\/product_brand?post=3160"},{"taxonomy":"product_cat","embeddable":true,"href":"https:\/\/falvarapet.com\/en\/wp-json\/wp\/v2\/product_cat?post=3160"},{"taxonomy":"product_tag","embeddable":true,"href":"https:\/\/falvarapet.com\/en\/wp-json\/wp\/v2\/product_tag?post=3160"}],"curies":[{"name":"wp","href":"https:\/\/api.w.org\/{rel}","templated":true}]}}