{"id":3159,"date":"2025-07-30T08:41:39","date_gmt":"2025-07-30T08:41:39","guid":{"rendered":"https:\/\/falvarapet.com\/?post_type=product&#038;p=3159"},"modified":"2026-04-06T00:56:15","modified_gmt":"2026-04-06T00:56:15","slug":"birevcil-kucuk-boy-dogal-kup-10-15-cm-akvaryum-dekoru","status":"publish","type":"product","link":"https:\/\/falvarapet.com\/en\/product\/birevcil-kucuk-boy-dogal-kup-10-15-cm-akvaryum-dekoru\/","title":{"rendered":"Birevcil K\u00fc\u00e7\u00fck Boy Do\u011fal K\u00fcp. 10-15 Cm Akvaryum Dekoru"},"content":{"rendered":"<p>B\u00fcy\u00fck Boy Do\u011fal Akvaryum K\u00fcp\u00fc<br \/>\nG\u00f6vde Uzunlu\u011fu : 10-15 Cm<br \/>\nEni: 5-7 Cm<br \/>\nG\u00f6vde Bi\u00e7imi : Bal\u0131klar\u0131n saklanmas\u0131 ve yavru yapmalar\u0131na uygun \u015fekilde, el i\u015f\u00e7ili\u011fiyle \u00fcretilip, pi\u015fmi\u015f kilden imal edilmi\u015ftir,<br \/>\nDo\u011fal malzemeden imal edilmi\u015ftir. Kesinlikle suya sal\u0131n\u0131m yapmaz.<\/p>","protected":false},"excerpt":{"rendered":"<p>B\u00fcy\u00fck Boy Do\u011fal Akvaryum K\u00fcp\u00fc G\u00f6vde Uzunlu\u011fu : 10-15 Cm Eni: 5-7 Cm G\u00f6vde Bi\u00e7imi : Bal\u0131klar\u0131n saklanmas\u0131 ve yavru yapmalar\u0131na uygun \u015fekilde, el i\u015f\u00e7ili\u011fiyle \u00fcretilip, pi\u015fmi\u015f kilden imal edilmi\u015ftir, Do\u011fal malzemeden imal edilmi\u015ftir. Kesinlikle suya sal\u0131n\u0131m yapmaz.<\/p>","protected":false},"featured_media":3150,"comment_status":"open","ping_status":"closed","template":"","meta":[],"pwb-brand":[175],"product_brand":[],"product_cat":[83,88],"product_tag":[],"class_list":{"0":"post-3159","1":"product","2":"type-product","3":"status-publish","4":"has-post-thumbnail","6":"pwb-brand-birevcil","7":"product_cat-yavruluk-ve-kuluckalar","8":"product_cat-yerli-dekorlar","10":"first","11":"outofstock","12":"taxable","13":"shipping-taxable","14":"purchasable","15":"product-type-simple"},"brands":[{"id":175,"name":"Birevcil","slug":"birevcil"}],"_links":{"self":[{"href":"https:\/\/falvarapet.com\/en\/wp-json\/wp\/v2\/product\/3159","targetHints":{"allow":["GET"]}}],"collection":[{"href":"https:\/\/falvarapet.com\/en\/wp-json\/wp\/v2\/product"}],"about":[{"href":"https:\/\/falvarapet.com\/en\/wp-json\/wp\/v2\/types\/product"}],"replies":[{"embeddable":true,"href":"https:\/\/falvarapet.com\/en\/wp-json\/wp\/v2\/comments?post=3159"}],"wp:featuredmedia":[{"embeddable":true,"href":"https:\/\/falvarapet.com\/en\/wp-json\/wp\/v2\/media\/3150"}],"wp:attachment":[{"href":"https:\/\/falvarapet.com\/en\/wp-json\/wp\/v2\/media?parent=3159"}],"wp:term":[{"taxonomy":"pwb-brand","embeddable":true,"href":"https:\/\/falvarapet.com\/en\/wp-json\/wp\/v2\/pwb-brand?post=3159"},{"taxonomy":"product_brand","embeddable":true,"href":"https:\/\/falvarapet.com\/en\/wp-json\/wp\/v2\/product_brand?post=3159"},{"taxonomy":"product_cat","embeddable":true,"href":"https:\/\/falvarapet.com\/en\/wp-json\/wp\/v2\/product_cat?post=3159"},{"taxonomy":"product_tag","embeddable":true,"href":"https:\/\/falvarapet.com\/en\/wp-json\/wp\/v2\/product_tag?post=3159"}],"curies":[{"name":"wp","href":"https:\/\/api.w.org\/{rel}","templated":true}]}}