{"id":3134,"date":"2025-07-29T12:24:11","date_gmt":"2025-07-29T12:24:11","guid":{"rendered":"https:\/\/falvarapet.com\/?post_type=product&#038;p=3134"},"modified":"2026-03-31T10:52:21","modified_gmt":"2026-03-31T10:52:21","slug":"1000-gram-jbl-pro-novo-pleco-xl-tablet-balik-yemi-kovadan-bolme","status":"publish","type":"product","link":"https:\/\/falvarapet.com\/en\/product\/1000-gram-jbl-pro-novo-pleco-xl-tablet-balik-yemi-kovadan-bolme\/","title":{"rendered":"1000 Gram JBL Pro Novo Pleco XL Tablet Bal\u0131k Yemi-Kovadan B\u00f6lme"},"content":{"rendered":"<ul>\n<li>Vatoz bal\u0131klar\u0131 i\u00e7in alg tanecikleri,\u00a0 a\u011fa\u00e7 lifi i\u00e7eren 12-50 cm boyundaki alg\/bitki otlayan vatozlar i\u00e7in \u00f6zel olarak \u00fcretilmi\u015ftir.<\/li>\n<li>Vah\u015fi ya\u015famda oldu\u011fu gibi bu sert taneciklerin de kemirilmesi gerekir.; Bir\u00e7ok vatozun sindirim i\u00e7in ihtiya\u00e7 duydu\u011fu % 10 oran\u0131nda a\u011fa\u00e7 lifi i\u00e7erir.;<\/li>\n<li>Cipsler suda \u015feklini korur, yani suda b\u00f6l\u00fcnmez ve suyu buland\u0131rmaz.;<\/li>\n<li>JBL Novo Plecodan 4 kat daha b\u00fcy\u00fck tanecikler.<\/li>\n<li>Alerji riskine kar\u015f\u0131 dermatolojik a\u00e7\u0131dan test edilmi\u015ftir.;<\/li>\n<li>Bitki ve yosunla beslenen t\u00fcm vantuzlu \u00e7\u00f6p\u00e7\u00fc bal\u0131klar\u0131 i\u00e7in, \u00f6rne\u011fin \u00e7o\u011fu leopar vatoz t\u00fcr\u00fc gibi, b\u00fcy\u00fck yem cipsleri.<\/li>\n<li>\u0130\u00e7erdi\u011fi bitki lifleri ile odun rendelemek zorunda olan yay\u0131n bal\u0131\u011f\u0131 t\u00fcrlerinin bu ihtiyac\u0131n\u0131 kar\u015f\u0131lar<\/li>\n<\/ul>\n<p>&nbsp;<\/p>\n<ul>\n<li>Uygulama: Akvaryumun i\u00e7inde dibe \u00e7\u00f6kmesini sa\u011flay\u0131n. Alaca karanl\u0131kta ve gece aktif t\u00fcrlerde yemlemeyi ayd\u0131nlatmay\u0131 kapatt\u0131ktan sonra yap\u0131n Do\u011fala yak\u0131n beslenme ve sa\u011fl\u0131kl\u0131 akvaryum bal\u0131klar\u0131 i\u00e7in yapay katk\u0131 maddesi i\u00e7ermeyen do\u011fal ham maddeler.<\/li>\n<li>Tropikal b\u00f6lgelere yap\u0131lan JBL ke\u015fif gezilerinde test edilmi\u015ftir<\/li>\n<li>Ispanak, somon, spirulina ve karides gibi y\u00fcksek kaliteli ham maddeler sayesinde se\u00e7ici t\u00fcrlerde bile \u00e7ok y\u00fcksek d\u00fczeyde kabul g\u00f6r\u00fcr<\/li>\n<li>Vantuzlu \u00e7\u00f6p\u00e7\u00fc bal\u0131\u011f\u0131 grubu beslenme konusunda olduk\u00e7a farkl\u0131d\u0131r: Bu t\u00fcr\u00fcn b\u00fcy\u00fck bir k\u0131sm\u0131 ot\u00e7uldur ve bitkilerle ve yosunlarla beslenirler. Yine b\u00fcy\u00fck bir k\u0131sm\u0131 da odun yer. Ancak \u00f6rne\u011fin zebra veya leopar vatoz gibi bitkilerle de\u011fil, \u00e7ok k\u00fc\u00e7\u00fck canl\u0131larla, b\u00f6ceklerle ve ayn\u0131 zamanda \u00f6l\u00fc bal\u0131klarla beslenen t\u00fcrler de vard\u0131r.<\/li>\n<li>Baz\u0131 vantuzlu \u00e7\u00f6p\u00e7\u00fc bal\u0131\u011f\u0131 t\u00fcrleri \u0131\u015f\u0131k h\u00e2l\u00e2 a\u00e7\u0131ksa ortaya \u00e7\u0131kmazlar. Yem tableti ile yemleme yapt\u0131\u011f\u0131n\u0131zda bunlar da\u011f\u0131l\u0131r ve e\u011fer di\u011fer bal\u0131klar \u201cye\u015fil yem tabletlerini\u201d seviyorlarsa, olas\u0131l\u0131kla onlar taraf\u0131ndan yenir. Bu durumda \u0131\u015f\u0131klar s\u00f6nd\u00fcr\u00fcld\u00fckten Ssonra yemleme yapman\u0131z \u00f6nerilir.<\/li>\n<\/ul>","protected":false},"excerpt":{"rendered":"<p>Vatoz bal\u0131klar\u0131 i\u00e7in alg tanecikleri,\u00a0 a\u011fa\u00e7 lifi i\u00e7eren 12-50 cm boyundaki alg\/bitki otlayan vatozlar i\u00e7in \u00f6zel olarak \u00fcretilmi\u015ftir. Vah\u015fi ya\u015famda oldu\u011fu gibi bu sert taneciklerin de kemirilmesi gerekir.; Bir\u00e7ok vatozun sindirim i\u00e7in ihtiya\u00e7 duydu\u011fu % 10 oran\u0131nda a\u011fa\u00e7 lifi i\u00e7erir.; Cipsler suda \u015feklini korur, yani suda b\u00f6l\u00fcnmez ve suyu buland\u0131rmaz.; JBL Novo Plecodan 4 kat [&hellip;]<\/p>","protected":false},"featured_media":3135,"comment_status":"open","ping_status":"closed","template":"","meta":[],"pwb-brand":[181],"product_brand":[],"product_cat":[91],"product_tag":[],"class_list":{"0":"post-3134","1":"product","2":"type-product","3":"status-publish","4":"has-post-thumbnail","6":"pwb-brand-jbl","7":"product_cat-tablet-yemler","9":"first","10":"instock","11":"taxable","12":"shipping-taxable","13":"purchasable","14":"product-type-simple"},"brands":[{"id":181,"name":"Jbl","slug":"jbl"}],"_links":{"self":[{"href":"https:\/\/falvarapet.com\/en\/wp-json\/wp\/v2\/product\/3134","targetHints":{"allow":["GET"]}}],"collection":[{"href":"https:\/\/falvarapet.com\/en\/wp-json\/wp\/v2\/product"}],"about":[{"href":"https:\/\/falvarapet.com\/en\/wp-json\/wp\/v2\/types\/product"}],"replies":[{"embeddable":true,"href":"https:\/\/falvarapet.com\/en\/wp-json\/wp\/v2\/comments?post=3134"}],"wp:featuredmedia":[{"embeddable":true,"href":"https:\/\/falvarapet.com\/en\/wp-json\/wp\/v2\/media\/3135"}],"wp:attachment":[{"href":"https:\/\/falvarapet.com\/en\/wp-json\/wp\/v2\/media?parent=3134"}],"wp:term":[{"taxonomy":"pwb-brand","embeddable":true,"href":"https:\/\/falvarapet.com\/en\/wp-json\/wp\/v2\/pwb-brand?post=3134"},{"taxonomy":"product_brand","embeddable":true,"href":"https:\/\/falvarapet.com\/en\/wp-json\/wp\/v2\/product_brand?post=3134"},{"taxonomy":"product_cat","embeddable":true,"href":"https:\/\/falvarapet.com\/en\/wp-json\/wp\/v2\/product_cat?post=3134"},{"taxonomy":"product_tag","embeddable":true,"href":"https:\/\/falvarapet.com\/en\/wp-json\/wp\/v2\/product_tag?post=3134"}],"curies":[{"name":"wp","href":"https:\/\/api.w.org\/{rel}","templated":true}]}}