{"id":3125,"date":"2025-06-28T09:41:17","date_gmt":"2025-06-28T09:41:17","guid":{"rendered":"https:\/\/falvarapet.com\/?post_type=product&#038;p=3125"},"modified":"2026-04-25T05:36:14","modified_gmt":"2026-04-25T05:36:14","slug":"biyoteknik-biyo-dermacure-eye-cleaner-goz-temizleme-solisyonu","status":"publish","type":"product","link":"https:\/\/falvarapet.com\/en\/product\/biyoteknik-biyo-dermacure-eye-cleaner-goz-temizleme-solisyonu","title":{"rendered":"Biyoteknik Biyo Dermacure Eye Cleaner G\u00f6z Temizleme Solisyonu"},"content":{"rendered":"<p><strong><span data-contrast=\"auto\">B\u0130LE\u015e\u0130M\u0130: Biyo Dermacure EYE CLEANER \u00c7\u00f6zelti;\u00a0<\/span><\/strong><span data-contrast=\"auto\">borik asit, boraks, sodyum klor\u00fcr ve koruyucu olarak benzalkonium klor\u00fcr ihtiva eden beyaz renkli viskoz \u00e7\u00f6zeltidir.<\/span><span data-ccp-props=\"{&quot;201341983&quot;:0,&quot;335559739&quot;:160,&quot;335559740&quot;:259}\">\u00a0<\/span><\/p>\n<p><strong><span data-contrast=\"auto\">KULLANIM SAHASI: Biyo Dermacure EYE CLEANER \u00c7\u00f6zelti;\u00a0<\/span><\/strong><span data-contrast=\"auto\">kedi ve k\u00f6peklerin a\u015f\u0131r\u0131 g\u00f6z ak\u0131nt\u0131s\u0131n\u0131n sebep oldu\u011fu g\u00f6z \u00e7evresindeki birikimleri temizler, kir olu\u015fumunu geciktirir ve ayn\u0131 zamanda a\u00e7\u0131k renk k\u00f6pek ve kedilerin g\u00f6z ak\u0131nt\u0131s\u0131 nedeni ile olu\u015fan lekeleri giderir.<\/span><span data-ccp-props=\"{&quot;201341983&quot;:0,&quot;335559739&quot;:160,&quot;335559740&quot;:259}\">\u00a0<\/span><\/p>\n<p><strong><span data-contrast=\"auto\">KULLANIM \u015eEKL\u0130 VE DOZU: Biyo Dermacure EYE CLEANER \u00c7\u00f6zelti<\/span><\/strong><span data-contrast=\"auto\">si ile nemlendirilmi\u015f (1 g\u00f6z i\u00e7in yakla\u015f\u0131k 2,5 ml) pamuk, koton \u00e7ubuk veya gazl\u0131 bez yard\u0131m\u0131 ile g\u00f6z \u00e7evresindeki kir ve birikimler yumu\u015fak hareketlerle her g\u00fcn temizlenir. G\u00f6z etraf\u0131ndaki veya t\u00fcyler \u00fczerindeki lekeleri gidermek i\u00e7in; Biyo Dermacure EYE CLEANER \u00c7\u00f6zeltisi ile \u0131slat\u0131lm\u0131\u015f pamuk, veya gazl\u0131 bezle her g\u00fcn silinir. Lekeler kaybolunca, tekrar leke olu\u015fmamas\u0131 i\u00e7in uygulama her g\u00fcn tekrarlanmal\u0131d\u0131r.<\/span><span data-ccp-props=\"{&quot;201341983&quot;:0,&quot;335559739&quot;:160,&quot;335559740&quot;:259}\">\u00a0<\/span><\/p>","protected":false},"excerpt":{"rendered":"<p>B\u0130LE\u015e\u0130M\u0130: Biyo Dermacure EYE CLEANER \u00c7\u00f6zelti;\u00a0borik asit, boraks, sodyum klor\u00fcr ve koruyucu olarak benzalkonium klor\u00fcr ihtiva eden beyaz renkli viskoz \u00e7\u00f6zeltidir.\u00a0 KULLANIM SAHASI: Biyo Dermacure EYE CLEANER \u00c7\u00f6zelti;\u00a0kedi ve k\u00f6peklerin a\u015f\u0131r\u0131 g\u00f6z ak\u0131nt\u0131s\u0131n\u0131n sebep oldu\u011fu g\u00f6z \u00e7evresindeki birikimleri temizler, kir olu\u015fumunu geciktirir ve ayn\u0131 zamanda a\u00e7\u0131k renk k\u00f6pek ve kedilerin g\u00f6z ak\u0131nt\u0131s\u0131 nedeni ile olu\u015fan [&hellip;]<\/p>","protected":false},"featured_media":3126,"comment_status":"open","ping_status":"closed","template":"","meta":{"om_disable_all_campaigns":false,"_monsterinsights_skip_tracking":false,"_monsterinsights_sitenote_active":false,"_monsterinsights_sitenote_note":"","_monsterinsights_sitenote_category":0},"pwb-brand":[185],"product_brand":[],"product_cat":[186,187],"product_tag":[],"class_list":{"0":"post-3125","1":"product","2":"type-product","3":"status-publish","4":"has-post-thumbnail","6":"pwb-brand-biyoteknik","7":"product_cat-kedi-bakim-urunleri","8":"product_cat-kopek-bakim-urunleri","10":"first","11":"instock","12":"taxable","13":"shipping-taxable","14":"purchasable","15":"product-type-simple"},"aioseo_notices":[],"brands":[{"id":185,"name":"Biyoteknik","slug":"biyoteknik"}],"_links":{"self":[{"href":"https:\/\/falvarapet.com\/en\/wp-json\/wp\/v2\/product\/3125","targetHints":{"allow":["GET"]}}],"collection":[{"href":"https:\/\/falvarapet.com\/en\/wp-json\/wp\/v2\/product"}],"about":[{"href":"https:\/\/falvarapet.com\/en\/wp-json\/wp\/v2\/types\/product"}],"replies":[{"embeddable":true,"href":"https:\/\/falvarapet.com\/en\/wp-json\/wp\/v2\/comments?post=3125"}],"version-history":[{"count":0,"href":"https:\/\/falvarapet.com\/en\/wp-json\/wp\/v2\/product\/3125\/revisions"}],"wp:featuredmedia":[{"embeddable":true,"href":"https:\/\/falvarapet.com\/en\/wp-json\/wp\/v2\/media\/3126"}],"wp:attachment":[{"href":"https:\/\/falvarapet.com\/en\/wp-json\/wp\/v2\/media?parent=3125"}],"wp:term":[{"taxonomy":"pwb-brand","embeddable":true,"href":"https:\/\/falvarapet.com\/en\/wp-json\/wp\/v2\/pwb-brand?post=3125"},{"taxonomy":"product_brand","embeddable":true,"href":"https:\/\/falvarapet.com\/en\/wp-json\/wp\/v2\/product_brand?post=3125"},{"taxonomy":"product_cat","embeddable":true,"href":"https:\/\/falvarapet.com\/en\/wp-json\/wp\/v2\/product_cat?post=3125"},{"taxonomy":"product_tag","embeddable":true,"href":"https:\/\/falvarapet.com\/en\/wp-json\/wp\/v2\/product_tag?post=3125"}],"curies":[{"name":"wp","href":"https:\/\/api.w.org\/{rel}","templated":true}]}}