{"id":3108,"date":"2025-06-24T15:50:16","date_gmt":"2025-06-24T15:50:16","guid":{"rendered":"https:\/\/falvarapet.com\/?post_type=product&#038;p=3108"},"modified":"2026-04-02T15:49:18","modified_gmt":"2026-04-02T15:49:18","slug":"6-adet-avisol-plus-kuslar-icin-multivitamin","status":"publish","type":"product","link":"https:\/\/falvarapet.com\/en\/product\/6-adet-avisol-plus-kuslar-icin-multivitamin\/","title":{"rendered":"6 Adet Avisol Plus Ku\u015flar \u0130\u00e7in Multivitamin"},"content":{"rendered":"<p><strong><span data-contrast=\"auto\">KULLANIM \u015eEKL\u0130 VE TAR\u0130FNAMES\u0130:<\/span><\/strong><span data-contrast=\"auto\">\u00a0AV\u0130SOL-A, g\u00fcvercin, muhabbet ku\u015fu, papa\u011fan, kanarya gibi s\u00fcs ve kafes ku\u015flar\u0131n\u0131n vitamin ihtiya\u00e7lar\u0131n\u0131 kar\u015f\u0131lar, geli\u015fimlerini olumlu y\u00f6ne etkiler. Renklerinin canl\u0131 ve parlak g\u00f6r\u00fcnmesini sa\u011flar.\u00a0 Bir ku\u015f i\u00e7in orta boy sulu\u011fa (100cc) 2,5 cc ilave edilir. Di\u015fi ve erkek ku\u015flar\u0131n \u00fcreme ve yumurtlama zamanlar\u0131nda; Bir ku\u015f i\u00e7in orta boy bir sulu\u011fa (100cc) 5 cc ilave edilir. Ku\u015flar\u0131n t\u00fcy d\u00f6k\u00fcm\u00fc zaman\u0131nda; Bir ku\u015f i\u00e7in orta boy bir sulu\u011fa (100cc) 5 cc ilave edilir. Ku\u015flar\u0131n sular\u0131 her g\u00fcn de\u011fi\u015ftirilir. Tazelenen suyun i\u00e7ine yukar\u0131daki miktarlarda Avisol Plus ilave edilir.\u00a0<\/span><span data-ccp-props=\"{&quot;201341983&quot;:0,&quot;335559739&quot;:160,&quot;335559740&quot;:259}\">\u00a0<\/span><\/p>\n<p><span data-contrast=\"auto\">UYARILAR: Vitamin D2 veya vitamin D2 i\u00e7eren premiks ve yemlerle birlikte kullan\u0131lmas\u0131 yasakt\u0131r.<\/span><span data-ccp-props=\"{&quot;201341983&quot;:0,&quot;335559739&quot;:160,&quot;335559740&quot;:259}\">\u00a0<\/span><\/p>","protected":false},"excerpt":{"rendered":"<p>KULLANIM \u015eEKL\u0130 VE TAR\u0130FNAMES\u0130:\u00a0AV\u0130SOL-A, g\u00fcvercin, muhabbet ku\u015fu, papa\u011fan, kanarya gibi s\u00fcs ve kafes ku\u015flar\u0131n\u0131n vitamin ihtiya\u00e7lar\u0131n\u0131 kar\u015f\u0131lar, geli\u015fimlerini olumlu y\u00f6ne etkiler. Renklerinin canl\u0131 ve parlak g\u00f6r\u00fcnmesini sa\u011flar.\u00a0 Bir ku\u015f i\u00e7in orta boy sulu\u011fa (100cc) 2,5 cc ilave edilir. Di\u015fi ve erkek ku\u015flar\u0131n \u00fcreme ve yumurtlama zamanlar\u0131nda; Bir ku\u015f i\u00e7in orta boy bir sulu\u011fa (100cc) 5 [&hellip;]<\/p>","protected":false},"featured_media":3107,"comment_status":"open","ping_status":"closed","template":"","meta":[],"pwb-brand":[185],"product_brand":[],"product_cat":[157],"product_tag":[],"class_list":{"0":"post-3108","1":"product","2":"type-product","3":"status-publish","4":"has-post-thumbnail","6":"pwb-brand-biyoteknik","7":"product_cat-vitaminler-kus-saglik-ve-bakim-urunleri","9":"first","10":"instock","11":"taxable","12":"shipping-taxable","13":"purchasable","14":"product-type-simple"},"brands":[{"id":185,"name":"Biyoteknik","slug":"biyoteknik"}],"_links":{"self":[{"href":"https:\/\/falvarapet.com\/en\/wp-json\/wp\/v2\/product\/3108","targetHints":{"allow":["GET"]}}],"collection":[{"href":"https:\/\/falvarapet.com\/en\/wp-json\/wp\/v2\/product"}],"about":[{"href":"https:\/\/falvarapet.com\/en\/wp-json\/wp\/v2\/types\/product"}],"replies":[{"embeddable":true,"href":"https:\/\/falvarapet.com\/en\/wp-json\/wp\/v2\/comments?post=3108"}],"wp:featuredmedia":[{"embeddable":true,"href":"https:\/\/falvarapet.com\/en\/wp-json\/wp\/v2\/media\/3107"}],"wp:attachment":[{"href":"https:\/\/falvarapet.com\/en\/wp-json\/wp\/v2\/media?parent=3108"}],"wp:term":[{"taxonomy":"pwb-brand","embeddable":true,"href":"https:\/\/falvarapet.com\/en\/wp-json\/wp\/v2\/pwb-brand?post=3108"},{"taxonomy":"product_brand","embeddable":true,"href":"https:\/\/falvarapet.com\/en\/wp-json\/wp\/v2\/product_brand?post=3108"},{"taxonomy":"product_cat","embeddable":true,"href":"https:\/\/falvarapet.com\/en\/wp-json\/wp\/v2\/product_cat?post=3108"},{"taxonomy":"product_tag","embeddable":true,"href":"https:\/\/falvarapet.com\/en\/wp-json\/wp\/v2\/product_tag?post=3108"}],"curies":[{"name":"wp","href":"https:\/\/api.w.org\/{rel}","templated":true}]}}