{"id":3102,"date":"2025-06-24T15:41:46","date_gmt":"2025-06-24T15:41:46","guid":{"rendered":"https:\/\/falvarapet.com\/?post_type=product&#038;p=3102"},"modified":"2025-11-16T16:08:13","modified_gmt":"2025-11-16T16:08:13","slug":"6-adet-avisol-b-kus-vitamini","status":"publish","type":"product","link":"https:\/\/falvarapet.com\/en\/product\/6-adet-avisol-b-kus-vitamini\/","title":{"rendered":"6 Adet Avisol B Ku\u015f Vitamini"},"content":{"rendered":"<p><strong><span data-contrast=\"auto\">KULLANIM \u015eEKL\u0130 VE TAR\u0130FNAMES\u0130:<\/span><\/strong><span data-contrast=\"auto\">\u00a0AV\u0130SOL-B, g\u00fcvercin, muhabbet ku\u015fu, papa\u011fan, kanarya gibi s\u00fcs ve kafes ku\u015flar\u0131n\u0131n vitamin ihtiya\u00e7lar\u0131n\u0131 kar\u015f\u0131lar. G\u00fcvercin ve b\u00fcy\u00fck papa\u011fan i\u00e7in; Orta boy sulu\u011fa (100cc) 5 cc ilave edilir. Di\u011fer ku\u015flar i\u00e7in; Orta boy bir sulu\u011fa (100cc) 2,5 cc ilave edilir. Ku\u015flar\u0131n sular\u0131 her g\u00fcn de\u011fi\u015ftirilir. Tazelenen suyun i\u00e7ine yukar\u0131daki miktarlarda Avisol-B ilave edilir.<\/span><span data-ccp-props=\"{&quot;201341983&quot;:0,&quot;335559739&quot;:160,&quot;335559740&quot;:259}\">\u00a0<\/span><\/p>","protected":false},"excerpt":{"rendered":"<p>KULLANIM \u015eEKL\u0130 VE TAR\u0130FNAMES\u0130:\u00a0AV\u0130SOL-B, g\u00fcvercin, muhabbet ku\u015fu, papa\u011fan, kanarya gibi s\u00fcs ve kafes ku\u015flar\u0131n\u0131n vitamin ihtiya\u00e7lar\u0131n\u0131 kar\u015f\u0131lar. G\u00fcvercin ve b\u00fcy\u00fck papa\u011fan i\u00e7in; Orta boy sulu\u011fa (100cc) 5 cc ilave edilir. Di\u011fer ku\u015flar i\u00e7in; Orta boy bir sulu\u011fa (100cc) 2,5 cc ilave edilir. Ku\u015flar\u0131n sular\u0131 her g\u00fcn de\u011fi\u015ftirilir. Tazelenen suyun i\u00e7ine yukar\u0131daki miktarlarda Avisol-B ilave edilir.\u00a0<\/p>","protected":false},"featured_media":3103,"comment_status":"open","ping_status":"closed","template":"","meta":[],"pwb-brand":[185],"product_brand":[],"product_cat":[155,157],"product_tag":[],"class_list":{"0":"post-3102","1":"product","2":"type-product","3":"status-publish","4":"has-post-thumbnail","6":"pwb-brand-biyoteknik","7":"product_cat-saglik-urunleri","8":"product_cat-vitaminler-kus-saglik-ve-bakim-urunleri","10":"first","11":"outofstock","12":"taxable","13":"shipping-taxable","14":"purchasable","15":"product-type-simple"},"brands":[{"id":185,"name":"Biyoteknik","slug":"biyoteknik"}],"_links":{"self":[{"href":"https:\/\/falvarapet.com\/en\/wp-json\/wp\/v2\/product\/3102","targetHints":{"allow":["GET"]}}],"collection":[{"href":"https:\/\/falvarapet.com\/en\/wp-json\/wp\/v2\/product"}],"about":[{"href":"https:\/\/falvarapet.com\/en\/wp-json\/wp\/v2\/types\/product"}],"replies":[{"embeddable":true,"href":"https:\/\/falvarapet.com\/en\/wp-json\/wp\/v2\/comments?post=3102"}],"wp:featuredmedia":[{"embeddable":true,"href":"https:\/\/falvarapet.com\/en\/wp-json\/wp\/v2\/media\/3103"}],"wp:attachment":[{"href":"https:\/\/falvarapet.com\/en\/wp-json\/wp\/v2\/media?parent=3102"}],"wp:term":[{"taxonomy":"pwb-brand","embeddable":true,"href":"https:\/\/falvarapet.com\/en\/wp-json\/wp\/v2\/pwb-brand?post=3102"},{"taxonomy":"product_brand","embeddable":true,"href":"https:\/\/falvarapet.com\/en\/wp-json\/wp\/v2\/product_brand?post=3102"},{"taxonomy":"product_cat","embeddable":true,"href":"https:\/\/falvarapet.com\/en\/wp-json\/wp\/v2\/product_cat?post=3102"},{"taxonomy":"product_tag","embeddable":true,"href":"https:\/\/falvarapet.com\/en\/wp-json\/wp\/v2\/product_tag?post=3102"}],"curies":[{"name":"wp","href":"https:\/\/api.w.org\/{rel}","templated":true}]}}