{"id":3080,"date":"2025-06-24T13:44:06","date_gmt":"2025-06-24T13:44:06","guid":{"rendered":"https:\/\/falvarapet.com\/?post_type=product&#038;p=3080"},"modified":"2026-03-07T23:40:13","modified_gmt":"2026-03-07T23:40:13","slug":"vitakraft-menu-premium-ginepig-yemi-1-kg","status":"publish","type":"product","link":"https:\/\/falvarapet.com\/en\/product\/vitakraft-menu-premium-ginepig-yemi-1-kg\/","title":{"rendered":"Vitakraft Men\u00fc Premium Ginepig Yemi 1 Kg"},"content":{"rendered":"<p>Guinea Pigler i\u00e7in ba\u011f\u0131\u015f\u0131kl\u0131k sistemini g\u00fc\u00e7lendiren ve sa\u011fl\u0131kl\u0131 bir geli\u015fim sa\u011flayan vitaminli kar\u0131\u015f\u0131k yemdir.<\/p>\n<p>Vitakraft Menu Vital; do\u011fal ya\u015famlar\u0131nda ihtiyac\u0131 olan \u00f6nemli besin maddelerini i\u00e7erir.<\/p>\n<p>\u0130\u00e7erdi\u011fi Yucca ekstrakt\u0131, at\u0131klar nedeniyle olu\u015fan kokular\u0131n azalmas\u0131na yard\u0131mc\u0131d\u0131r.<\/p>\n<p>\u00dcr\u00fcn\u00fcn \u0130\u00e7eri\u011fi;<br \/>\nYonca, yulaf, bu\u011fday, arpa, m\u0131s\u0131r, havu\u00e7, soya kabu\u011fu, yucca<\/p>\n<p>Kemirgeninizin b\u00fcy\u00fckl\u00fc\u011f\u00fcne g\u00f6re ayarlanmak \u015fart\u0131 ile g\u00fcnl\u00fck 1 &#8211; 1,5 yemek ka\u015f\u0131\u011f\u0131 (10 &#8211; 15 gr) ana yemek olarak verilmesi tavsiye edilmektedir.<\/p>","protected":false},"excerpt":{"rendered":"<p>Guinea Pigler i\u00e7in ba\u011f\u0131\u015f\u0131kl\u0131k sistemini g\u00fc\u00e7lendiren ve sa\u011fl\u0131kl\u0131 bir geli\u015fim sa\u011flayan vitaminli kar\u0131\u015f\u0131k yemdir. Vitakraft Menu Vital; do\u011fal ya\u015famlar\u0131nda ihtiyac\u0131 olan \u00f6nemli besin maddelerini i\u00e7erir. \u0130\u00e7erdi\u011fi Yucca ekstrakt\u0131, at\u0131klar nedeniyle olu\u015fan kokular\u0131n azalmas\u0131na yard\u0131mc\u0131d\u0131r. \u00dcr\u00fcn\u00fcn \u0130\u00e7eri\u011fi; Yonca, yulaf, bu\u011fday, arpa, m\u0131s\u0131r, havu\u00e7, soya kabu\u011fu, yucca Kemirgeninizin b\u00fcy\u00fckl\u00fc\u011f\u00fcne g\u00f6re ayarlanmak \u015fart\u0131 ile g\u00fcnl\u00fck 1 &#8211; 1,5 [&hellip;]<\/p>","protected":false},"featured_media":3081,"comment_status":"open","ping_status":"closed","template":"","meta":[],"pwb-brand":[182],"product_brand":[],"product_cat":[48],"product_tag":[],"class_list":{"0":"post-3080","1":"product","2":"type-product","3":"status-publish","4":"has-post-thumbnail","6":"pwb-brand-vitakraft","7":"product_cat-kemirgen","9":"first","10":"instock","11":"taxable","12":"shipping-taxable","13":"purchasable","14":"product-type-simple"},"brands":[{"id":182,"name":"Vitakraft","slug":"vitakraft"}],"_links":{"self":[{"href":"https:\/\/falvarapet.com\/en\/wp-json\/wp\/v2\/product\/3080","targetHints":{"allow":["GET"]}}],"collection":[{"href":"https:\/\/falvarapet.com\/en\/wp-json\/wp\/v2\/product"}],"about":[{"href":"https:\/\/falvarapet.com\/en\/wp-json\/wp\/v2\/types\/product"}],"replies":[{"embeddable":true,"href":"https:\/\/falvarapet.com\/en\/wp-json\/wp\/v2\/comments?post=3080"}],"wp:featuredmedia":[{"embeddable":true,"href":"https:\/\/falvarapet.com\/en\/wp-json\/wp\/v2\/media\/3081"}],"wp:attachment":[{"href":"https:\/\/falvarapet.com\/en\/wp-json\/wp\/v2\/media?parent=3080"}],"wp:term":[{"taxonomy":"pwb-brand","embeddable":true,"href":"https:\/\/falvarapet.com\/en\/wp-json\/wp\/v2\/pwb-brand?post=3080"},{"taxonomy":"product_brand","embeddable":true,"href":"https:\/\/falvarapet.com\/en\/wp-json\/wp\/v2\/product_brand?post=3080"},{"taxonomy":"product_cat","embeddable":true,"href":"https:\/\/falvarapet.com\/en\/wp-json\/wp\/v2\/product_cat?post=3080"},{"taxonomy":"product_tag","embeddable":true,"href":"https:\/\/falvarapet.com\/en\/wp-json\/wp\/v2\/product_tag?post=3080"}],"curies":[{"name":"wp","href":"https:\/\/api.w.org\/{rel}","templated":true}]}}