{"id":3074,"date":"2025-06-20T15:36:59","date_gmt":"2025-06-20T15:36:59","guid":{"rendered":"https:\/\/falvarapet.com\/?post_type=product&#038;p=3074"},"modified":"2026-01-11T16:56:34","modified_gmt":"2026-01-11T16:56:34","slug":"regent-8500-cift-cikisli-hava-motoru","status":"publish","type":"product","link":"https:\/\/falvarapet.com\/en\/product\/regent-8500-cift-cikisli-hava-motoru\/","title":{"rendered":"Regent 8500 \u00c7ift \u00c7\u0131k\u0131\u015fl\u0131 Hava Motoru"},"content":{"rendered":"<ul>\n<li>\u00dczerinde Hava Ayar D\u00fc\u011fmesi Yoktur<\/li>\n<li>Voltaj: 220V\/50Hz<\/li>\n<li>G\u00fc\u00e7: Y\u00fcksek \u00c7\u0131k\u0131\u015f :900-1600 litre 4 \u00a0Watt<\/li>\n<li>D\u00fc\u015f\u00fck \u00c7\u0131k\u0131\u015f : 200-500 litre 2.2 Watt<\/li>\n<li>\u00c7ift\u00a0\u00e7\u0131k\u0131\u015fl\u0131d\u0131r<\/li>\n<li>Akvaryum i\u00e7ersindeki oksijen ihtiyac\u0131n\u0131 sa\u011flar.<\/li>\n<li>\u00dcr\u00fcn Ebatlar\u0131 : 8 X 17 X 9 cm<\/li>\n<li>Kullanma Talimat\u0131:<\/li>\n<li>Akvaryumdan yukar\u0131da, kuru bir yere konulmas\u0131 gerekir.<\/li>\n<li>\u00d6zellikle yukar\u0131da olmas\u0131na dikkat edilmelidir. M\u00fcmk\u00fcn de\u011filde\u00a0check-valf kullan\u0131lmal\u0131d\u0131r.<\/li>\n<li>Aksi halde pompaya suyun geri d\u00f6n\u00fc\u015f\u00fc s\u00f6z konusu olaca\u011f\u0131nda pompa ar\u0131zalanabilir.<\/li>\n<li>Pompa uygun bir yere yerle\u015ftirildikten sonra hava \u00e7\u0131k\u0131\u015f borusunun ucuna hava motoruna uygun olarak temin edece\u011finiz hortumun tak\u0131lmas\u0131 ile pompa kullan\u0131ma haz\u0131rd\u0131r.<\/li>\n<li>Uyar\u0131lar:<\/li>\n<li>Pompa kullan\u0131lmadan \u00f6nce tak\u0131laca\u011f\u0131 priz kontrol edilmelidir.<\/li>\n<li>Prizdeki ar\u0131zalar aletin bozulmas\u0131na neden olabilir.<\/li>\n<li>Pompan\u0131n tak\u0131laca\u011f\u0131 priz ve pompan\u0131n konumu \u00f6nemlidir.<\/li>\n<li>Islanmayacak \u015fekilde yukar\u0131da ve uzak konumda olmal\u0131d\u0131r.<\/li>\n<li>Akvaryum i\u00e7erisine d\u00fc\u015f\u00fcr\u00fclmemelidir. D\u00fc\u015ft\u00fc\u011f\u00fc taktirde fi\u015fi \u00e7ekilmeden su i\u00e7erisinden \u00e7\u0131kar\u0131lmamal\u0131d\u0131r. Elektrik \u00e7arpmas\u0131na neden olabilir.<\/li>\n<li>Pompa su i\u00e7erisine d\u00fc\u015ft\u00fc\u011f\u00fc taktirde fi\u015fi \u00e7ekilerek \u00e7\u0131kar\u0131ld\u0131ktan sonra bir ka\u00e7 g\u00fcn kurumas\u0131 beklenilmelidir. Kurudu\u011fundan emin olunduktan sonra tekrar \u00e7al\u0131\u015ft\u0131r\u0131labilir.<\/li>\n<li>Pompa s\u00fcrekli \u00e7al\u0131\u015f\u0131r vaziyette kalmal\u0131d\u0131r.<\/li>\n<li>Hortumu ayr\u0131ld\u0131\u011f\u0131 ve su gelmemesine dikkat edildi\u011fi s\u00fcrece temizlik s\u0131ras\u0131nda da \u00e7al\u0131\u015fabilir. Ancak fi\u015fi \u00e7ekildikten sonra temizlik yap\u0131lmas\u0131 tavsiye edilir.<\/li>\n<li>Kesinlikle ya\u011flanmamal\u0131d\u0131r.<\/li>\n<li>Hortum kontrol\u00fc haftada bir kez mutlaka yap\u0131lmal\u0131d\u0131r.<\/li>\n<li>Bu ama\u00e7la hortumun uzundan bir miktar hava \u00fcflenip t\u0131kanma olup olmad\u0131\u011f\u0131 kontrol edilmelidir.<\/li>\n<li>T\u0131kanma s\u00f6z konusu ise \u00f6zel hortum f\u0131r\u00e7as\u0131 kullan\u0131larak t\u0131kanmalar giderilmelidir.<\/li>\n<li>Kapasitesinin \u00fczerinde \u00e7oklu da\u011f\u0131t\u0131mlarla zorlanmamal\u0131d\u0131r.<\/li>\n<\/ul>","protected":false},"excerpt":{"rendered":"<p>\u00dczerinde Hava Ayar D\u00fc\u011fmesi Yoktur Voltaj: 220V\/50Hz G\u00fc\u00e7: Y\u00fcksek \u00c7\u0131k\u0131\u015f :900-1600 litre 4 \u00a0Watt D\u00fc\u015f\u00fck \u00c7\u0131k\u0131\u015f : 200-500 litre 2.2 Watt \u00c7ift\u00a0\u00e7\u0131k\u0131\u015fl\u0131d\u0131r Akvaryum i\u00e7ersindeki oksijen ihtiyac\u0131n\u0131 sa\u011flar. \u00dcr\u00fcn Ebatlar\u0131 : 8 X 17 X 9 cm Kullanma Talimat\u0131: Akvaryumdan yukar\u0131da, kuru bir yere konulmas\u0131 gerekir. \u00d6zellikle yukar\u0131da olmas\u0131na dikkat edilmelidir. M\u00fcmk\u00fcn de\u011filde\u00a0check-valf kullan\u0131lmal\u0131d\u0131r. Aksi halde [&hellip;]<\/p>","protected":false},"featured_media":3073,"comment_status":"open","ping_status":"closed","template":"","meta":[],"pwb-brand":[184],"product_brand":[],"product_cat":[65],"product_tag":[],"class_list":{"0":"post-3074","1":"product","2":"type-product","3":"status-publish","4":"has-post-thumbnail","6":"pwb-brand-regent","7":"product_cat-hava-motorlari","9":"first","10":"instock","11":"taxable","12":"shipping-taxable","13":"purchasable","14":"product-type-simple"},"brands":[{"id":184,"name":"Regent","slug":"regent"}],"_links":{"self":[{"href":"https:\/\/falvarapet.com\/en\/wp-json\/wp\/v2\/product\/3074","targetHints":{"allow":["GET"]}}],"collection":[{"href":"https:\/\/falvarapet.com\/en\/wp-json\/wp\/v2\/product"}],"about":[{"href":"https:\/\/falvarapet.com\/en\/wp-json\/wp\/v2\/types\/product"}],"replies":[{"embeddable":true,"href":"https:\/\/falvarapet.com\/en\/wp-json\/wp\/v2\/comments?post=3074"}],"wp:featuredmedia":[{"embeddable":true,"href":"https:\/\/falvarapet.com\/en\/wp-json\/wp\/v2\/media\/3073"}],"wp:attachment":[{"href":"https:\/\/falvarapet.com\/en\/wp-json\/wp\/v2\/media?parent=3074"}],"wp:term":[{"taxonomy":"pwb-brand","embeddable":true,"href":"https:\/\/falvarapet.com\/en\/wp-json\/wp\/v2\/pwb-brand?post=3074"},{"taxonomy":"product_brand","embeddable":true,"href":"https:\/\/falvarapet.com\/en\/wp-json\/wp\/v2\/product_brand?post=3074"},{"taxonomy":"product_cat","embeddable":true,"href":"https:\/\/falvarapet.com\/en\/wp-json\/wp\/v2\/product_cat?post=3074"},{"taxonomy":"product_tag","embeddable":true,"href":"https:\/\/falvarapet.com\/en\/wp-json\/wp\/v2\/product_tag?post=3074"}],"curies":[{"name":"wp","href":"https:\/\/api.w.org\/{rel}","templated":true}]}}