{"id":3064,"date":"2025-06-20T14:15:16","date_gmt":"2025-06-20T14:15:16","guid":{"rendered":"https:\/\/falvarapet.com\/?post_type=product&#038;p=3064"},"modified":"2026-03-07T22:50:14","modified_gmt":"2026-03-07T22:50:14","slug":"nature-plan-ginepig-yemi-5x800-gram","status":"publish","type":"product","link":"https:\/\/falvarapet.com\/en\/product\/nature-plan-ginepig-yemi-5x800-gram\/","title":{"rendered":"Nature Plan Ginepig Yemi 5&#215;800 Gram"},"content":{"rendered":"<ul class=\"content-descriptions-description-content\" data-testid=\"content-descriptions-wrapper\">\n<li class=\"content-description-item-description\" data-testid=\"content-description-item-wrapper\">Nature Plan Guinea Pig Yemi, guinea Pig\u2019lerin do\u011fadaki beslenme al\u0131\u015fkanl\u0131klar\u0131 g\u00f6z<br \/>\n\u00f6n\u00fcnde tutularak fiziksel ve biyolojik ihtiya\u00e7lar\u0131n\u0131 en \u00fcst d\u00fczeyde kar\u015f\u0131layabilecek bir<br \/>\nkompozisyona sahip olan e\u015fsiz tah\u0131l ve bitki kar\u0131\u015f\u0131m\u0131, vitaminler, prebiyotikler ve<br \/>\nprobiyotiklerle desteklenen, ger\u00e7ek havu\u00e7 taneleri ve kekik ile lezzetlendirilen, C vitamini<br \/>\ntakviyeli tam yemdir.<br \/>\n\u0130\u00e7indekiler: Yonca, soya kabu\u011fu, m\u0131s\u0131r, bu\u011fday, sorgum, arpa, aspir, \u00e7ekirdek, ke\u00e7iboynuzu,<br \/>\nyulaf, ma\u015f fas\u00fclyesi, f\u0131st\u0131k, havu\u00e7, prebiyotik (saccharomyces cerevisiae (CNCM I-1077)),<br \/>\nprobiyotik (bacillus toyoi), deniz yosunu (calcareous marine algae), bitkisel ya\u011f, kekik, yucca.<br \/>\nBesleme Tavsiyesi: T\u00fcketecek evcil hayvan ba\u015f\u0131nda g\u00fcnde 35-40 gr \u00fcr\u00fcn vermeniz tavsiye<br \/>\nedilir.<\/li>\n<\/ul>","protected":false},"excerpt":{"rendered":"<p>Nature Plan Guinea Pig Yemi, guinea Pig\u2019lerin do\u011fadaki beslenme al\u0131\u015fkanl\u0131klar\u0131 g\u00f6z \u00f6n\u00fcnde tutularak fiziksel ve biyolojik ihtiya\u00e7lar\u0131n\u0131 en \u00fcst d\u00fczeyde kar\u015f\u0131layabilecek bir kompozisyona sahip olan e\u015fsiz tah\u0131l ve bitki kar\u0131\u015f\u0131m\u0131, vitaminler, prebiyotikler ve probiyotiklerle desteklenen, ger\u00e7ek havu\u00e7 taneleri ve kekik ile lezzetlendirilen, C vitamini takviyeli tam yemdir. \u0130\u00e7indekiler: Yonca, soya kabu\u011fu, m\u0131s\u0131r, bu\u011fday, sorgum, arpa, [&hellip;]<\/p>","protected":false},"featured_media":3063,"comment_status":"open","ping_status":"closed","template":"","meta":[],"pwb-brand":[183],"product_brand":[],"product_cat":[48],"product_tag":[],"class_list":{"0":"post-3064","1":"product","2":"type-product","3":"status-publish","4":"has-post-thumbnail","6":"pwb-brand-natura-plan","7":"product_cat-kemirgen","9":"first","10":"instock","11":"taxable","12":"shipping-taxable","13":"purchasable","14":"product-type-simple"},"brands":[{"id":183,"name":"Natura Plan","slug":"natura-plan"}],"_links":{"self":[{"href":"https:\/\/falvarapet.com\/en\/wp-json\/wp\/v2\/product\/3064","targetHints":{"allow":["GET"]}}],"collection":[{"href":"https:\/\/falvarapet.com\/en\/wp-json\/wp\/v2\/product"}],"about":[{"href":"https:\/\/falvarapet.com\/en\/wp-json\/wp\/v2\/types\/product"}],"replies":[{"embeddable":true,"href":"https:\/\/falvarapet.com\/en\/wp-json\/wp\/v2\/comments?post=3064"}],"wp:featuredmedia":[{"embeddable":true,"href":"https:\/\/falvarapet.com\/en\/wp-json\/wp\/v2\/media\/3063"}],"wp:attachment":[{"href":"https:\/\/falvarapet.com\/en\/wp-json\/wp\/v2\/media?parent=3064"}],"wp:term":[{"taxonomy":"pwb-brand","embeddable":true,"href":"https:\/\/falvarapet.com\/en\/wp-json\/wp\/v2\/pwb-brand?post=3064"},{"taxonomy":"product_brand","embeddable":true,"href":"https:\/\/falvarapet.com\/en\/wp-json\/wp\/v2\/product_brand?post=3064"},{"taxonomy":"product_cat","embeddable":true,"href":"https:\/\/falvarapet.com\/en\/wp-json\/wp\/v2\/product_cat?post=3064"},{"taxonomy":"product_tag","embeddable":true,"href":"https:\/\/falvarapet.com\/en\/wp-json\/wp\/v2\/product_tag?post=3064"}],"curies":[{"name":"wp","href":"https:\/\/api.w.org\/{rel}","templated":true}]}}